{"id":2118,"date":"2016-11-25T08:35:25","date_gmt":"2016-11-25T08:35:25","guid":{"rendered":"http:\/\/hermanasoblatas.org\/get-know-us\/en-el-mundo"},"modified":"2025-03-25T14:25:06","modified_gmt":"2025-03-25T12:25:06","slug":"in-the-world","status":"publish","type":"page","link":"https:\/\/hermanasoblatas.org\/en\/get-know-us\/in-the-world","title":{"rendered":"In the world"},"content":{"rendered":"<p style=\"text-align: center;\">We are present in 15 countries around the world, organized in 3 Provinces: Europa, Jos\u00e9 Mar\u00eda Benito Serra and Sant\u00edsimo Redentor. <a href=\"http:\/\/143.244.139.23\/elitewp\/2j31g4fltve\/\">how to figure out exact calculations for my small dog and durvet ivermectin equatrian paste<\/a><\/p>\n<p style=\"text-align: center;\">Click on each flag or country to know more about our history and communities.<\/p>\n","protected":false},"excerpt":{"rendered":"<p>We are present in 15 countries around the world, organized in 3 Provinces: Europa, Jos\u00e9 Mar\u00eda Benito Serra and Sant\u00edsimo Redentor. how to figure out exact calculations for my small dog and durvet ivermectin equatrian paste Click on each flag or country to know more about our history and communities.<\/p>\n","protected":false},"author":3,"featured_media":0,"parent":2105,"menu_order":0,"comment_status":"closed","ping_status":"closed","template":"page-en-el-mundo.php","meta":{"_acf_changed":false,"om_disable_all_campaigns":false,"_monsterinsights_skip_tracking":false,"_monsterinsights_sitenote_active":false,"_monsterinsights_sitenote_note":"","_monsterinsights_sitenote_category":0,"footnotes":""},"class_list":["post-2118","page","type-page","status-publish","hentry"],"acf":[],"yoast_head":"<!-- This site is optimized with the Yoast SEO plugin v26.8 - https:\/\/yoast.com\/product\/yoast-seo-wordpress\/ -->\n<title>In the world - Hermanas Oblatas<\/title>\n<meta name=\"robots\" content=\"index, follow, max-snippet:-1, max-image-preview:large, max-video-preview:-1\" \/>\n<link rel=\"canonical\" href=\"https:\/\/hermanasoblatas.org\/en\/get-know-us\/in-the-world\" \/>\n<meta property=\"og:locale\" content=\"en_US\" \/>\n<meta property=\"og:type\" content=\"article\" \/>\n<meta property=\"og:title\" content=\"In the world - Hermanas Oblatas\" \/>\n<meta property=\"og:description\" content=\"We are present in 15 countries around the world, organized in 3 Provinces: Europa, Jos\u00e9 Mar\u00eda Benito Serra and Sant\u00edsimo Redentor. how to figure out exact calculations for my small dog and durvet ivermectin equatrian paste Click on each flag or country to know more about our history and communities.\" \/>\n<meta property=\"og:url\" content=\"https:\/\/hermanasoblatas.org\/en\/get-know-us\/in-the-world\" \/>\n<meta property=\"og:site_name\" content=\"Hermanas Oblatas\" \/>\n<meta property=\"article:modified_time\" content=\"2025-03-25T12:25:06+00:00\" \/>\n<meta name=\"twitter:card\" content=\"summary_large_image\" \/>\n<meta name=\"twitter:label1\" content=\"Est. reading time\" \/>\n\t<meta name=\"twitter:data1\" content=\"1 minute\" \/>\n<script type=\"application\/ld+json\" class=\"yoast-schema-graph\">{\"@context\":\"https:\/\/schema.org\",\"@graph\":[{\"@type\":\"WebPage\",\"@id\":\"https:\/\/hermanasoblatas.org\/en\/get-know-us\/in-the-world\",\"url\":\"https:\/\/hermanasoblatas.org\/en\/get-know-us\/in-the-world\",\"name\":\"In the world - Hermanas Oblatas\",\"isPartOf\":{\"@id\":\"https:\/\/hermanasoblatas.org\/#website\"},\"datePublished\":\"2016-11-25T08:35:25+00:00\",\"dateModified\":\"2025-03-25T12:25:06+00:00\",\"breadcrumb\":{\"@id\":\"https:\/\/hermanasoblatas.org\/en\/get-know-us\/in-the-world#breadcrumb\"},\"inLanguage\":\"en-US\",\"potentialAction\":[{\"@type\":\"ReadAction\",\"target\":[\"https:\/\/hermanasoblatas.org\/en\/get-know-us\/in-the-world\"]}]},{\"@type\":\"BreadcrumbList\",\"@id\":\"https:\/\/hermanasoblatas.org\/en\/get-know-us\/in-the-world#breadcrumb\",\"itemListElement\":[{\"@type\":\"ListItem\",\"position\":1,\"name\":\"Home\",\"item\":\"https:\/\/hermanasoblatas.org\/en\"},{\"@type\":\"ListItem\",\"position\":2,\"name\":\"Get know us\",\"item\":\"https:\/\/hermanasoblatas.org\/en\/get-know-us\"},{\"@type\":\"ListItem\",\"position\":3,\"name\":\"In the world\"}]},{\"@type\":\"WebSite\",\"@id\":\"https:\/\/hermanasoblatas.org\/#website\",\"url\":\"https:\/\/hermanasoblatas.org\/\",\"name\":\"Hermanas Oblatas\",\"description\":\"Hermanas Oblatas del Sant\u00edsimo Redentor\",\"potentialAction\":[{\"@type\":\"SearchAction\",\"target\":{\"@type\":\"EntryPoint\",\"urlTemplate\":\"https:\/\/hermanasoblatas.org\/?s={search_term_string}\"},\"query-input\":{\"@type\":\"PropertyValueSpecification\",\"valueRequired\":true,\"valueName\":\"search_term_string\"}}],\"inLanguage\":\"en-US\"}]}<\/script>\n<!-- \/ Yoast SEO plugin. -->","yoast_head_json":{"title":"In the world - Hermanas Oblatas","robots":{"index":"index","follow":"follow","max-snippet":"max-snippet:-1","max-image-preview":"max-image-preview:large","max-video-preview":"max-video-preview:-1"},"canonical":"https:\/\/hermanasoblatas.org\/en\/get-know-us\/in-the-world","og_locale":"en_US","og_type":"article","og_title":"In the world - Hermanas Oblatas","og_description":"We are present in 15 countries around the world, organized in 3 Provinces: Europa, Jos\u00e9 Mar\u00eda Benito Serra and Sant\u00edsimo Redentor. how to figure out exact calculations for my small dog and durvet ivermectin equatrian paste Click on each flag or country to know more about our history and communities.","og_url":"https:\/\/hermanasoblatas.org\/en\/get-know-us\/in-the-world","og_site_name":"Hermanas Oblatas","article_modified_time":"2025-03-25T12:25:06+00:00","twitter_card":"summary_large_image","twitter_misc":{"Est. reading time":"1 minute"},"schema":{"@context":"https:\/\/schema.org","@graph":[{"@type":"WebPage","@id":"https:\/\/hermanasoblatas.org\/en\/get-know-us\/in-the-world","url":"https:\/\/hermanasoblatas.org\/en\/get-know-us\/in-the-world","name":"In the world - Hermanas Oblatas","isPartOf":{"@id":"https:\/\/hermanasoblatas.org\/#website"},"datePublished":"2016-11-25T08:35:25+00:00","dateModified":"2025-03-25T12:25:06+00:00","breadcrumb":{"@id":"https:\/\/hermanasoblatas.org\/en\/get-know-us\/in-the-world#breadcrumb"},"inLanguage":"en-US","potentialAction":[{"@type":"ReadAction","target":["https:\/\/hermanasoblatas.org\/en\/get-know-us\/in-the-world"]}]},{"@type":"BreadcrumbList","@id":"https:\/\/hermanasoblatas.org\/en\/get-know-us\/in-the-world#breadcrumb","itemListElement":[{"@type":"ListItem","position":1,"name":"Home","item":"https:\/\/hermanasoblatas.org\/en"},{"@type":"ListItem","position":2,"name":"Get know us","item":"https:\/\/hermanasoblatas.org\/en\/get-know-us"},{"@type":"ListItem","position":3,"name":"In the world"}]},{"@type":"WebSite","@id":"https:\/\/hermanasoblatas.org\/#website","url":"https:\/\/hermanasoblatas.org\/","name":"Hermanas Oblatas","description":"Hermanas Oblatas del Sant\u00edsimo Redentor","potentialAction":[{"@type":"SearchAction","target":{"@type":"EntryPoint","urlTemplate":"https:\/\/hermanasoblatas.org\/?s={search_term_string}"},"query-input":{"@type":"PropertyValueSpecification","valueRequired":true,"valueName":"search_term_string"}}],"inLanguage":"en-US"}]}},"_links":{"self":[{"href":"https:\/\/hermanasoblatas.org\/en\/wp-json\/wp\/v2\/pages\/2118","targetHints":{"allow":["GET"]}}],"collection":[{"href":"https:\/\/hermanasoblatas.org\/en\/wp-json\/wp\/v2\/pages"}],"about":[{"href":"https:\/\/hermanasoblatas.org\/en\/wp-json\/wp\/v2\/types\/page"}],"author":[{"embeddable":true,"href":"https:\/\/hermanasoblatas.org\/en\/wp-json\/wp\/v2\/users\/3"}],"replies":[{"embeddable":true,"href":"https:\/\/hermanasoblatas.org\/en\/wp-json\/wp\/v2\/comments?post=2118"}],"version-history":[{"count":7,"href":"https:\/\/hermanasoblatas.org\/en\/wp-json\/wp\/v2\/pages\/2118\/revisions"}],"predecessor-version":[{"id":20504,"href":"https:\/\/hermanasoblatas.org\/en\/wp-json\/wp\/v2\/pages\/2118\/revisions\/20504"}],"up":[{"embeddable":true,"href":"https:\/\/hermanasoblatas.org\/en\/wp-json\/wp\/v2\/pages\/2105"}],"wp:attachment":[{"href":"https:\/\/hermanasoblatas.org\/en\/wp-json\/wp\/v2\/media?parent=2118"}],"curies":[{"name":"wp","href":"https:\/\/api.w.org\/{rel}","templated":true}]}}