{"id":2460,"date":"2016-11-25T12:57:20","date_gmt":"2016-11-25T12:57:20","guid":{"rendered":"http:\/\/hermanasoblatas.org\/politica-de-privacidad"},"modified":"2018-06-04T13:22:40","modified_gmt":"2018-06-04T11:22:40","slug":"privacy-policy","status":"publish","type":"page","link":"https:\/\/hermanasoblatas.org\/en\/privacy-policy","title":{"rendered":"Privacy Policy"},"content":{"rendered":"<p style=\"text-align: justify;\">La\u00a0<strong>Pol\u00edtica de Privacidad<\/strong>\u00a0forma parte de las\u00a0<strong>Condiciones Generales<\/strong>\u00a0que rigen la presente web.<\/p>\n<p style=\"text-align: justify;\">Ultima actualizaci\u00f3n MAYO 2018.<\/p>\n<p style=\"text-align: justify;\"><span style=\"color: #800080;\"><strong>\u00bfQui\u00e9n es el responsable del tratamiento de tus datos?<\/strong><\/span><\/p>\n<p style=\"text-align: justify;\">HHSS OBLATAS DEL SANT\u00cdSIMO REDENTOR<\/p>\n<p style=\"text-align: justify;\">Domicilio: CALLE CARTAGENA, 116<\/p>\n<p style=\"text-align: justify;\">C.P. 28002<\/p>\n<p style=\"text-align: justify;\">MADRID<\/p>\n<p style=\"text-align: justify;\">CIF: R2800247<\/p>\n<p style=\"text-align: justify;\">Tfno: 914151643<\/p>\n<p style=\"text-align: justify;\">Mail:<\/p>\n<p style=\"text-align: justify;\">Puedes dirigirte de cualquier forma para comunicarte con nosotros. Nos reservamos el derecho a modificar o adaptar la presente Pol\u00edtica de Privacidad en cualquier momento.<\/p>\n<p style=\"text-align: justify;\">Puedes consultar la informaci\u00f3n sobre tu colectivo a continuaci\u00f3n:<\/p>\n<ul style=\"text-align: justify;\">\n<li><strong style=\"color: #800080;\">CONTACTOS DE LA WEB O DEL CORREO ELECTR\u00d3NICO<\/strong><\/li>\n<\/ul>\n<p style=\"text-align: justify;\"><strong>\u00bfQu\u00e9 datos recopilamos a trav\u00e9s de la Web?<\/strong><\/p>\n<p style=\"text-align: justify;\">Podemos tratar tu IP, qu\u00e9 sistema operativo o navegador usas, e incluso la duraci\u00f3n de tu visita, de forma an\u00f3nima.<\/p>\n<p style=\"text-align: justify;\">Si nos facilitas datos en el formulario de contacto, te identificar\u00e1s para poder contactar contigo, en caso de que sea necesario.<\/p>\n<ul>\n<li style=\"text-align: justify;\">Contestar a tus consultas, solicitudes o peticiones.<\/li>\n<li style=\"text-align: justify;\">Gestionar el servicio solicitado, contestar tu solicitud, o tramitar tu petici\u00f3n.<\/li>\n<li style=\"text-align: justify;\">Informaci\u00f3n por medios electr\u00f3nicos, que versen sobre tu solicitud.<\/li>\n<li style=\"text-align: justify;\">Informaci\u00f3n comercial o de eventos por medios electr\u00f3nicos, siempre que exista autorizaci\u00f3n expresa.<\/li>\n<li style=\"text-align: justify;\">Realizar an\u00e1lisis y mejoras en la Web, sobre nuestros productos y servicios. Mejorar nuestra estrategia comercial.<\/li>\n<li style=\"text-align: justify;\"><strong>Tratamos el contenido, las comunicaciones y otros datos que proporcionas cuando usas nuestros servicios para gestionar los mismos. Por ejemplo, cuando te registras para crear una cuenta, creas o compartes contenido, y publicas tus peticiones en el rinc\u00f3n de la madre Antonia. Esto puede incluir informaci\u00f3n en el contenido, o sobre \u00e9l, que proporcionas. Puedes utilizar estos servicios bajo un seud\u00f3nimo si prefieres no utilizar tu nombre ya que nuestra p\u00e1gina web es de uso p\u00fablico.<\/strong><\/li>\n<\/ul>\n<p><strong>\u00a0<\/strong><\/p>\n<p style=\"text-align: justify;\">La aceptaci\u00f3n y consentimiento del interesado: En aquellos casos donde para realizar una solicitud sea necesario cumplimentar un formulario y hacer un &#8220;click&#8221; en el bot\u00f3n de enviar, la realizaci\u00f3n del mismo implicar\u00e1 necesariamente que ha sido informado y ha otorgado expresamente su consentimiento al contenido de la cl\u00e1usula anexada a dicho formulario o aceptaci\u00f3n de la pol\u00edtica de privacidad.<\/p>\n<p style=\"text-align: justify;\">Todos nuestros formularios cuentan con el s\u00edmbolo * en los datos obligatorios. Si no facilitas esos campos, o no marcas la casilla de aceptaci\u00f3n de la pol\u00edtica de privacidad, no se permitir\u00e1 el env\u00edo de la informaci\u00f3n. Normalmente tiene la siguiente f\u00f3rmula: \u201c\u25a1 He le\u00eddo y acepto la Pol\u00edtica de privacidad.\u201d<\/p>\n<ul>\n<li style=\"text-align: justify;\"><span style=\"color: #800080;\"><strong>PROVEEDORES<\/strong><\/span><\/li>\n<\/ul>\n<p style=\"text-align: justify;\"><strong>\u00bfQu\u00e9 datos utilizamos como proveedor?<\/strong><\/p>\n<ul style=\"text-align: justify;\">\n<li>Informaci\u00f3n por medios electr\u00f3nicos, que versen sobre tu solicitud.<\/li>\n<li>Informaci\u00f3n comercial o de eventos por medios electr\u00f3nicos, siempre que exista autorizaci\u00f3n expresa.<\/li>\n<li>Gestionar los servicios administrativos, de comunicaciones y de log\u00edstica realizados por el responsable.<\/li>\n<li>Facturaci\u00f3n.<\/li>\n<li>Realizar las transacciones que correspondan.<\/li>\n<li>Facturaci\u00f3n y declaraci\u00f3n de los impuestos oportunos.<\/li>\n<li>Gestiones de control y recobro.<\/li>\n<\/ul>\n<p style=\"text-align: justify;\">La base legal es la aceptaci\u00f3n de una relaci\u00f3n contractual, o en su defecto tu consentimiento al contactar con nosotros u ofrecernos tus productos por alguna v\u00eda.<\/p>\n<ul style=\"text-align: justify;\">\n<li><span style=\"color: #800080;\"><strong>CONTACTOS REDES SOCIALES<\/strong><\/span><\/li>\n<\/ul>\n<p style=\"text-align: justify;\"><strong>\u00bfQu\u00e9 datos utilizamos de las redes sociales?<\/strong><\/p>\n<ul style=\"text-align: justify;\">\n<li>Contestar a tus consultas, solicitudes o peticiones.<\/li>\n<li>Gestionar el servicio solicitado, contestar tu solicitud, o tramitar tu petici\u00f3n.<\/li>\n<li>Relacionarnos contigo y crear una comunidad de seguidores.<\/li>\n<\/ul>\n<p style=\"text-align: justify;\">La aceptaci\u00f3n de una relaci\u00f3n contractual en el entorno de la red social que corresponda, y conforme a sus pol\u00edticas de Privacidad:<\/p>\n<p style=\"text-align: justify;\"><strong>\u00bfDurante cu\u00e1nto tiempo vamos a mantener los datos personales?<\/strong><\/p>\n<p style=\"text-align: justify;\">S\u00f3lo podemos consultar o dar de baja tus datos de forma restringida al tener un perfil espec\u00edfico. Los trataremos tanto tiempo como t\u00fa nos dejes sigui\u00e9ndonos, siendo amigos o d\u00e1ndole a \u201cme gusta\u201d, \u201cseguir\u201d o botones similares.<\/p>\n<p style=\"text-align: justify;\">Cualquier rectificaci\u00f3n de tus datos o restricci\u00f3n de informaci\u00f3n o de publicaciones debes realizarla a trav\u00e9s de la configuraci\u00f3n de tu perfil o usuario en la propia red social.<\/p>\n<p style=\"text-align: justify;\"><strong>\u00bfIncluimos datos personales de terceras personas?<\/strong><\/p>\n<p style=\"text-align: justify;\">\u00a0\u00a0\u00a0\u00a0\u00a0\u00a0\u00a0\u00a0\u00a0\u00a0\u00a0 No, como norma general s\u00f3lo tratamos los datos que nos facilitan los titulares. Si nos aportas datos de terceros, deber\u00e1s con car\u00e1cter previo, informar y solicitar su consentimiento a dichas personas, o de lo contrario nos eximes de cualquier responsabilidad por el incumplimiento de este requisito.<\/p>\n<p style=\"text-align: justify;\"><strong>\u00bfY datos de menores?<\/strong><\/p>\n<p style=\"text-align: justify;\">\u00a0\u00a0\u00a0\u00a0\u00a0\u00a0\u00a0\u00a0\u00a0\u00a0\u00a0 No tratamos datos de menores de 14 a\u00f1os. Por tanto, abstente de facilitarlos si no tienes esa edad o, en su caso, de facilitar datos de terceros que no tengan la citada edad. Alcarria residencias asistenciales, S.L. se exime de cualquier responsabilidad por el incumplimiento de esta previsi\u00f3n.<\/p>\n<p style=\"text-align: justify;\"><strong>\u00bfRealizaremos comunicaciones por medios electr\u00f3nicos?<\/strong><\/p>\n<ul style=\"text-align: justify;\">\n<li>Solo se realizar\u00e1n para gestionar tu solicitud, si es uno de los medios de contacto que nos ha facilitado.<\/li>\n<li>Si realizamos comunicaciones comerciales habr\u00e1n sido previa y expresamente autorizadas por ti.<\/li>\n<\/ul>\n<p style=\"text-align: justify;\"><strong>\u00bfQu\u00e9 medidas de seguridad aplicamos?<\/strong><\/p>\n<p style=\"text-align: justify;\">\u00a0\u00a0\u00a0\u00a0\u00a0\u00a0\u00a0\u00a0\u00a0\u00a0\u00a0 Puedes estar tranquilo: Hemos adoptado un nivel \u00f3ptimo de protecci\u00f3n de los Datos Personales que manejamos, y hemos instalado todos los medios y medidas t\u00e9cnicas a nuestra disposici\u00f3n seg\u00fan el estado de la tecnolog\u00eda para evitar la p\u00e9rdida, mal uso, alteraci\u00f3n, acceso no autorizado y robo de los Datos Personales.<\/p>\n<p style=\"text-align: justify;\"><strong>\u00bfA qu\u00e9 destinatarios se comunicar\u00e1n tus datos?<\/strong><\/p>\n<p style=\"text-align: justify;\">\u00a0\u00a0\u00a0\u00a0\u00a0\u00a0\u00a0\u00a0\u00a0\u00a0\u00a0 Tus datos no se ceder\u00e1n a terceros, salvo en los supuestos necesarios para el estricto y exclusivo cumplimiento o satisfacci\u00f3n de las finalidades de los servicios solicitados, as\u00ed como en los legalmente previstos. En concreto se comunicar\u00e1n a la Agencia Estatal de la Administraci\u00f3n Tributaria y a bancos y entidades financieras para el cobro del servicio prestado o producto adquirido, como a los encargados del tratamiento necesarios para la ejecuci\u00f3n del acuerdo.<\/p>\n<p style=\"text-align: justify;\">\u00a0\u00a0\u00a0\u00a0\u00a0\u00a0\u00a0\u00a0\u00a0\u00a0\u00a0 En caso de compra o pago, si eliges alguna aplicaci\u00f3n, web, plataforma, tarjeta bancaria, o alg\u00fan otro servicio online, tus datos se ceder\u00e1n a esa plataforma o se tratar\u00e1n en su entorno, siempre con la m\u00e1xima seguridad.<\/p>\n<p style=\"text-align: justify;\">\u00a0\u00a0\u00a0\u00a0\u00a0\u00a0\u00a0\u00a0\u00a0\u00a0\u00a0 Cuando se lo ordenemos, tendr\u00e1n acceso a nuestra web la empresa de desarrollo y mantenimiento web, o la de hosting. Las mismas tendr\u00e1n firmado un contrato de prestaci\u00f3n de servicios que les obliga a mantener el mismo nivel de privacidad que nosotros.<\/p>\n<p style=\"text-align: justify;\">\u00a0\u00a0\u00a0\u00a0\u00a0\u00a0\u00a0\u00a0\u00a0\u00a0\u00a0 Cualquier transferencia internacional de datos al usar aplicaciones americanas, estar\u00e1 adherida al convenio Privacy Shield, que garantiza que las empresas de software americano cumplen las pol\u00edticas de protecci\u00f3n de datos europeas en materia de privacidad.<\/p>\n<p style=\"text-align: justify;\"><strong>\u00bfQu\u00e9 Derechos tienes?<\/strong><\/p>\n<ul style=\"text-align: justify;\">\n<li>A saber si estamos tratando tus datos o no.<\/li>\n<li>A acceder a tus datos personales.<\/li>\n<li>A solicitar la rectificaci\u00f3n de tus datos si son inexactos.<\/li>\n<li>A solicitar la supresi\u00f3n de tus datos si ya no son necesarios para los fines para los que fueron recogidos o si nos retiras el consentimiento otorgado.<\/li>\n<li>A solicitar la limitaci\u00f3n del tratamiento de tus datos, en algunos supuestos, en cuyo caso s\u00f3lo los conservaremos de acuerdo con la normativa vigente.<\/li>\n<li>A portar tus datos, que te ser\u00e1n facilitados en un formato estructurado, de uso com\u00fan o lectura mec\u00e1nica. Si lo prefieres, se los podemos enviar al nuevo responsable que nos designes. S\u00f3lo es v\u00e1lido en determinados supuestos.<\/li>\n<li>A presentar una reclamaci\u00f3n ante la Agencia Espa\u00f1ola de Protecci\u00f3n de Datos o autoridad de control competente, si crees que no te hemos atendido correctamente.<\/li>\n<li>A revocar el consentimiento para cualquier tratamiento para el que hayas consentido, en cualquier momento.<\/li>\n<\/ul>\n<p style=\"text-align: justify;\">Si modificas alg\u00fan dato, te agradecemos que nos lo comuniques para mantenerlos actualizados.<\/p>\n<p style=\"text-align: justify;\"><strong>\u00bfQuieres un formulario para el ejercicio de Derechos?\u00a0\u00a0\u00a0<\/strong><\/p>\n<ul style=\"text-align: justify;\">\n<li>Tenemos formularios para el ejercicio de tus derechos, p\u00eddenoslos por email o si lo prefieres, puedes usar los elaborados por la Agencia Espa\u00f1ola de Protecci\u00f3n de Datos o terceros.<\/li>\n<li>Estos formularios deben ir firmados electr\u00f3nicamente o ser acompa\u00f1ados de fotocopia del DNI.<\/li>\n<li>Si te representa alguien, debes adjuntarnos copia de su DNI, o que lo firme con su firma electr\u00f3nica.<\/li>\n<li>Los formularios pueden ser presentados presencialmente, enviados por carta o por mail en la direcci\u00f3n del Responsable al inicio de este texto.<\/li>\n<\/ul>\n<p style=\"text-align: justify;\"><strong>\u00bfCu\u00e1nto tardamos en contestarte al Ejercicio de Derechos?<\/strong><\/p>\n<p style=\"text-align: justify;\">\u00a0\u00a0\u00a0\u00a0\u00a0\u00a0\u00a0\u00a0\u00a0\u00a0\u00a0 Depende del derecho, pero como m\u00e1ximo en un mes desde tu solicitud, y dos meses si el tema es muy complejo y te notificamos que necesitamos m\u00e1s tiempo.<\/p>\n<p style=\"text-align: justify;\"><strong>\u00bfTratamos cookies?<\/strong><\/p>\n<p style=\"text-align: justify;\">\u00a0\u00a0\u00a0\u00a0\u00a0\u00a0\u00a0\u00a0\u00a0\u00a0\u00a0 Si usamos otro tipo de cookies que no sean las necesarias, podr\u00e1s consultar la\u00a0<span style=\"color: #800080;\"><a style=\"color: #800080;\" href=\"https:\/\/hermanasoblatas.org\/politica-de-cookies\">Pol\u00edtica de Cookies<\/a><\/span>\u00a0en el enlace correspondiente desde el inicio de nuestra web.<\/p>\n<p style=\"text-align: justify;\"><strong>\u00a0<\/strong><\/p>\n<p style=\"text-align: justify;\"><strong>\u00bfDurante cu\u00e1nto tiempo vamos a mantener tus datos personales?<\/strong><\/p>\n<ul>\n<li style=\"text-align: justify;\">Los datos personales ser\u00e1n mantenidos mientras sigas vinculado con nosotros.<\/li>\n<li style=\"text-align: justify;\">Una vez te desvincules, los datos personales tratados en cada finalidad se mantendr\u00e1n durante los plazos legalmente previstos, incluido el plazo en el que un juez o tribunal los pueda requerir atendiendo al plazo de prescripci\u00f3n de acciones judiciales.<\/li>\n<li style=\"text-align: justify;\">Los datos tratados se mantendr\u00e1n en tanto no expiren los plazos legales aludidos anteriormente, si hubiera obligaci\u00f3n legal de mantenimiento, o de no existir ese plazo legal, hasta que el interesado solicite su supresi\u00f3n o revoque el consentimiento otorgado.<\/li>\n<li style=\"text-align: justify;\">Mantendremos toda la informaci\u00f3n y comunicaciones relativas a tu compra o a la prestaci\u00f3n de nuestro servicio, mientras duren las garant\u00edas de los productos o servicios, para atender posibles reclamaciones.<\/li>\n<li style=\"text-align: justify;\">En cada tratamiento o tipolog\u00eda de datos, te facilitamos un periodo espec\u00edfico, que puedes consultar en la siguiente tabla:<\/li>\n<\/ul>\n<table width=\"642\">\n<tbody>\n<tr>\n<td width=\"124\"><strong>Fichero<\/strong><\/p>\n<hr \/>\n<\/td>\n<td width=\"339\"><strong>Documento<\/strong><\/p>\n<hr \/>\n<\/td>\n<td width=\"180\"><strong>Conservaci\u00f3n<\/strong><\/p>\n<hr \/>\n<\/td>\n<\/tr>\n<tr>\n<td rowspan=\"4\" width=\"124\"><strong>Recursos Humanos<\/strong><\/p>\n<hr \/>\n<\/td>\n<td width=\"339\">N\u00f3minas, TC1, TC2, etc.<\/td>\n<td width=\"180\">10 a\u00f1os<\/td>\n<\/tr>\n<tr>\n<td width=\"339\">Curr\u00edculos<\/td>\n<td width=\"180\">Hasta el fin del proceso de selecci\u00f3n, y 1 a\u00f1o m\u00e1s con tu consentimiento<\/td>\n<\/tr>\n<tr>\n<td width=\"339\">Docs. de indemnizaciones por despido.<\/p>\n<p>Contratos.<\/p>\n<p>Datos de trabajadores temporales.<\/td>\n<td width=\"180\">4 a\u00f1os<\/td>\n<\/tr>\n<tr>\n<td width=\"339\">Expediente del trabajador.<\/p>\n<hr \/>\n<\/td>\n<td width=\"180\">Hasta 5 a\u00f1os tras la baja.<\/p>\n<hr \/>\n<\/td>\n<\/tr>\n<tr>\n<td width=\"124\"><strong>M\u00e1rketing<\/strong><\/p>\n<hr \/>\n<\/td>\n<td width=\"339\">Bases de datos o visitantes de la web.<\/p>\n<hr \/>\n<\/td>\n<td width=\"180\">Mientras dure el tratamiento.<\/p>\n<hr \/>\n<\/td>\n<\/tr>\n<tr>\n<td rowspan=\"2\" width=\"124\"><strong>Proveedores<\/strong><\/p>\n<hr \/>\n<\/td>\n<td width=\"339\">Facturas<\/td>\n<td width=\"180\">10 a\u00f1os<\/td>\n<\/tr>\n<tr>\n<td width=\"339\">Contratos<\/p>\n<hr \/>\n<\/td>\n<td width=\"180\">5 a\u00f1os<\/p>\n<hr \/>\n<\/td>\n<\/tr>\n<tr>\n<td width=\"124\"><strong>Compras<\/strong><\/p>\n<hr \/>\n<\/td>\n<td width=\"339\">Registro todas las entregadas de bienes o prestaci\u00f3n de servicios, adquisiciones intracomunitarias, importaciones y exportaciones a efectos de IVA.<\/p>\n<hr \/>\n<p>&nbsp;<\/td>\n<td width=\"180\">5 a\u00f1os<\/p>\n<hr \/>\n<\/td>\n<\/tr>\n<tr>\n<td rowspan=\"2\" width=\"124\"><strong>LOPD<\/strong><\/td>\n<td width=\"339\">Tratamiento de datos personales, si es diferente del tratamiento notificado a la AEPD<\/td>\n<td width=\"180\">3 a\u00f1os<\/td>\n<\/tr>\n<tr>\n<td width=\"339\">Datos personales de empleados almacenados en las redes, ordenadores y equipos de comunicaciones utilizados por estos, controles de acceso y sistemas de gesti\u00f3n\/administraci\u00f3n internos<\/td>\n<td width=\"180\">5 a\u00f1os<\/td>\n<\/tr>\n<\/tbody>\n<\/table>\n","protected":false},"excerpt":{"rendered":"<p>La\u00a0Pol\u00edtica de Privacidad\u00a0forma parte de las\u00a0Condiciones Generales\u00a0que rigen la presente web. Ultima actualizaci\u00f3n MAYO 2018. \u00bfQui\u00e9n es el responsable del tratamiento de tus datos? HHSS OBLATAS DEL SANT\u00cdSIMO REDENTOR Domicilio: CALLE CARTAGENA, 116 C.P. 28002 MADRID CIF: R2800247 Tfno: 914151643 Mail: Puedes dirigirte de cualquier forma para comunicarte con nosotros. Nos reservamos el derecho a &hellip; <a href=\"https:\/\/hermanasoblatas.org\/en\/privacy-policy\" class=\"more-link\">Continue reading<span class=\"screen-reader-text\"> &#8220;Privacy Policy&#8221;<\/span><\/a><\/p>\n","protected":false},"author":3,"featured_media":0,"parent":0,"menu_order":0,"comment_status":"closed","ping_status":"closed","template":"page-texto.php","meta":{"_acf_changed":false,"om_disable_all_campaigns":false,"_monsterinsights_skip_tracking":false,"_monsterinsights_sitenote_active":false,"_monsterinsights_sitenote_note":"","_monsterinsights_sitenote_category":0,"footnotes":""},"class_list":["post-2460","page","type-page","status-publish","hentry"],"acf":[],"yoast_head":"<!-- This site is optimized with the Yoast SEO plugin v26.8 - https:\/\/yoast.com\/product\/yoast-seo-wordpress\/ -->\n<title>Privacy Policy - Hermanas Oblatas<\/title>\n<meta name=\"robots\" content=\"index, follow, max-snippet:-1, max-image-preview:large, max-video-preview:-1\" \/>\n<link rel=\"canonical\" href=\"https:\/\/hermanasoblatas.org\/en\/privacy-policy\" \/>\n<meta property=\"og:locale\" content=\"en_US\" \/>\n<meta property=\"og:type\" content=\"article\" \/>\n<meta property=\"og:title\" content=\"Privacy Policy - Hermanas Oblatas\" \/>\n<meta property=\"og:description\" content=\"La\u00a0Pol\u00edtica de Privacidad\u00a0forma parte de las\u00a0Condiciones Generales\u00a0que rigen la presente web. Ultima actualizaci\u00f3n MAYO 2018. \u00bfQui\u00e9n es el responsable del tratamiento de tus datos? HHSS OBLATAS DEL SANT\u00cdSIMO REDENTOR Domicilio: CALLE CARTAGENA, 116 C.P. 28002 MADRID CIF: R2800247 Tfno: 914151643 Mail: Puedes dirigirte de cualquier forma para comunicarte con nosotros. Nos reservamos el derecho a &hellip; Continue reading &quot;Privacy Policy&quot;\" \/>\n<meta property=\"og:url\" content=\"https:\/\/hermanasoblatas.org\/en\/privacy-policy\" \/>\n<meta property=\"og:site_name\" content=\"Hermanas Oblatas\" \/>\n<meta property=\"article:modified_time\" content=\"2018-06-04T11:22:40+00:00\" \/>\n<meta name=\"twitter:card\" content=\"summary_large_image\" \/>\n<meta name=\"twitter:label1\" content=\"Est. reading time\" \/>\n\t<meta name=\"twitter:data1\" content=\"9 minutes\" \/>\n<script type=\"application\/ld+json\" class=\"yoast-schema-graph\">{\"@context\":\"https:\/\/schema.org\",\"@graph\":[{\"@type\":\"WebPage\",\"@id\":\"https:\/\/hermanasoblatas.org\/en\/privacy-policy\",\"url\":\"https:\/\/hermanasoblatas.org\/en\/privacy-policy\",\"name\":\"Privacy Policy - Hermanas Oblatas\",\"isPartOf\":{\"@id\":\"https:\/\/hermanasoblatas.org\/#website\"},\"datePublished\":\"2016-11-25T12:57:20+00:00\",\"dateModified\":\"2018-06-04T11:22:40+00:00\",\"breadcrumb\":{\"@id\":\"https:\/\/hermanasoblatas.org\/en\/privacy-policy#breadcrumb\"},\"inLanguage\":\"en-US\",\"potentialAction\":[{\"@type\":\"ReadAction\",\"target\":[\"https:\/\/hermanasoblatas.org\/en\/privacy-policy\"]}]},{\"@type\":\"BreadcrumbList\",\"@id\":\"https:\/\/hermanasoblatas.org\/en\/privacy-policy#breadcrumb\",\"itemListElement\":[{\"@type\":\"ListItem\",\"position\":1,\"name\":\"Home\",\"item\":\"https:\/\/hermanasoblatas.org\/en\"},{\"@type\":\"ListItem\",\"position\":2,\"name\":\"Privacy Policy\"}]},{\"@type\":\"WebSite\",\"@id\":\"https:\/\/hermanasoblatas.org\/#website\",\"url\":\"https:\/\/hermanasoblatas.org\/\",\"name\":\"Hermanas Oblatas\",\"description\":\"Hermanas Oblatas del Sant\u00edsimo Redentor\",\"potentialAction\":[{\"@type\":\"SearchAction\",\"target\":{\"@type\":\"EntryPoint\",\"urlTemplate\":\"https:\/\/hermanasoblatas.org\/?s={search_term_string}\"},\"query-input\":{\"@type\":\"PropertyValueSpecification\",\"valueRequired\":true,\"valueName\":\"search_term_string\"}}],\"inLanguage\":\"en-US\"}]}<\/script>\n<!-- \/ Yoast SEO plugin. -->","yoast_head_json":{"title":"Privacy Policy - Hermanas Oblatas","robots":{"index":"index","follow":"follow","max-snippet":"max-snippet:-1","max-image-preview":"max-image-preview:large","max-video-preview":"max-video-preview:-1"},"canonical":"https:\/\/hermanasoblatas.org\/en\/privacy-policy","og_locale":"en_US","og_type":"article","og_title":"Privacy Policy - Hermanas Oblatas","og_description":"La\u00a0Pol\u00edtica de Privacidad\u00a0forma parte de las\u00a0Condiciones Generales\u00a0que rigen la presente web. Ultima actualizaci\u00f3n MAYO 2018. \u00bfQui\u00e9n es el responsable del tratamiento de tus datos? HHSS OBLATAS DEL SANT\u00cdSIMO REDENTOR Domicilio: CALLE CARTAGENA, 116 C.P. 28002 MADRID CIF: R2800247 Tfno: 914151643 Mail: Puedes dirigirte de cualquier forma para comunicarte con nosotros. Nos reservamos el derecho a &hellip; Continue reading \"Privacy Policy\"","og_url":"https:\/\/hermanasoblatas.org\/en\/privacy-policy","og_site_name":"Hermanas Oblatas","article_modified_time":"2018-06-04T11:22:40+00:00","twitter_card":"summary_large_image","twitter_misc":{"Est. reading time":"9 minutes"},"schema":{"@context":"https:\/\/schema.org","@graph":[{"@type":"WebPage","@id":"https:\/\/hermanasoblatas.org\/en\/privacy-policy","url":"https:\/\/hermanasoblatas.org\/en\/privacy-policy","name":"Privacy Policy - Hermanas Oblatas","isPartOf":{"@id":"https:\/\/hermanasoblatas.org\/#website"},"datePublished":"2016-11-25T12:57:20+00:00","dateModified":"2018-06-04T11:22:40+00:00","breadcrumb":{"@id":"https:\/\/hermanasoblatas.org\/en\/privacy-policy#breadcrumb"},"inLanguage":"en-US","potentialAction":[{"@type":"ReadAction","target":["https:\/\/hermanasoblatas.org\/en\/privacy-policy"]}]},{"@type":"BreadcrumbList","@id":"https:\/\/hermanasoblatas.org\/en\/privacy-policy#breadcrumb","itemListElement":[{"@type":"ListItem","position":1,"name":"Home","item":"https:\/\/hermanasoblatas.org\/en"},{"@type":"ListItem","position":2,"name":"Privacy Policy"}]},{"@type":"WebSite","@id":"https:\/\/hermanasoblatas.org\/#website","url":"https:\/\/hermanasoblatas.org\/","name":"Hermanas Oblatas","description":"Hermanas Oblatas del Sant\u00edsimo Redentor","potentialAction":[{"@type":"SearchAction","target":{"@type":"EntryPoint","urlTemplate":"https:\/\/hermanasoblatas.org\/?s={search_term_string}"},"query-input":{"@type":"PropertyValueSpecification","valueRequired":true,"valueName":"search_term_string"}}],"inLanguage":"en-US"}]}},"_links":{"self":[{"href":"https:\/\/hermanasoblatas.org\/en\/wp-json\/wp\/v2\/pages\/2460","targetHints":{"allow":["GET"]}}],"collection":[{"href":"https:\/\/hermanasoblatas.org\/en\/wp-json\/wp\/v2\/pages"}],"about":[{"href":"https:\/\/hermanasoblatas.org\/en\/wp-json\/wp\/v2\/types\/page"}],"author":[{"embeddable":true,"href":"https:\/\/hermanasoblatas.org\/en\/wp-json\/wp\/v2\/users\/3"}],"replies":[{"embeddable":true,"href":"https:\/\/hermanasoblatas.org\/en\/wp-json\/wp\/v2\/comments?post=2460"}],"version-history":[{"count":3,"href":"https:\/\/hermanasoblatas.org\/en\/wp-json\/wp\/v2\/pages\/2460\/revisions"}],"predecessor-version":[{"id":5803,"href":"https:\/\/hermanasoblatas.org\/en\/wp-json\/wp\/v2\/pages\/2460\/revisions\/5803"}],"wp:attachment":[{"href":"https:\/\/hermanasoblatas.org\/en\/wp-json\/wp\/v2\/media?parent=2460"}],"curies":[{"name":"wp","href":"https:\/\/api.w.org\/{rel}","templated":true}]}}