{"id":12530,"date":"2021-12-20T13:53:33","date_gmt":"2021-12-20T11:53:33","guid":{"rendered":"https:\/\/hermanasoblatas.org\/it\/fondazione\/pelicula-cruce-de-caminos"},"modified":"2025-10-16T13:47:46","modified_gmt":"2025-10-16T11:47:46","slug":"pelicula-si-todas-las-puertas-se-cierran","status":"publish","type":"page","link":"https:\/\/hermanasoblatas.org\/it\/fondazione\/pelicula-si-todas-las-puertas-se-cierran","title":{"rendered":"Pel\u00edcula &#8220;Si todas las puertas se cierran&#8221;"},"content":{"rendered":"<p><img loading=\"lazy\" decoding=\"async\" class=\"aligncenter wp-image-15705 size-large\" src=\"https:\/\/hermanasoblatas.org\/wp-content\/uploads\/2023\/01\/FOTO-REPORTE-OBLATAS-23_06-scaled-e1673349086327-1024x516.jpg\" alt=\"Fotograma de &quot;Si todas las puertas se cierran&quot;\" width=\"840\" height=\"423\" srcset=\"https:\/\/hermanasoblatas.org\/wp-content\/uploads\/2023\/01\/FOTO-REPORTE-OBLATAS-23_06-scaled-e1673349086327-1024x516.jpg 1024w, https:\/\/hermanasoblatas.org\/wp-content\/uploads\/2023\/01\/FOTO-REPORTE-OBLATAS-23_06-scaled-e1673349086327-300x151.jpg 300w, https:\/\/hermanasoblatas.org\/wp-content\/uploads\/2023\/01\/FOTO-REPORTE-OBLATAS-23_06-scaled-e1673349086327-768x387.jpg 768w, https:\/\/hermanasoblatas.org\/wp-content\/uploads\/2023\/01\/FOTO-REPORTE-OBLATAS-23_06-scaled-e1673349086327-1536x775.jpg 1536w, https:\/\/hermanasoblatas.org\/wp-content\/uploads\/2023\/01\/FOTO-REPORTE-OBLATAS-23_06-scaled-e1673349086327-2048x1033.jpg 2048w, https:\/\/hermanasoblatas.org\/wp-content\/uploads\/2023\/01\/FOTO-REPORTE-OBLATAS-23_06-scaled-e1673349086327-1200x605.jpg 1200w\" sizes=\"auto, (max-width: 709px) 85vw, (max-width: 909px) 67vw, (max-width: 1362px) 62vw, 840px\" \/><\/p>\n<p>\u00c8 iniziato il conto alla rovescia per la <strong><span style=\"color: #800080;\">prima del film <\/span><\/strong>Se tutte le porte si chiudono, promosso dalle Suore Oblate del Santissimo Redentore!<\/p>\n<p>\u00c8 gi\u00e0 disponibile il <span style=\"color: #800080;\"><strong><a style=\"color: #800080;\" href=\"https:\/\/www.youtube.com\/watch?v=bgQVAICcv0s\">trailer<\/a><\/strong><\/span> del lungometraggio diretto da <span style=\"color: #800080;\"><strong>Antonio Cuadri<\/strong><\/span> (<em>Operaci\u00f3n Concha<\/em>, <em>Coraz\u00f3n Ardiente<\/em>) e prodotto da Tono Escudero (<em>Abuelos<\/em>, <em>El vuelo del tren<\/em>). Siamo nella fase finale prima dell\u2019arrivo del film sul grande schermo e stiamo compiendo gli ultimi passi per coprire le spese destinate alla promozione e alla diffusione della pellicola.<\/p>\n<p>Il prossimo <span style=\"color: #800080;\"><strong>venerd\u00ec 27 gennaio<\/strong><\/span> lanceremo la<strong><span style=\"color: #800080;\"> <a style=\"color: #800080;\" href=\"https:\/\/vkm.is\/sitodaslaspuertas\">campagna di crowdfunding<\/a><\/span><\/strong>, realizzata dalla casa di produzione del film, Ulises Producciones, sulla piattaforma <a href=\"https:\/\/vkm.is\/sitodaslaspuertas\">Verkami<\/a>, con l\u2019obiettivo di raccogliere 9.000 euro in 40 giorni per finanziare il progetto.<\/p>\n<p>Con questa campagna presenteremo il videoclip ufficiale, il progetto completo, i personaggi, le immagini e altri contenuti, e, cosa pi\u00f9 divertente, verranno mostrati gli articoli del film creati per l\u2019occasione, che le persone potranno ottenere in base al loro contributo economico. Dobbiamo raggiungere <strong><span style=\"color: #800080;\">il maggior numero di persone possibile<\/span><\/strong>!<\/p>\n<p><iframe loading=\"lazy\" title=\"Trailer &quot;Si todas las puertas se cierran&quot;\" width=\"840\" height=\"473\" src=\"https:\/\/www.youtube.com\/embed\/bgQVAICcv0s?feature=oembed\" frameborder=\"0\" allow=\"accelerometer; autoplay; clipboard-write; encrypted-media; gyroscope; picture-in-picture; web-share\" referrerpolicy=\"strict-origin-when-cross-origin\" allowfullscreen><\/iframe><\/p>\n","protected":false},"excerpt":{"rendered":"<p>\u00c8 iniziato il conto alla rovescia per la prima del film Se tutte le porte si chiudono, promosso dalle Suore Oblate del Santissimo Redentore! \u00c8 gi\u00e0 disponibile il trailer del lungometraggio diretto da Antonio Cuadri (Operaci\u00f3n Concha, Coraz\u00f3n Ardiente) e prodotto da Tono Escudero (Abuelos, El vuelo del tren). Siamo nella fase finale prima dell\u2019arrivo &hellip; <a href=\"https:\/\/hermanasoblatas.org\/it\/fondazione\/pelicula-si-todas-las-puertas-se-cierran\" class=\"more-link\">Leggi tutto<span class=\"screen-reader-text\"> &#8220;Pel\u00edcula &#8220;Si todas las puertas se cierran&#8221;&#8221;<\/span><\/a><\/p>\n","protected":false},"author":3,"featured_media":0,"parent":2079,"menu_order":0,"comment_status":"closed","ping_status":"closed","template":"page-fundadores.php","meta":{"_acf_changed":false,"om_disable_all_campaigns":false,"_monsterinsights_skip_tracking":false,"_monsterinsights_sitenote_active":false,"_monsterinsights_sitenote_note":"","_monsterinsights_sitenote_category":0,"footnotes":""},"class_list":["post-12530","page","type-page","status-publish","hentry"],"acf":[],"yoast_head":"<!-- This site is optimized with the Yoast SEO plugin v27.3 - https:\/\/yoast.com\/product\/yoast-seo-wordpress\/ -->\n<title>Pel\u00edcula &quot;Si todas las puertas se cierran&quot; - Hermanas Oblatas<\/title>\n<meta name=\"robots\" content=\"index, follow, max-snippet:-1, max-image-preview:large, max-video-preview:-1\" \/>\n<link rel=\"canonical\" href=\"https:\/\/hermanasoblatas.org\/it\/fondazione\/pelicula-si-todas-las-puertas-se-cierran\" \/>\n<meta property=\"og:locale\" content=\"it_IT\" \/>\n<meta property=\"og:type\" content=\"article\" \/>\n<meta property=\"og:title\" content=\"Pel\u00edcula &quot;Si todas las puertas se cierran&quot; - Hermanas Oblatas\" \/>\n<meta property=\"og:description\" content=\"\u00c8 iniziato il conto alla rovescia per la prima del film Se tutte le porte si chiudono, promosso dalle Suore Oblate del Santissimo Redentore! \u00c8 gi\u00e0 disponibile il trailer del lungometraggio diretto da Antonio Cuadri (Operaci\u00f3n Concha, Coraz\u00f3n Ardiente) e prodotto da Tono Escudero (Abuelos, El vuelo del tren). Siamo nella fase finale prima dell\u2019arrivo &hellip; Leggi tutto &quot;Pel\u00edcula &#8220;Si todas las puertas se cierran&#8221;&quot;\" \/>\n<meta property=\"og:url\" content=\"https:\/\/hermanasoblatas.org\/it\/fondazione\/pelicula-si-todas-las-puertas-se-cierran\" \/>\n<meta property=\"og:site_name\" content=\"Hermanas Oblatas\" \/>\n<meta property=\"article:modified_time\" content=\"2025-10-16T11:47:46+00:00\" \/>\n<meta property=\"og:image\" content=\"https:\/\/hermanasoblatas.org\/wp-content\/uploads\/2023\/01\/FOTO-REPORTE-OBLATAS-23_06-scaled-e1673349086327.jpg\" \/>\n\t<meta property=\"og:image:width\" content=\"2560\" \/>\n\t<meta property=\"og:image:height\" content=\"1291\" \/>\n\t<meta property=\"og:image:type\" content=\"image\/jpeg\" \/>\n<meta name=\"twitter:card\" content=\"summary_large_image\" \/>\n<meta name=\"twitter:label1\" content=\"Tempo di lettura stimato\" \/>\n\t<meta name=\"twitter:data1\" content=\"1 minuto\" \/>\n<script type=\"application\/ld+json\" class=\"yoast-schema-graph\">{\"@context\":\"https:\\\/\\\/schema.org\",\"@graph\":[{\"@type\":\"WebPage\",\"@id\":\"https:\\\/\\\/hermanasoblatas.org\\\/it\\\/fondazione\\\/pelicula-si-todas-las-puertas-se-cierran\",\"url\":\"https:\\\/\\\/hermanasoblatas.org\\\/it\\\/fondazione\\\/pelicula-si-todas-las-puertas-se-cierran\",\"name\":\"Pel\u00edcula \\\"Si todas las puertas se cierran\\\" - Hermanas Oblatas\",\"isPartOf\":{\"@id\":\"https:\\\/\\\/hermanasoblatas.org\\\/#website\"},\"primaryImageOfPage\":{\"@id\":\"https:\\\/\\\/hermanasoblatas.org\\\/it\\\/fondazione\\\/pelicula-si-todas-las-puertas-se-cierran#primaryimage\"},\"image\":{\"@id\":\"https:\\\/\\\/hermanasoblatas.org\\\/it\\\/fondazione\\\/pelicula-si-todas-las-puertas-se-cierran#primaryimage\"},\"thumbnailUrl\":\"https:\\\/\\\/hermanasoblatas.org\\\/wp-content\\\/uploads\\\/2023\\\/01\\\/FOTO-REPORTE-OBLATAS-23_06-scaled-e1673349086327-1024x516.jpg\",\"datePublished\":\"2021-12-20T11:53:33+00:00\",\"dateModified\":\"2025-10-16T11:47:46+00:00\",\"breadcrumb\":{\"@id\":\"https:\\\/\\\/hermanasoblatas.org\\\/it\\\/fondazione\\\/pelicula-si-todas-las-puertas-se-cierran#breadcrumb\"},\"inLanguage\":\"it-IT\",\"potentialAction\":[{\"@type\":\"ReadAction\",\"target\":[\"https:\\\/\\\/hermanasoblatas.org\\\/it\\\/fondazione\\\/pelicula-si-todas-las-puertas-se-cierran\"]}]},{\"@type\":\"ImageObject\",\"inLanguage\":\"it-IT\",\"@id\":\"https:\\\/\\\/hermanasoblatas.org\\\/it\\\/fondazione\\\/pelicula-si-todas-las-puertas-se-cierran#primaryimage\",\"url\":\"https:\\\/\\\/hermanasoblatas.org\\\/wp-content\\\/uploads\\\/2023\\\/01\\\/FOTO-REPORTE-OBLATAS-23_06-scaled-e1673349086327-1024x516.jpg\",\"contentUrl\":\"https:\\\/\\\/hermanasoblatas.org\\\/wp-content\\\/uploads\\\/2023\\\/01\\\/FOTO-REPORTE-OBLATAS-23_06-scaled-e1673349086327-1024x516.jpg\"},{\"@type\":\"BreadcrumbList\",\"@id\":\"https:\\\/\\\/hermanasoblatas.org\\\/it\\\/fondazione\\\/pelicula-si-todas-las-puertas-se-cierran#breadcrumb\",\"itemListElement\":[{\"@type\":\"ListItem\",\"position\":1,\"name\":\"Home\",\"item\":\"https:\\\/\\\/hermanasoblatas.org\\\/it\"},{\"@type\":\"ListItem\",\"position\":2,\"name\":\"Fondazione\",\"item\":\"https:\\\/\\\/hermanasoblatas.org\\\/it\\\/fondazione\"},{\"@type\":\"ListItem\",\"position\":3,\"name\":\"Pel\u00edcula \u00abSi todas las puertas se cierran\u00bb\"}]},{\"@type\":\"WebSite\",\"@id\":\"https:\\\/\\\/hermanasoblatas.org\\\/#website\",\"url\":\"https:\\\/\\\/hermanasoblatas.org\\\/\",\"name\":\"Hermanas Oblatas\",\"description\":\"Hermanas Oblatas del Sant\u00edsimo Redentor\",\"potentialAction\":[{\"@type\":\"SearchAction\",\"target\":{\"@type\":\"EntryPoint\",\"urlTemplate\":\"https:\\\/\\\/hermanasoblatas.org\\\/?s={search_term_string}\"},\"query-input\":{\"@type\":\"PropertyValueSpecification\",\"valueRequired\":true,\"valueName\":\"search_term_string\"}}],\"inLanguage\":\"it-IT\"}]}<\/script>\n<!-- \/ Yoast SEO plugin. -->","yoast_head_json":{"title":"Pel\u00edcula \"Si todas las puertas se cierran\" - Hermanas Oblatas","robots":{"index":"index","follow":"follow","max-snippet":"max-snippet:-1","max-image-preview":"max-image-preview:large","max-video-preview":"max-video-preview:-1"},"canonical":"https:\/\/hermanasoblatas.org\/it\/fondazione\/pelicula-si-todas-las-puertas-se-cierran","og_locale":"it_IT","og_type":"article","og_title":"Pel\u00edcula \"Si todas las puertas se cierran\" - Hermanas Oblatas","og_description":"\u00c8 iniziato il conto alla rovescia per la prima del film Se tutte le porte si chiudono, promosso dalle Suore Oblate del Santissimo Redentore! \u00c8 gi\u00e0 disponibile il trailer del lungometraggio diretto da Antonio Cuadri (Operaci\u00f3n Concha, Coraz\u00f3n Ardiente) e prodotto da Tono Escudero (Abuelos, El vuelo del tren). Siamo nella fase finale prima dell\u2019arrivo &hellip; Leggi tutto \"Pel\u00edcula &#8220;Si todas las puertas se cierran&#8221;\"","og_url":"https:\/\/hermanasoblatas.org\/it\/fondazione\/pelicula-si-todas-las-puertas-se-cierran","og_site_name":"Hermanas Oblatas","article_modified_time":"2025-10-16T11:47:46+00:00","og_image":[{"width":2560,"height":1291,"url":"https:\/\/hermanasoblatas.org\/wp-content\/uploads\/2023\/01\/FOTO-REPORTE-OBLATAS-23_06-scaled-e1673349086327.jpg","type":"image\/jpeg"}],"twitter_card":"summary_large_image","twitter_misc":{"Tempo di lettura stimato":"1 minuto"},"schema":{"@context":"https:\/\/schema.org","@graph":[{"@type":"WebPage","@id":"https:\/\/hermanasoblatas.org\/it\/fondazione\/pelicula-si-todas-las-puertas-se-cierran","url":"https:\/\/hermanasoblatas.org\/it\/fondazione\/pelicula-si-todas-las-puertas-se-cierran","name":"Pel\u00edcula \"Si todas las puertas se cierran\" - Hermanas Oblatas","isPartOf":{"@id":"https:\/\/hermanasoblatas.org\/#website"},"primaryImageOfPage":{"@id":"https:\/\/hermanasoblatas.org\/it\/fondazione\/pelicula-si-todas-las-puertas-se-cierran#primaryimage"},"image":{"@id":"https:\/\/hermanasoblatas.org\/it\/fondazione\/pelicula-si-todas-las-puertas-se-cierran#primaryimage"},"thumbnailUrl":"https:\/\/hermanasoblatas.org\/wp-content\/uploads\/2023\/01\/FOTO-REPORTE-OBLATAS-23_06-scaled-e1673349086327-1024x516.jpg","datePublished":"2021-12-20T11:53:33+00:00","dateModified":"2025-10-16T11:47:46+00:00","breadcrumb":{"@id":"https:\/\/hermanasoblatas.org\/it\/fondazione\/pelicula-si-todas-las-puertas-se-cierran#breadcrumb"},"inLanguage":"it-IT","potentialAction":[{"@type":"ReadAction","target":["https:\/\/hermanasoblatas.org\/it\/fondazione\/pelicula-si-todas-las-puertas-se-cierran"]}]},{"@type":"ImageObject","inLanguage":"it-IT","@id":"https:\/\/hermanasoblatas.org\/it\/fondazione\/pelicula-si-todas-las-puertas-se-cierran#primaryimage","url":"https:\/\/hermanasoblatas.org\/wp-content\/uploads\/2023\/01\/FOTO-REPORTE-OBLATAS-23_06-scaled-e1673349086327-1024x516.jpg","contentUrl":"https:\/\/hermanasoblatas.org\/wp-content\/uploads\/2023\/01\/FOTO-REPORTE-OBLATAS-23_06-scaled-e1673349086327-1024x516.jpg"},{"@type":"BreadcrumbList","@id":"https:\/\/hermanasoblatas.org\/it\/fondazione\/pelicula-si-todas-las-puertas-se-cierran#breadcrumb","itemListElement":[{"@type":"ListItem","position":1,"name":"Home","item":"https:\/\/hermanasoblatas.org\/it"},{"@type":"ListItem","position":2,"name":"Fondazione","item":"https:\/\/hermanasoblatas.org\/it\/fondazione"},{"@type":"ListItem","position":3,"name":"Pel\u00edcula \u00abSi todas las puertas se cierran\u00bb"}]},{"@type":"WebSite","@id":"https:\/\/hermanasoblatas.org\/#website","url":"https:\/\/hermanasoblatas.org\/","name":"Hermanas Oblatas","description":"Hermanas Oblatas del Sant\u00edsimo Redentor","potentialAction":[{"@type":"SearchAction","target":{"@type":"EntryPoint","urlTemplate":"https:\/\/hermanasoblatas.org\/?s={search_term_string}"},"query-input":{"@type":"PropertyValueSpecification","valueRequired":true,"valueName":"search_term_string"}}],"inLanguage":"it-IT"}]}},"_links":{"self":[{"href":"https:\/\/hermanasoblatas.org\/it\/wp-json\/wp\/v2\/pages\/12530","targetHints":{"allow":["GET"]}}],"collection":[{"href":"https:\/\/hermanasoblatas.org\/it\/wp-json\/wp\/v2\/pages"}],"about":[{"href":"https:\/\/hermanasoblatas.org\/it\/wp-json\/wp\/v2\/types\/page"}],"author":[{"embeddable":true,"href":"https:\/\/hermanasoblatas.org\/it\/wp-json\/wp\/v2\/users\/3"}],"replies":[{"embeddable":true,"href":"https:\/\/hermanasoblatas.org\/it\/wp-json\/wp\/v2\/comments?post=12530"}],"version-history":[{"count":26,"href":"https:\/\/hermanasoblatas.org\/it\/wp-json\/wp\/v2\/pages\/12530\/revisions"}],"predecessor-version":[{"id":21450,"href":"https:\/\/hermanasoblatas.org\/it\/wp-json\/wp\/v2\/pages\/12530\/revisions\/21450"}],"up":[{"embeddable":true,"href":"https:\/\/hermanasoblatas.org\/it\/wp-json\/wp\/v2\/pages\/2079"}],"wp:attachment":[{"href":"https:\/\/hermanasoblatas.org\/it\/wp-json\/wp\/v2\/media?parent=12530"}],"curies":[{"name":"wp","href":"https:\/\/api.w.org\/{rel}","templated":true}]}}