{"id":2144,"date":"2016-11-16T10:28:16","date_gmt":"2016-11-16T10:28:16","guid":{"rendered":"http:\/\/hermanasoblatas.org\/nuestra-mision\/proyectos"},"modified":"2025-03-25T14:25:54","modified_gmt":"2025-03-25T12:25:54","slug":"proyectos","status":"publish","type":"page","link":"https:\/\/hermanasoblatas.org\/it\/nuestra-mision\/proyectos","title":{"rendered":"Progetti"},"content":{"rendered":"<p>I progetti e i centri sociali delle Oblate, alla luce degli <a href=\"https:\/\/hermanasoblatas.org\/it\/nuestra-mision\/mision-y-valores\" target=\"_blank\" rel=\"noopener\">obiettivi della nostra missione<\/a>, diventano spazi di accoglienza, appoggio integrale e ricerca di opportunit\u00e0 per le donne. Molte anelano e riescono a svincolarsi dalla realt\u00e0 complessa della prostituzione, altre no, per\u00f2 tutte entrano in quei processi che migliorano la loro qualit\u00e0 di vita personale e familiare.<br \/>\nL&#8217;accompagnamento individuale, basato sulla pedagogia dell&#8217;amore, favorisce i primi passi verso l&#8217;autonomia e l&#8217;integrazione, che si possono sviluppare gi\u00e0 attraverso l&#8217;attenzione psicosociale, accoglienza nella residenza, itinerari formativi, intraprendenza, inserimento lavorativo e la creazione di altre azioni individuali o di gruppo, a seconda della realt\u00e0.<br \/>\nPer conoscere ed avere maggiori informazioni sui nostri progetti e sul mondo che ci circonda, puoi visitare il web.<\/p>\n","protected":false},"excerpt":{"rendered":"<p>I progetti e i centri sociali delle Oblate, alla luce degli obiettivi della nostra missione, diventano spazi di accoglienza, appoggio integrale e ricerca di opportunit\u00e0 per le donne. Molte anelano e riescono a svincolarsi dalla realt\u00e0 complessa della prostituzione, altre no, per\u00f2 tutte entrano in quei processi che migliorano la loro qualit\u00e0 di vita personale &hellip; <a href=\"https:\/\/hermanasoblatas.org\/it\/nuestra-mision\/proyectos\" class=\"more-link\">Leggi tutto<span class=\"screen-reader-text\"> &#8220;Progetti&#8221;<\/span><\/a><\/p>\n","protected":false},"author":3,"featured_media":0,"parent":2127,"menu_order":0,"comment_status":"closed","ping_status":"closed","template":"page-proyectos.php","meta":{"_acf_changed":false,"om_disable_all_campaigns":false,"_monsterinsights_skip_tracking":false,"_monsterinsights_sitenote_active":false,"_monsterinsights_sitenote_note":"","_monsterinsights_sitenote_category":0,"footnotes":""},"class_list":["post-2144","page","type-page","status-publish","hentry"],"acf":[],"yoast_head":"<!-- This site is optimized with the Yoast SEO plugin v27.3 - https:\/\/yoast.com\/product\/yoast-seo-wordpress\/ -->\n<title>Progetti - Hermanas Oblatas<\/title>\n<meta name=\"robots\" content=\"index, follow, max-snippet:-1, max-image-preview:large, max-video-preview:-1\" \/>\n<link rel=\"canonical\" href=\"https:\/\/hermanasoblatas.org\/it\/nuestra-mision\/proyectos\" \/>\n<meta property=\"og:locale\" content=\"it_IT\" \/>\n<meta property=\"og:type\" content=\"article\" \/>\n<meta property=\"og:title\" content=\"Progetti - Hermanas Oblatas\" \/>\n<meta property=\"og:description\" content=\"I progetti e i centri sociali delle Oblate, alla luce degli obiettivi della nostra missione, diventano spazi di accoglienza, appoggio integrale e ricerca di opportunit\u00e0 per le donne. Molte anelano e riescono a svincolarsi dalla realt\u00e0 complessa della prostituzione, altre no, per\u00f2 tutte entrano in quei processi che migliorano la loro qualit\u00e0 di vita personale &hellip; Leggi tutto &quot;Progetti&quot;\" \/>\n<meta property=\"og:url\" content=\"https:\/\/hermanasoblatas.org\/it\/nuestra-mision\/proyectos\" \/>\n<meta property=\"og:site_name\" content=\"Hermanas Oblatas\" \/>\n<meta property=\"article:modified_time\" content=\"2025-03-25T12:25:54+00:00\" \/>\n<meta name=\"twitter:card\" content=\"summary_large_image\" \/>\n<meta name=\"twitter:label1\" content=\"Tempo di lettura stimato\" \/>\n\t<meta name=\"twitter:data1\" content=\"1 minuto\" \/>\n<script type=\"application\/ld+json\" class=\"yoast-schema-graph\">{\"@context\":\"https:\\\/\\\/schema.org\",\"@graph\":[{\"@type\":\"WebPage\",\"@id\":\"https:\\\/\\\/hermanasoblatas.org\\\/it\\\/nuestra-mision\\\/proyectos\",\"url\":\"https:\\\/\\\/hermanasoblatas.org\\\/it\\\/nuestra-mision\\\/proyectos\",\"name\":\"Progetti - Hermanas Oblatas\",\"isPartOf\":{\"@id\":\"https:\\\/\\\/hermanasoblatas.org\\\/#website\"},\"datePublished\":\"2016-11-16T10:28:16+00:00\",\"dateModified\":\"2025-03-25T12:25:54+00:00\",\"breadcrumb\":{\"@id\":\"https:\\\/\\\/hermanasoblatas.org\\\/it\\\/nuestra-mision\\\/proyectos#breadcrumb\"},\"inLanguage\":\"it-IT\",\"potentialAction\":[{\"@type\":\"ReadAction\",\"target\":[\"https:\\\/\\\/hermanasoblatas.org\\\/it\\\/nuestra-mision\\\/proyectos\"]}]},{\"@type\":\"BreadcrumbList\",\"@id\":\"https:\\\/\\\/hermanasoblatas.org\\\/it\\\/nuestra-mision\\\/proyectos#breadcrumb\",\"itemListElement\":[{\"@type\":\"ListItem\",\"position\":1,\"name\":\"Home\",\"item\":\"https:\\\/\\\/hermanasoblatas.org\\\/it\"},{\"@type\":\"ListItem\",\"position\":2,\"name\":\"LA NOSTRA MISSIONE\",\"item\":\"https:\\\/\\\/hermanasoblatas.org\\\/it\\\/nuestra-mision\"},{\"@type\":\"ListItem\",\"position\":3,\"name\":\"Progetti\"}]},{\"@type\":\"WebSite\",\"@id\":\"https:\\\/\\\/hermanasoblatas.org\\\/#website\",\"url\":\"https:\\\/\\\/hermanasoblatas.org\\\/\",\"name\":\"Hermanas Oblatas\",\"description\":\"Hermanas Oblatas del Sant\u00edsimo Redentor\",\"potentialAction\":[{\"@type\":\"SearchAction\",\"target\":{\"@type\":\"EntryPoint\",\"urlTemplate\":\"https:\\\/\\\/hermanasoblatas.org\\\/?s={search_term_string}\"},\"query-input\":{\"@type\":\"PropertyValueSpecification\",\"valueRequired\":true,\"valueName\":\"search_term_string\"}}],\"inLanguage\":\"it-IT\"}]}<\/script>\n<!-- \/ Yoast SEO plugin. -->","yoast_head_json":{"title":"Progetti - Hermanas Oblatas","robots":{"index":"index","follow":"follow","max-snippet":"max-snippet:-1","max-image-preview":"max-image-preview:large","max-video-preview":"max-video-preview:-1"},"canonical":"https:\/\/hermanasoblatas.org\/it\/nuestra-mision\/proyectos","og_locale":"it_IT","og_type":"article","og_title":"Progetti - Hermanas Oblatas","og_description":"I progetti e i centri sociali delle Oblate, alla luce degli obiettivi della nostra missione, diventano spazi di accoglienza, appoggio integrale e ricerca di opportunit\u00e0 per le donne. Molte anelano e riescono a svincolarsi dalla realt\u00e0 complessa della prostituzione, altre no, per\u00f2 tutte entrano in quei processi che migliorano la loro qualit\u00e0 di vita personale &hellip; Leggi tutto \"Progetti\"","og_url":"https:\/\/hermanasoblatas.org\/it\/nuestra-mision\/proyectos","og_site_name":"Hermanas Oblatas","article_modified_time":"2025-03-25T12:25:54+00:00","twitter_card":"summary_large_image","twitter_misc":{"Tempo di lettura stimato":"1 minuto"},"schema":{"@context":"https:\/\/schema.org","@graph":[{"@type":"WebPage","@id":"https:\/\/hermanasoblatas.org\/it\/nuestra-mision\/proyectos","url":"https:\/\/hermanasoblatas.org\/it\/nuestra-mision\/proyectos","name":"Progetti - Hermanas Oblatas","isPartOf":{"@id":"https:\/\/hermanasoblatas.org\/#website"},"datePublished":"2016-11-16T10:28:16+00:00","dateModified":"2025-03-25T12:25:54+00:00","breadcrumb":{"@id":"https:\/\/hermanasoblatas.org\/it\/nuestra-mision\/proyectos#breadcrumb"},"inLanguage":"it-IT","potentialAction":[{"@type":"ReadAction","target":["https:\/\/hermanasoblatas.org\/it\/nuestra-mision\/proyectos"]}]},{"@type":"BreadcrumbList","@id":"https:\/\/hermanasoblatas.org\/it\/nuestra-mision\/proyectos#breadcrumb","itemListElement":[{"@type":"ListItem","position":1,"name":"Home","item":"https:\/\/hermanasoblatas.org\/it"},{"@type":"ListItem","position":2,"name":"LA NOSTRA MISSIONE","item":"https:\/\/hermanasoblatas.org\/it\/nuestra-mision"},{"@type":"ListItem","position":3,"name":"Progetti"}]},{"@type":"WebSite","@id":"https:\/\/hermanasoblatas.org\/#website","url":"https:\/\/hermanasoblatas.org\/","name":"Hermanas Oblatas","description":"Hermanas Oblatas del Sant\u00edsimo Redentor","potentialAction":[{"@type":"SearchAction","target":{"@type":"EntryPoint","urlTemplate":"https:\/\/hermanasoblatas.org\/?s={search_term_string}"},"query-input":{"@type":"PropertyValueSpecification","valueRequired":true,"valueName":"search_term_string"}}],"inLanguage":"it-IT"}]}},"_links":{"self":[{"href":"https:\/\/hermanasoblatas.org\/it\/wp-json\/wp\/v2\/pages\/2144","targetHints":{"allow":["GET"]}}],"collection":[{"href":"https:\/\/hermanasoblatas.org\/it\/wp-json\/wp\/v2\/pages"}],"about":[{"href":"https:\/\/hermanasoblatas.org\/it\/wp-json\/wp\/v2\/types\/page"}],"author":[{"embeddable":true,"href":"https:\/\/hermanasoblatas.org\/it\/wp-json\/wp\/v2\/users\/3"}],"replies":[{"embeddable":true,"href":"https:\/\/hermanasoblatas.org\/it\/wp-json\/wp\/v2\/comments?post=2144"}],"version-history":[{"count":5,"href":"https:\/\/hermanasoblatas.org\/it\/wp-json\/wp\/v2\/pages\/2144\/revisions"}],"predecessor-version":[{"id":20505,"href":"https:\/\/hermanasoblatas.org\/it\/wp-json\/wp\/v2\/pages\/2144\/revisions\/20505"}],"up":[{"embeddable":true,"href":"https:\/\/hermanasoblatas.org\/it\/wp-json\/wp\/v2\/pages\/2127"}],"wp:attachment":[{"href":"https:\/\/hermanasoblatas.org\/it\/wp-json\/wp\/v2\/media?parent=2144"}],"curies":[{"name":"wp","href":"https:\/\/api.w.org\/{rel}","templated":true}]}}