{"id":2205,"date":"2016-11-24T09:10:24","date_gmt":"2016-11-24T09:10:24","guid":{"rendered":"http:\/\/hermanasoblatas.org\/vocacion-oblata\/laicado"},"modified":"2017-10-13T09:51:07","modified_gmt":"2017-10-13T07:51:07","slug":"laicado","status":"publish","type":"page","link":"https:\/\/hermanasoblatas.org\/it\/vocacion-oblata\/laicado","title":{"rendered":"Laicato"},"content":{"rendered":"<p>Il laicato oblata \u00e8 costituito da uomini e donne\u00a0 credenti, seguaci di Ges\u00f9 e del suo stile di vita, che trovano nel carisma e nella spiritualit\u00e0 della Congregazione, il modo di vivere la vocazione laicale.<br \/>\nPersone toccate dalla realt\u00e0 delle donne nella prostituzione e dai differenti contesti, si sentono coinvolti e assumono come propria questa missione, secondo i principi fondamentali della vicinanza, gratuit\u00e0, solidariet\u00e0, misericordia e fiducia nella potenzialit\u00e0 della donna.<br \/>\nLa traiettoria della Congregazione nel cammino condiviso con il laicato, si presenta come un modo di affrontare con sapienza e creativit\u00e0, consapevoli che solo in tal maniera si pu\u00f2 dare atto all&#8217;identit\u00e0 carismatica e alle dinamiche di trasformazione sociale che da esso si propendono.<\/p>\n<p>Iscriviti al nostro gruppo su <a href=\"https:\/\/www.facebook.com\/laicado.oblata\" target=\"_blank\">Facebook<\/a>\u00a0o <a href=\"\/?page_id=42\" target=\"_blank\">escruvere<\/a>\u00a0laici per ulteriori informazioni.<\/p>\n<p>&nbsp;<\/p>\n<p><img loading=\"lazy\" decoding=\"async\" class=\"aligncenter wp-image-1806\" src=\"https:\/\/hermanasoblatas.org\/wp-content\/uploads\/2016\/11\/laicado-imagen3_fotomas-300x41.jpg\" alt=\"laicado imagen3_fotomas\" width=\"1240\" height=\"170\" srcset=\"https:\/\/hermanasoblatas.org\/wp-content\/uploads\/2016\/11\/laicado-imagen3_fotomas-300x41.jpg 300w, https:\/\/hermanasoblatas.org\/wp-content\/uploads\/2016\/11\/laicado-imagen3_fotomas-768x105.jpg 768w, https:\/\/hermanasoblatas.org\/wp-content\/uploads\/2016\/11\/laicado-imagen3_fotomas-1024x140.jpg 1024w, https:\/\/hermanasoblatas.org\/wp-content\/uploads\/2016\/11\/laicado-imagen3_fotomas-1200x164.jpg 1200w, https:\/\/hermanasoblatas.org\/wp-content\/uploads\/2016\/11\/laicado-imagen3_fotomas.jpg 1600w\" sizes=\"auto, (max-width: 709px) 85vw, (max-width: 909px) 67vw, (max-width: 1362px) 62vw, 840px\" \/><\/p>\n","protected":false},"excerpt":{"rendered":"<p>Il laicato oblata \u00e8 costituito da uomini e donne\u00a0 credenti, seguaci di Ges\u00f9 e del suo stile di vita, che trovano nel carisma e nella spiritualit\u00e0 della Congregazione, il modo di vivere la vocazione laicale. Persone toccate dalla realt\u00e0 delle donne nella prostituzione e dai differenti contesti, si sentono coinvolti e assumono come propria questa &hellip; <a href=\"https:\/\/hermanasoblatas.org\/it\/vocacion-oblata\/laicado\" class=\"more-link\">Leggi tutto<span class=\"screen-reader-text\"> &#8220;Laicato&#8221;<\/span><\/a><\/p>\n","protected":false},"author":3,"featured_media":0,"parent":2159,"menu_order":0,"comment_status":"closed","ping_status":"closed","template":"page-texto.php","meta":{"_acf_changed":false,"om_disable_all_campaigns":false,"_monsterinsights_skip_tracking":false,"_monsterinsights_sitenote_active":false,"_monsterinsights_sitenote_note":"","_monsterinsights_sitenote_category":0,"footnotes":""},"class_list":["post-2205","page","type-page","status-publish","hentry"],"acf":[],"yoast_head":"<!-- This site is optimized with the Yoast SEO plugin v27.3 - https:\/\/yoast.com\/product\/yoast-seo-wordpress\/ -->\n<title>Laicato - Hermanas Oblatas<\/title>\n<meta name=\"robots\" content=\"index, follow, max-snippet:-1, max-image-preview:large, max-video-preview:-1\" \/>\n<link rel=\"canonical\" href=\"https:\/\/hermanasoblatas.org\/it\/vocacion-oblata\/laicado\" \/>\n<meta property=\"og:locale\" content=\"it_IT\" \/>\n<meta property=\"og:type\" content=\"article\" \/>\n<meta property=\"og:title\" content=\"Laicato - Hermanas Oblatas\" \/>\n<meta property=\"og:description\" content=\"Il laicato oblata \u00e8 costituito da uomini e donne\u00a0 credenti, seguaci di Ges\u00f9 e del suo stile di vita, che trovano nel carisma e nella spiritualit\u00e0 della Congregazione, il modo di vivere la vocazione laicale. Persone toccate dalla realt\u00e0 delle donne nella prostituzione e dai differenti contesti, si sentono coinvolti e assumono come propria questa &hellip; Leggi tutto &quot;Laicato&quot;\" \/>\n<meta property=\"og:url\" content=\"https:\/\/hermanasoblatas.org\/it\/vocacion-oblata\/laicado\" \/>\n<meta property=\"og:site_name\" content=\"Hermanas Oblatas\" \/>\n<meta property=\"article:modified_time\" content=\"2017-10-13T07:51:07+00:00\" \/>\n<meta property=\"og:image\" content=\"https:\/\/hermanasoblatas.org\/wp-content\/uploads\/2016\/11\/laicado-imagen3_fotomas-300x41.jpg\" \/>\n<meta name=\"twitter:card\" content=\"summary_large_image\" \/>\n<meta name=\"twitter:label1\" content=\"Tempo di lettura stimato\" \/>\n\t<meta name=\"twitter:data1\" content=\"1 minuto\" \/>\n<script type=\"application\/ld+json\" class=\"yoast-schema-graph\">{\"@context\":\"https:\\\/\\\/schema.org\",\"@graph\":[{\"@type\":\"WebPage\",\"@id\":\"https:\\\/\\\/hermanasoblatas.org\\\/it\\\/vocacion-oblata\\\/laicado\",\"url\":\"https:\\\/\\\/hermanasoblatas.org\\\/it\\\/vocacion-oblata\\\/laicado\",\"name\":\"Laicato - Hermanas Oblatas\",\"isPartOf\":{\"@id\":\"https:\\\/\\\/hermanasoblatas.org\\\/#website\"},\"primaryImageOfPage\":{\"@id\":\"https:\\\/\\\/hermanasoblatas.org\\\/it\\\/vocacion-oblata\\\/laicado#primaryimage\"},\"image\":{\"@id\":\"https:\\\/\\\/hermanasoblatas.org\\\/it\\\/vocacion-oblata\\\/laicado#primaryimage\"},\"thumbnailUrl\":\"https:\\\/\\\/hermanasoblatas.org\\\/wp-content\\\/uploads\\\/2016\\\/11\\\/laicado-imagen3_fotomas-300x41.jpg\",\"datePublished\":\"2016-11-24T09:10:24+00:00\",\"dateModified\":\"2017-10-13T07:51:07+00:00\",\"breadcrumb\":{\"@id\":\"https:\\\/\\\/hermanasoblatas.org\\\/it\\\/vocacion-oblata\\\/laicado#breadcrumb\"},\"inLanguage\":\"it-IT\",\"potentialAction\":[{\"@type\":\"ReadAction\",\"target\":[\"https:\\\/\\\/hermanasoblatas.org\\\/it\\\/vocacion-oblata\\\/laicado\"]}]},{\"@type\":\"ImageObject\",\"inLanguage\":\"it-IT\",\"@id\":\"https:\\\/\\\/hermanasoblatas.org\\\/it\\\/vocacion-oblata\\\/laicado#primaryimage\",\"url\":\"https:\\\/\\\/hermanasoblatas.org\\\/wp-content\\\/uploads\\\/2016\\\/11\\\/laicado-imagen3_fotomas-300x41.jpg\",\"contentUrl\":\"https:\\\/\\\/hermanasoblatas.org\\\/wp-content\\\/uploads\\\/2016\\\/11\\\/laicado-imagen3_fotomas-300x41.jpg\"},{\"@type\":\"BreadcrumbList\",\"@id\":\"https:\\\/\\\/hermanasoblatas.org\\\/it\\\/vocacion-oblata\\\/laicado#breadcrumb\",\"itemListElement\":[{\"@type\":\"ListItem\",\"position\":1,\"name\":\"Home\",\"item\":\"https:\\\/\\\/hermanasoblatas.org\\\/it\"},{\"@type\":\"ListItem\",\"position\":2,\"name\":\"Vocazione Oblata\",\"item\":\"https:\\\/\\\/hermanasoblatas.org\\\/it\\\/vocacion-oblata\"},{\"@type\":\"ListItem\",\"position\":3,\"name\":\"Laicato\"}]},{\"@type\":\"WebSite\",\"@id\":\"https:\\\/\\\/hermanasoblatas.org\\\/#website\",\"url\":\"https:\\\/\\\/hermanasoblatas.org\\\/\",\"name\":\"Hermanas Oblatas\",\"description\":\"Hermanas Oblatas del Sant\u00edsimo Redentor\",\"potentialAction\":[{\"@type\":\"SearchAction\",\"target\":{\"@type\":\"EntryPoint\",\"urlTemplate\":\"https:\\\/\\\/hermanasoblatas.org\\\/?s={search_term_string}\"},\"query-input\":{\"@type\":\"PropertyValueSpecification\",\"valueRequired\":true,\"valueName\":\"search_term_string\"}}],\"inLanguage\":\"it-IT\"}]}<\/script>\n<!-- \/ Yoast SEO plugin. -->","yoast_head_json":{"title":"Laicato - Hermanas Oblatas","robots":{"index":"index","follow":"follow","max-snippet":"max-snippet:-1","max-image-preview":"max-image-preview:large","max-video-preview":"max-video-preview:-1"},"canonical":"https:\/\/hermanasoblatas.org\/it\/vocacion-oblata\/laicado","og_locale":"it_IT","og_type":"article","og_title":"Laicato - Hermanas Oblatas","og_description":"Il laicato oblata \u00e8 costituito da uomini e donne\u00a0 credenti, seguaci di Ges\u00f9 e del suo stile di vita, che trovano nel carisma e nella spiritualit\u00e0 della Congregazione, il modo di vivere la vocazione laicale. Persone toccate dalla realt\u00e0 delle donne nella prostituzione e dai differenti contesti, si sentono coinvolti e assumono come propria questa &hellip; Leggi tutto \"Laicato\"","og_url":"https:\/\/hermanasoblatas.org\/it\/vocacion-oblata\/laicado","og_site_name":"Hermanas Oblatas","article_modified_time":"2017-10-13T07:51:07+00:00","og_image":[{"url":"https:\/\/hermanasoblatas.org\/wp-content\/uploads\/2016\/11\/laicado-imagen3_fotomas-300x41.jpg","type":"","width":"","height":""}],"twitter_card":"summary_large_image","twitter_misc":{"Tempo di lettura stimato":"1 minuto"},"schema":{"@context":"https:\/\/schema.org","@graph":[{"@type":"WebPage","@id":"https:\/\/hermanasoblatas.org\/it\/vocacion-oblata\/laicado","url":"https:\/\/hermanasoblatas.org\/it\/vocacion-oblata\/laicado","name":"Laicato - Hermanas Oblatas","isPartOf":{"@id":"https:\/\/hermanasoblatas.org\/#website"},"primaryImageOfPage":{"@id":"https:\/\/hermanasoblatas.org\/it\/vocacion-oblata\/laicado#primaryimage"},"image":{"@id":"https:\/\/hermanasoblatas.org\/it\/vocacion-oblata\/laicado#primaryimage"},"thumbnailUrl":"https:\/\/hermanasoblatas.org\/wp-content\/uploads\/2016\/11\/laicado-imagen3_fotomas-300x41.jpg","datePublished":"2016-11-24T09:10:24+00:00","dateModified":"2017-10-13T07:51:07+00:00","breadcrumb":{"@id":"https:\/\/hermanasoblatas.org\/it\/vocacion-oblata\/laicado#breadcrumb"},"inLanguage":"it-IT","potentialAction":[{"@type":"ReadAction","target":["https:\/\/hermanasoblatas.org\/it\/vocacion-oblata\/laicado"]}]},{"@type":"ImageObject","inLanguage":"it-IT","@id":"https:\/\/hermanasoblatas.org\/it\/vocacion-oblata\/laicado#primaryimage","url":"https:\/\/hermanasoblatas.org\/wp-content\/uploads\/2016\/11\/laicado-imagen3_fotomas-300x41.jpg","contentUrl":"https:\/\/hermanasoblatas.org\/wp-content\/uploads\/2016\/11\/laicado-imagen3_fotomas-300x41.jpg"},{"@type":"BreadcrumbList","@id":"https:\/\/hermanasoblatas.org\/it\/vocacion-oblata\/laicado#breadcrumb","itemListElement":[{"@type":"ListItem","position":1,"name":"Home","item":"https:\/\/hermanasoblatas.org\/it"},{"@type":"ListItem","position":2,"name":"Vocazione Oblata","item":"https:\/\/hermanasoblatas.org\/it\/vocacion-oblata"},{"@type":"ListItem","position":3,"name":"Laicato"}]},{"@type":"WebSite","@id":"https:\/\/hermanasoblatas.org\/#website","url":"https:\/\/hermanasoblatas.org\/","name":"Hermanas Oblatas","description":"Hermanas Oblatas del Sant\u00edsimo Redentor","potentialAction":[{"@type":"SearchAction","target":{"@type":"EntryPoint","urlTemplate":"https:\/\/hermanasoblatas.org\/?s={search_term_string}"},"query-input":{"@type":"PropertyValueSpecification","valueRequired":true,"valueName":"search_term_string"}}],"inLanguage":"it-IT"}]}},"_links":{"self":[{"href":"https:\/\/hermanasoblatas.org\/it\/wp-json\/wp\/v2\/pages\/2205","targetHints":{"allow":["GET"]}}],"collection":[{"href":"https:\/\/hermanasoblatas.org\/it\/wp-json\/wp\/v2\/pages"}],"about":[{"href":"https:\/\/hermanasoblatas.org\/it\/wp-json\/wp\/v2\/types\/page"}],"author":[{"embeddable":true,"href":"https:\/\/hermanasoblatas.org\/it\/wp-json\/wp\/v2\/users\/3"}],"replies":[{"embeddable":true,"href":"https:\/\/hermanasoblatas.org\/it\/wp-json\/wp\/v2\/comments?post=2205"}],"version-history":[{"count":3,"href":"https:\/\/hermanasoblatas.org\/it\/wp-json\/wp\/v2\/pages\/2205\/revisions"}],"predecessor-version":[{"id":2607,"href":"https:\/\/hermanasoblatas.org\/it\/wp-json\/wp\/v2\/pages\/2205\/revisions\/2607"}],"up":[{"embeddable":true,"href":"https:\/\/hermanasoblatas.org\/it\/wp-json\/wp\/v2\/pages\/2159"}],"wp:attachment":[{"href":"https:\/\/hermanasoblatas.org\/it\/wp-json\/wp\/v2\/media?parent=2205"}],"curies":[{"name":"wp","href":"https:\/\/api.w.org\/{rel}","templated":true}]}}