{"id":2221,"date":"2016-08-05T10:34:03","date_gmt":"2016-08-05T10:34:03","guid":{"rendered":"http:\/\/hermanasoblatas.org\/rincon-madre-antonia"},"modified":"2019-11-07T13:36:55","modified_gmt":"2019-11-07T11:36:55","slug":"rincon-madre-antonia","status":"publish","type":"page","link":"https:\/\/hermanasoblatas.org\/it\/rincon-madre-antonia","title":{"rendered":"Angolo Madre Antonia"},"content":{"rendered":"<p style=\"text-align: left;\"><strong>Madre Antonia Maria della Misericordia,<\/strong> appartiene alle grandi figure femminili del XIX secolo e fu una donna con una cultura avanza per i suoi tempi. La sua profonda sensibilit\u00e0 davanti alla realt\u00e0 della donna vittima della prostituzione la port\u00f2 a fondare la nostra congregazione nel 1870. La Chiesa l&#8217;ha nominata Venerabile, nel 1962.<\/p>\n<p style=\"text-align: left;\"><a title=\"\u00a1Conozca un poco m\u00e1s de su ideal de vida que sigue actual y pida su intersecci\u00f3n!\" href=\"\/?page_id=913\">Conosci qualcosa di pi\u00f9 della sua vita e prega perch\u00e9 interceda!<\/a><\/p>\n","protected":false},"excerpt":{"rendered":"<p>Madre Antonia Maria della Misericordia, appartiene alle grandi figure femminili del XIX secolo e fu una donna con una cultura avanza per i suoi tempi. La sua profonda sensibilit\u00e0 davanti alla realt\u00e0 della donna vittima della prostituzione la port\u00f2 a fondare la nostra congregazione nel 1870. La Chiesa l&#8217;ha nominata Venerabile, nel 1962. Conosci qualcosa &hellip; <a href=\"https:\/\/hermanasoblatas.org\/it\/rincon-madre-antonia\" class=\"more-link\">Leggi tutto<span class=\"screen-reader-text\"> &#8220;Angolo Madre Antonia&#8221;<\/span><\/a><\/p>\n","protected":false},"author":3,"featured_media":0,"parent":0,"menu_order":0,"comment_status":"closed","ping_status":"closed","template":"page-rincon-madre-antonia.php","meta":{"_acf_changed":false,"om_disable_all_campaigns":false,"_monsterinsights_skip_tracking":false,"_monsterinsights_sitenote_active":false,"_monsterinsights_sitenote_note":"","_monsterinsights_sitenote_category":0,"footnotes":""},"class_list":["post-2221","page","type-page","status-publish","hentry"],"acf":[],"yoast_head":"<!-- This site is optimized with the Yoast SEO plugin v26.8 - https:\/\/yoast.com\/product\/yoast-seo-wordpress\/ -->\n<title>Angolo Madre Antonia - Hermanas Oblatas<\/title>\n<meta name=\"robots\" content=\"index, follow, max-snippet:-1, max-image-preview:large, max-video-preview:-1\" \/>\n<link rel=\"canonical\" href=\"https:\/\/hermanasoblatas.org\/it\/rincon-madre-antonia\" \/>\n<meta property=\"og:locale\" content=\"it_IT\" \/>\n<meta property=\"og:type\" content=\"article\" \/>\n<meta property=\"og:title\" content=\"Angolo Madre Antonia - Hermanas Oblatas\" \/>\n<meta property=\"og:description\" content=\"Madre Antonia Maria della Misericordia, appartiene alle grandi figure femminili del XIX secolo e fu una donna con una cultura avanza per i suoi tempi. La sua profonda sensibilit\u00e0 davanti alla realt\u00e0 della donna vittima della prostituzione la port\u00f2 a fondare la nostra congregazione nel 1870. La Chiesa l&#8217;ha nominata Venerabile, nel 1962. Conosci qualcosa &hellip; Leggi tutto &quot;Angolo Madre Antonia&quot;\" \/>\n<meta property=\"og:url\" content=\"https:\/\/hermanasoblatas.org\/it\/rincon-madre-antonia\" \/>\n<meta property=\"og:site_name\" content=\"Hermanas Oblatas\" \/>\n<meta property=\"article:modified_time\" content=\"2019-11-07T11:36:55+00:00\" \/>\n<meta name=\"twitter:card\" content=\"summary_large_image\" \/>\n<script type=\"application\/ld+json\" class=\"yoast-schema-graph\">{\"@context\":\"https:\/\/schema.org\",\"@graph\":[{\"@type\":\"WebPage\",\"@id\":\"https:\/\/hermanasoblatas.org\/it\/rincon-madre-antonia\",\"url\":\"https:\/\/hermanasoblatas.org\/it\/rincon-madre-antonia\",\"name\":\"Angolo Madre Antonia - Hermanas Oblatas\",\"isPartOf\":{\"@id\":\"https:\/\/hermanasoblatas.org\/#website\"},\"datePublished\":\"2016-08-05T10:34:03+00:00\",\"dateModified\":\"2019-11-07T11:36:55+00:00\",\"breadcrumb\":{\"@id\":\"https:\/\/hermanasoblatas.org\/it\/rincon-madre-antonia#breadcrumb\"},\"inLanguage\":\"it-IT\",\"potentialAction\":[{\"@type\":\"ReadAction\",\"target\":[\"https:\/\/hermanasoblatas.org\/it\/rincon-madre-antonia\"]}]},{\"@type\":\"BreadcrumbList\",\"@id\":\"https:\/\/hermanasoblatas.org\/it\/rincon-madre-antonia#breadcrumb\",\"itemListElement\":[{\"@type\":\"ListItem\",\"position\":1,\"name\":\"Home\",\"item\":\"https:\/\/hermanasoblatas.org\/it\"},{\"@type\":\"ListItem\",\"position\":2,\"name\":\"Angolo Madre Antonia\"}]},{\"@type\":\"WebSite\",\"@id\":\"https:\/\/hermanasoblatas.org\/#website\",\"url\":\"https:\/\/hermanasoblatas.org\/\",\"name\":\"Hermanas Oblatas\",\"description\":\"Hermanas Oblatas del Sant\u00edsimo Redentor\",\"potentialAction\":[{\"@type\":\"SearchAction\",\"target\":{\"@type\":\"EntryPoint\",\"urlTemplate\":\"https:\/\/hermanasoblatas.org\/?s={search_term_string}\"},\"query-input\":{\"@type\":\"PropertyValueSpecification\",\"valueRequired\":true,\"valueName\":\"search_term_string\"}}],\"inLanguage\":\"it-IT\"}]}<\/script>\n<!-- \/ Yoast SEO plugin. -->","yoast_head_json":{"title":"Angolo Madre Antonia - Hermanas Oblatas","robots":{"index":"index","follow":"follow","max-snippet":"max-snippet:-1","max-image-preview":"max-image-preview:large","max-video-preview":"max-video-preview:-1"},"canonical":"https:\/\/hermanasoblatas.org\/it\/rincon-madre-antonia","og_locale":"it_IT","og_type":"article","og_title":"Angolo Madre Antonia - Hermanas Oblatas","og_description":"Madre Antonia Maria della Misericordia, appartiene alle grandi figure femminili del XIX secolo e fu una donna con una cultura avanza per i suoi tempi. La sua profonda sensibilit\u00e0 davanti alla realt\u00e0 della donna vittima della prostituzione la port\u00f2 a fondare la nostra congregazione nel 1870. La Chiesa l&#8217;ha nominata Venerabile, nel 1962. Conosci qualcosa &hellip; Leggi tutto \"Angolo Madre Antonia\"","og_url":"https:\/\/hermanasoblatas.org\/it\/rincon-madre-antonia","og_site_name":"Hermanas Oblatas","article_modified_time":"2019-11-07T11:36:55+00:00","twitter_card":"summary_large_image","schema":{"@context":"https:\/\/schema.org","@graph":[{"@type":"WebPage","@id":"https:\/\/hermanasoblatas.org\/it\/rincon-madre-antonia","url":"https:\/\/hermanasoblatas.org\/it\/rincon-madre-antonia","name":"Angolo Madre Antonia - Hermanas Oblatas","isPartOf":{"@id":"https:\/\/hermanasoblatas.org\/#website"},"datePublished":"2016-08-05T10:34:03+00:00","dateModified":"2019-11-07T11:36:55+00:00","breadcrumb":{"@id":"https:\/\/hermanasoblatas.org\/it\/rincon-madre-antonia#breadcrumb"},"inLanguage":"it-IT","potentialAction":[{"@type":"ReadAction","target":["https:\/\/hermanasoblatas.org\/it\/rincon-madre-antonia"]}]},{"@type":"BreadcrumbList","@id":"https:\/\/hermanasoblatas.org\/it\/rincon-madre-antonia#breadcrumb","itemListElement":[{"@type":"ListItem","position":1,"name":"Home","item":"https:\/\/hermanasoblatas.org\/it"},{"@type":"ListItem","position":2,"name":"Angolo Madre Antonia"}]},{"@type":"WebSite","@id":"https:\/\/hermanasoblatas.org\/#website","url":"https:\/\/hermanasoblatas.org\/","name":"Hermanas Oblatas","description":"Hermanas Oblatas del Sant\u00edsimo Redentor","potentialAction":[{"@type":"SearchAction","target":{"@type":"EntryPoint","urlTemplate":"https:\/\/hermanasoblatas.org\/?s={search_term_string}"},"query-input":{"@type":"PropertyValueSpecification","valueRequired":true,"valueName":"search_term_string"}}],"inLanguage":"it-IT"}]}},"_links":{"self":[{"href":"https:\/\/hermanasoblatas.org\/it\/wp-json\/wp\/v2\/pages\/2221","targetHints":{"allow":["GET"]}}],"collection":[{"href":"https:\/\/hermanasoblatas.org\/it\/wp-json\/wp\/v2\/pages"}],"about":[{"href":"https:\/\/hermanasoblatas.org\/it\/wp-json\/wp\/v2\/types\/page"}],"author":[{"embeddable":true,"href":"https:\/\/hermanasoblatas.org\/it\/wp-json\/wp\/v2\/users\/3"}],"replies":[{"embeddable":true,"href":"https:\/\/hermanasoblatas.org\/it\/wp-json\/wp\/v2\/comments?post=2221"}],"version-history":[{"count":7,"href":"https:\/\/hermanasoblatas.org\/it\/wp-json\/wp\/v2\/pages\/2221\/revisions"}],"predecessor-version":[{"id":8882,"href":"https:\/\/hermanasoblatas.org\/it\/wp-json\/wp\/v2\/pages\/2221\/revisions\/8882"}],"wp:attachment":[{"href":"https:\/\/hermanasoblatas.org\/it\/wp-json\/wp\/v2\/media?parent=2221"}],"curies":[{"name":"wp","href":"https:\/\/api.w.org\/{rel}","templated":true}]}}