{"id":2244,"date":"2016-11-24T08:31:05","date_gmt":"2016-11-24T08:31:05","guid":{"rendered":"http:\/\/hermanasoblatas.org\/colabora\/voluntariado"},"modified":"2017-10-13T09:51:05","modified_gmt":"2017-10-13T07:51:05","slug":"voluntariado","status":"publish","type":"page","link":"https:\/\/hermanasoblatas.org\/it\/colabora\/voluntariado","title":{"rendered":"Volontariato"},"content":{"rendered":"<p>Il volontariato oblata facilita il canale per esercitare la solidariet\u00e0 attraverso l&#8217; azione sociale e la vicinanza alla realt\u00e0 della donna che vive in una situazione di prostituzione.<br \/>\nTrover\u00e0 uno spazio di accoglienza, coinvolgimento, formazione e scoperte, che trasformeranno la tua vita.<\/p>\n<p>Vuoi essere volontario o volontaria? Coraggio, scrivi!\u00a0 Sarai contattato attraverso i progetti dei differenti paesi.<\/p>\n<p>&nbsp;<\/p>\n","protected":false},"excerpt":{"rendered":"<p>Il volontariato oblata facilita il canale per esercitare la solidariet\u00e0 attraverso l&#8217; azione sociale e la vicinanza alla realt\u00e0 della donna che vive in una situazione di prostituzione. Trover\u00e0 uno spazio di accoglienza, coinvolgimento, formazione e scoperte, che trasformeranno la tua vita. Vuoi essere volontario o volontaria? Coraggio, scrivi!\u00a0 Sarai contattato attraverso i progetti dei &hellip; <a href=\"https:\/\/hermanasoblatas.org\/it\/colabora\/voluntariado\" class=\"more-link\">Leggi tutto<span class=\"screen-reader-text\"> &#8220;Volontariato&#8221;<\/span><\/a><\/p>\n","protected":false},"author":3,"featured_media":0,"parent":2240,"menu_order":0,"comment_status":"closed","ping_status":"closed","template":"page-contacto.php","meta":{"_acf_changed":false,"om_disable_all_campaigns":false,"_monsterinsights_skip_tracking":false,"_monsterinsights_sitenote_active":false,"_monsterinsights_sitenote_note":"","_monsterinsights_sitenote_category":0,"footnotes":""},"class_list":["post-2244","page","type-page","status-publish","hentry"],"acf":[],"yoast_head":"<!-- This site is optimized with the Yoast SEO plugin v26.8 - https:\/\/yoast.com\/product\/yoast-seo-wordpress\/ -->\n<title>Volontariato - Hermanas Oblatas<\/title>\n<meta name=\"robots\" content=\"index, follow, max-snippet:-1, max-image-preview:large, max-video-preview:-1\" \/>\n<link rel=\"canonical\" href=\"https:\/\/hermanasoblatas.org\/it\/colabora\/voluntariado\" \/>\n<meta property=\"og:locale\" content=\"it_IT\" \/>\n<meta property=\"og:type\" content=\"article\" \/>\n<meta property=\"og:title\" content=\"Volontariato - Hermanas Oblatas\" \/>\n<meta property=\"og:description\" content=\"Il volontariato oblata facilita il canale per esercitare la solidariet\u00e0 attraverso l&#8217; azione sociale e la vicinanza alla realt\u00e0 della donna che vive in una situazione di prostituzione. Trover\u00e0 uno spazio di accoglienza, coinvolgimento, formazione e scoperte, che trasformeranno la tua vita. Vuoi essere volontario o volontaria? Coraggio, scrivi!\u00a0 Sarai contattato attraverso i progetti dei &hellip; Leggi tutto &quot;Volontariato&quot;\" \/>\n<meta property=\"og:url\" content=\"https:\/\/hermanasoblatas.org\/it\/colabora\/voluntariado\" \/>\n<meta property=\"og:site_name\" content=\"Hermanas Oblatas\" \/>\n<meta property=\"article:modified_time\" content=\"2017-10-13T07:51:05+00:00\" \/>\n<meta name=\"twitter:card\" content=\"summary_large_image\" \/>\n<script type=\"application\/ld+json\" class=\"yoast-schema-graph\">{\"@context\":\"https:\/\/schema.org\",\"@graph\":[{\"@type\":\"WebPage\",\"@id\":\"https:\/\/hermanasoblatas.org\/it\/colabora\/voluntariado\",\"url\":\"https:\/\/hermanasoblatas.org\/it\/colabora\/voluntariado\",\"name\":\"Volontariato - Hermanas Oblatas\",\"isPartOf\":{\"@id\":\"https:\/\/hermanasoblatas.org\/#website\"},\"datePublished\":\"2016-11-24T08:31:05+00:00\",\"dateModified\":\"2017-10-13T07:51:05+00:00\",\"breadcrumb\":{\"@id\":\"https:\/\/hermanasoblatas.org\/it\/colabora\/voluntariado#breadcrumb\"},\"inLanguage\":\"it-IT\",\"potentialAction\":[{\"@type\":\"ReadAction\",\"target\":[\"https:\/\/hermanasoblatas.org\/it\/colabora\/voluntariado\"]}]},{\"@type\":\"BreadcrumbList\",\"@id\":\"https:\/\/hermanasoblatas.org\/it\/colabora\/voluntariado#breadcrumb\",\"itemListElement\":[{\"@type\":\"ListItem\",\"position\":1,\"name\":\"Home\",\"item\":\"https:\/\/hermanasoblatas.org\/it\"},{\"@type\":\"ListItem\",\"position\":2,\"name\":\"Collabora\",\"item\":\"https:\/\/hermanasoblatas.org\/it\/colabora\"},{\"@type\":\"ListItem\",\"position\":3,\"name\":\"Volontariato\"}]},{\"@type\":\"WebSite\",\"@id\":\"https:\/\/hermanasoblatas.org\/#website\",\"url\":\"https:\/\/hermanasoblatas.org\/\",\"name\":\"Hermanas Oblatas\",\"description\":\"Hermanas Oblatas del Sant\u00edsimo Redentor\",\"potentialAction\":[{\"@type\":\"SearchAction\",\"target\":{\"@type\":\"EntryPoint\",\"urlTemplate\":\"https:\/\/hermanasoblatas.org\/?s={search_term_string}\"},\"query-input\":{\"@type\":\"PropertyValueSpecification\",\"valueRequired\":true,\"valueName\":\"search_term_string\"}}],\"inLanguage\":\"it-IT\"}]}<\/script>\n<!-- \/ Yoast SEO plugin. -->","yoast_head_json":{"title":"Volontariato - Hermanas Oblatas","robots":{"index":"index","follow":"follow","max-snippet":"max-snippet:-1","max-image-preview":"max-image-preview:large","max-video-preview":"max-video-preview:-1"},"canonical":"https:\/\/hermanasoblatas.org\/it\/colabora\/voluntariado","og_locale":"it_IT","og_type":"article","og_title":"Volontariato - Hermanas Oblatas","og_description":"Il volontariato oblata facilita il canale per esercitare la solidariet\u00e0 attraverso l&#8217; azione sociale e la vicinanza alla realt\u00e0 della donna che vive in una situazione di prostituzione. Trover\u00e0 uno spazio di accoglienza, coinvolgimento, formazione e scoperte, che trasformeranno la tua vita. Vuoi essere volontario o volontaria? Coraggio, scrivi!\u00a0 Sarai contattato attraverso i progetti dei &hellip; Leggi tutto \"Volontariato\"","og_url":"https:\/\/hermanasoblatas.org\/it\/colabora\/voluntariado","og_site_name":"Hermanas Oblatas","article_modified_time":"2017-10-13T07:51:05+00:00","twitter_card":"summary_large_image","schema":{"@context":"https:\/\/schema.org","@graph":[{"@type":"WebPage","@id":"https:\/\/hermanasoblatas.org\/it\/colabora\/voluntariado","url":"https:\/\/hermanasoblatas.org\/it\/colabora\/voluntariado","name":"Volontariato - Hermanas Oblatas","isPartOf":{"@id":"https:\/\/hermanasoblatas.org\/#website"},"datePublished":"2016-11-24T08:31:05+00:00","dateModified":"2017-10-13T07:51:05+00:00","breadcrumb":{"@id":"https:\/\/hermanasoblatas.org\/it\/colabora\/voluntariado#breadcrumb"},"inLanguage":"it-IT","potentialAction":[{"@type":"ReadAction","target":["https:\/\/hermanasoblatas.org\/it\/colabora\/voluntariado"]}]},{"@type":"BreadcrumbList","@id":"https:\/\/hermanasoblatas.org\/it\/colabora\/voluntariado#breadcrumb","itemListElement":[{"@type":"ListItem","position":1,"name":"Home","item":"https:\/\/hermanasoblatas.org\/it"},{"@type":"ListItem","position":2,"name":"Collabora","item":"https:\/\/hermanasoblatas.org\/it\/colabora"},{"@type":"ListItem","position":3,"name":"Volontariato"}]},{"@type":"WebSite","@id":"https:\/\/hermanasoblatas.org\/#website","url":"https:\/\/hermanasoblatas.org\/","name":"Hermanas Oblatas","description":"Hermanas Oblatas del Sant\u00edsimo Redentor","potentialAction":[{"@type":"SearchAction","target":{"@type":"EntryPoint","urlTemplate":"https:\/\/hermanasoblatas.org\/?s={search_term_string}"},"query-input":{"@type":"PropertyValueSpecification","valueRequired":true,"valueName":"search_term_string"}}],"inLanguage":"it-IT"}]}},"_links":{"self":[{"href":"https:\/\/hermanasoblatas.org\/it\/wp-json\/wp\/v2\/pages\/2244","targetHints":{"allow":["GET"]}}],"collection":[{"href":"https:\/\/hermanasoblatas.org\/it\/wp-json\/wp\/v2\/pages"}],"about":[{"href":"https:\/\/hermanasoblatas.org\/it\/wp-json\/wp\/v2\/types\/page"}],"author":[{"embeddable":true,"href":"https:\/\/hermanasoblatas.org\/it\/wp-json\/wp\/v2\/users\/3"}],"replies":[{"embeddable":true,"href":"https:\/\/hermanasoblatas.org\/it\/wp-json\/wp\/v2\/comments?post=2244"}],"version-history":[{"count":5,"href":"https:\/\/hermanasoblatas.org\/it\/wp-json\/wp\/v2\/pages\/2244\/revisions"}],"predecessor-version":[{"id":3377,"href":"https:\/\/hermanasoblatas.org\/it\/wp-json\/wp\/v2\/pages\/2244\/revisions\/3377"}],"up":[{"embeddable":true,"href":"https:\/\/hermanasoblatas.org\/it\/wp-json\/wp\/v2\/pages\/2240"}],"wp:attachment":[{"href":"https:\/\/hermanasoblatas.org\/it\/wp-json\/wp\/v2\/media?parent=2244"}],"curies":[{"name":"wp","href":"https:\/\/api.w.org\/{rel}","templated":true}]}}