{"id":3403,"date":"2017-04-11T11:39:08","date_gmt":"2017-04-11T11:39:08","guid":{"rendered":"http:\/\/hermanasoblatas.org\/prostitucion-y-trata"},"modified":"2018-06-29T11:21:41","modified_gmt":"2018-06-29T09:21:41","slug":"prostitucion-y-trata","status":"publish","type":"page","link":"https:\/\/hermanasoblatas.org\/it\/prostitucion-y-trata","title":{"rendered":"Prostituzione e traffico"},"content":{"rendered":"<p>La generazione di opere derivate \u00e8 consentita purch\u00e9 non sia effettuata l&#8217;uso commerciale. N\u00e9 l&#8217;opera originale pu\u00f2 essere usata per scopi commerciali. In ogni sfruttamento del lavoro sar\u00e0 necessario riconoscere l&#8217;autore e citare il suo autore nonch\u00e9 il presente web. <\/p>\n<p><!--Per poter vedere i documenti \u00e8 necessario indicare i seguenti dati:\n\n[contact-form-7 id=\"3397\" title=\"Prostitucion y trata Ita\"]--><\/p>\n","protected":false},"excerpt":{"rendered":"<p>La generazione di opere derivate \u00e8 consentita purch\u00e9 non sia effettuata l&#8217;uso commerciale. N\u00e9 l&#8217;opera originale pu\u00f2 essere usata per scopi commerciali. In ogni sfruttamento del lavoro sar\u00e0 necessario riconoscere l&#8217;autore e citare il suo autore nonch\u00e9 il presente web.<\/p>\n","protected":false},"author":3,"featured_media":0,"parent":0,"menu_order":0,"comment_status":"closed","ping_status":"closed","template":"page-prostitucion-trata.php","meta":{"_acf_changed":false,"om_disable_all_campaigns":false,"_monsterinsights_skip_tracking":false,"_monsterinsights_sitenote_active":false,"_monsterinsights_sitenote_note":"","_monsterinsights_sitenote_category":0,"footnotes":""},"class_list":["post-3403","page","type-page","status-publish","hentry"],"acf":[],"yoast_head":"<!-- This site is optimized with the Yoast SEO plugin v26.8 - https:\/\/yoast.com\/product\/yoast-seo-wordpress\/ -->\n<title>Prostituzione e traffico - Hermanas Oblatas<\/title>\n<meta name=\"robots\" content=\"index, follow, max-snippet:-1, max-image-preview:large, max-video-preview:-1\" \/>\n<link rel=\"canonical\" href=\"https:\/\/hermanasoblatas.org\/it\/prostitucion-y-trata\" \/>\n<meta property=\"og:locale\" content=\"it_IT\" \/>\n<meta property=\"og:type\" content=\"article\" \/>\n<meta property=\"og:title\" content=\"Prostituzione e traffico - Hermanas Oblatas\" \/>\n<meta property=\"og:description\" content=\"La generazione di opere derivate \u00e8 consentita purch\u00e9 non sia effettuata l&#8217;uso commerciale. N\u00e9 l&#8217;opera originale pu\u00f2 essere usata per scopi commerciali. In ogni sfruttamento del lavoro sar\u00e0 necessario riconoscere l&#8217;autore e citare il suo autore nonch\u00e9 il presente web.\" \/>\n<meta property=\"og:url\" content=\"https:\/\/hermanasoblatas.org\/it\/prostitucion-y-trata\" \/>\n<meta property=\"og:site_name\" content=\"Hermanas Oblatas\" \/>\n<meta property=\"article:modified_time\" content=\"2018-06-29T09:21:41+00:00\" \/>\n<meta name=\"twitter:card\" content=\"summary_large_image\" \/>\n<script type=\"application\/ld+json\" class=\"yoast-schema-graph\">{\"@context\":\"https:\/\/schema.org\",\"@graph\":[{\"@type\":\"WebPage\",\"@id\":\"https:\/\/hermanasoblatas.org\/it\/prostitucion-y-trata\",\"url\":\"https:\/\/hermanasoblatas.org\/it\/prostitucion-y-trata\",\"name\":\"Prostituzione e traffico - Hermanas Oblatas\",\"isPartOf\":{\"@id\":\"https:\/\/hermanasoblatas.org\/#website\"},\"datePublished\":\"2017-04-11T11:39:08+00:00\",\"dateModified\":\"2018-06-29T09:21:41+00:00\",\"breadcrumb\":{\"@id\":\"https:\/\/hermanasoblatas.org\/it\/prostitucion-y-trata#breadcrumb\"},\"inLanguage\":\"it-IT\",\"potentialAction\":[{\"@type\":\"ReadAction\",\"target\":[\"https:\/\/hermanasoblatas.org\/it\/prostitucion-y-trata\"]}]},{\"@type\":\"BreadcrumbList\",\"@id\":\"https:\/\/hermanasoblatas.org\/it\/prostitucion-y-trata#breadcrumb\",\"itemListElement\":[{\"@type\":\"ListItem\",\"position\":1,\"name\":\"Home\",\"item\":\"https:\/\/hermanasoblatas.org\/it\"},{\"@type\":\"ListItem\",\"position\":2,\"name\":\"Prostituzione e traffico\"}]},{\"@type\":\"WebSite\",\"@id\":\"https:\/\/hermanasoblatas.org\/#website\",\"url\":\"https:\/\/hermanasoblatas.org\/\",\"name\":\"Hermanas Oblatas\",\"description\":\"Hermanas Oblatas del Sant\u00edsimo Redentor\",\"potentialAction\":[{\"@type\":\"SearchAction\",\"target\":{\"@type\":\"EntryPoint\",\"urlTemplate\":\"https:\/\/hermanasoblatas.org\/?s={search_term_string}\"},\"query-input\":{\"@type\":\"PropertyValueSpecification\",\"valueRequired\":true,\"valueName\":\"search_term_string\"}}],\"inLanguage\":\"it-IT\"}]}<\/script>\n<!-- \/ Yoast SEO plugin. -->","yoast_head_json":{"title":"Prostituzione e traffico - Hermanas Oblatas","robots":{"index":"index","follow":"follow","max-snippet":"max-snippet:-1","max-image-preview":"max-image-preview:large","max-video-preview":"max-video-preview:-1"},"canonical":"https:\/\/hermanasoblatas.org\/it\/prostitucion-y-trata","og_locale":"it_IT","og_type":"article","og_title":"Prostituzione e traffico - Hermanas Oblatas","og_description":"La generazione di opere derivate \u00e8 consentita purch\u00e9 non sia effettuata l&#8217;uso commerciale. N\u00e9 l&#8217;opera originale pu\u00f2 essere usata per scopi commerciali. In ogni sfruttamento del lavoro sar\u00e0 necessario riconoscere l&#8217;autore e citare il suo autore nonch\u00e9 il presente web.","og_url":"https:\/\/hermanasoblatas.org\/it\/prostitucion-y-trata","og_site_name":"Hermanas Oblatas","article_modified_time":"2018-06-29T09:21:41+00:00","twitter_card":"summary_large_image","schema":{"@context":"https:\/\/schema.org","@graph":[{"@type":"WebPage","@id":"https:\/\/hermanasoblatas.org\/it\/prostitucion-y-trata","url":"https:\/\/hermanasoblatas.org\/it\/prostitucion-y-trata","name":"Prostituzione e traffico - Hermanas Oblatas","isPartOf":{"@id":"https:\/\/hermanasoblatas.org\/#website"},"datePublished":"2017-04-11T11:39:08+00:00","dateModified":"2018-06-29T09:21:41+00:00","breadcrumb":{"@id":"https:\/\/hermanasoblatas.org\/it\/prostitucion-y-trata#breadcrumb"},"inLanguage":"it-IT","potentialAction":[{"@type":"ReadAction","target":["https:\/\/hermanasoblatas.org\/it\/prostitucion-y-trata"]}]},{"@type":"BreadcrumbList","@id":"https:\/\/hermanasoblatas.org\/it\/prostitucion-y-trata#breadcrumb","itemListElement":[{"@type":"ListItem","position":1,"name":"Home","item":"https:\/\/hermanasoblatas.org\/it"},{"@type":"ListItem","position":2,"name":"Prostituzione e traffico"}]},{"@type":"WebSite","@id":"https:\/\/hermanasoblatas.org\/#website","url":"https:\/\/hermanasoblatas.org\/","name":"Hermanas Oblatas","description":"Hermanas Oblatas del Sant\u00edsimo Redentor","potentialAction":[{"@type":"SearchAction","target":{"@type":"EntryPoint","urlTemplate":"https:\/\/hermanasoblatas.org\/?s={search_term_string}"},"query-input":{"@type":"PropertyValueSpecification","valueRequired":true,"valueName":"search_term_string"}}],"inLanguage":"it-IT"}]}},"_links":{"self":[{"href":"https:\/\/hermanasoblatas.org\/it\/wp-json\/wp\/v2\/pages\/3403","targetHints":{"allow":["GET"]}}],"collection":[{"href":"https:\/\/hermanasoblatas.org\/it\/wp-json\/wp\/v2\/pages"}],"about":[{"href":"https:\/\/hermanasoblatas.org\/it\/wp-json\/wp\/v2\/types\/page"}],"author":[{"embeddable":true,"href":"https:\/\/hermanasoblatas.org\/it\/wp-json\/wp\/v2\/users\/3"}],"replies":[{"embeddable":true,"href":"https:\/\/hermanasoblatas.org\/it\/wp-json\/wp\/v2\/comments?post=3403"}],"version-history":[{"count":6,"href":"https:\/\/hermanasoblatas.org\/it\/wp-json\/wp\/v2\/pages\/3403\/revisions"}],"predecessor-version":[{"id":5948,"href":"https:\/\/hermanasoblatas.org\/it\/wp-json\/wp\/v2\/pages\/3403\/revisions\/5948"}],"wp:attachment":[{"href":"https:\/\/hermanasoblatas.org\/it\/wp-json\/wp\/v2\/media?parent=3403"}],"curies":[{"name":"wp","href":"https:\/\/api.w.org\/{rel}","templated":true}]}}