{"id":3495,"date":"2016-11-25T12:54:53","date_gmt":"2016-11-25T12:54:53","guid":{"rendered":"http:\/\/hermanasoblatas.org\/aviso-legal"},"modified":"2018-06-04T11:18:33","modified_gmt":"2018-06-04T09:18:33","slug":"aviso-legal","status":"publish","type":"page","link":"https:\/\/hermanasoblatas.org\/it\/aviso-legal","title":{"rendered":"Avviso Legale"},"content":{"rendered":"<p style=\"text-align: justify;\">Te agradecemos que hayas decidido visitarnos. Queremos que tu experiencia en el sitio sea lo mejor posible.<\/p>\n<p style=\"text-align: justify;\">Para acceder nuestros servicios, declaras que\u00a0<strong>eres mayor de edad<\/strong>\u00a0y que tienes capacidad legal de obrar de acuerdo a tu ley nacional.<\/p>\n<p style=\"text-align: justify;\">El acceso y la navegaci\u00f3n en el sitio web, o el uso de los servicios del mismo, implican la aceptaci\u00f3n expresa e \u00edntegra de estas todas y cada una de las presentes Condiciones Generales, incluidas tanto las Condiciones Particulares fijadas para ciertas promociones como la Pol\u00edtica de Privacidad y Cookies, relativa a las finalidades de los tratamientos de los datos que nos facilites. Por favor, te recomendamos que las leas atentamente.<\/p>\n<p style=\"text-align: justify;\"><span style=\"color: #800080;\"><strong>1.- Informaci\u00f3n Legal.<\/strong><\/span><\/p>\n<p style=\"text-align: justify;\">En cumplimiento de la Ley 34\/2002, de 11 de julio, de Servicios de la Sociedad de la Informaci\u00f3n y del Comercio Electr\u00f3nico, los datos identificativos del titular del Portal Web son:<\/p>\n<p style=\"text-align: justify;\">HHSS OBLATAS DEL SANT\u00cdSIMO REDENTOR<\/p>\n<p style=\"text-align: justify;\">CALLE CARTAGENA, 116<\/p>\n<p style=\"text-align: justify;\">28002 de MADRID<\/p>\n<p style=\"text-align: justify;\">CIF: R2800247<\/p>\n<p style=\"text-align: justify;\">Para cualquier duda o consulta, puede ponerse en contacto con nosotros a trav\u00e9s del Telf: 914 151 643, e-mail: info@hermanasoblatas.org<\/p>\n<p style=\"text-align: justify;\">El acceso a hermanasoblatas.org supone la aceptaci\u00f3n expresa del Usuario a las presentes Condiciones Generales de Uso, que podr\u00e1n ser modificadas o sustituidas por su titular en cualquier momento y sin previo aviso.<\/p>\n<p style=\"text-align: justify;\"><span style=\"color: #800080;\"><strong>2.- Condiciones Generales de Uso.<\/strong><\/span><\/p>\n<p style=\"text-align: justify;\">Las siguientes Condiciones Generales regulan el uso y acceso al portal Web, cuya finalidad es ser puerta de entrada a HHSS OBLATAS DEL SANT\u00cdSIMO REDENTOR, ofreciendo a los usuarios informaci\u00f3n, servicios y contenidos v\u00eda Web. A trav\u00e9s de la p\u00e1gina web, el Usuario tiene acceso a informaci\u00f3n sobre los servicios espec\u00edficos, herramientas y aplicaciones.<\/p>\n<p style=\"text-align: justify;\">El Usuario se compromete a hacer un uso adecuado de los contenidos, servicios, aplicaciones y herramientas que est\u00e1n accesibles, con sujeci\u00f3n a la Ley y a las presentes Condiciones Generales de Uso y, en su caso a las Condiciones Particulares que puedan establecerse para el acceso a determinados servicios y aplicaciones, respetando en todo momento a los dem\u00e1s Usuarios de la misma.<\/p>\n<p style=\"text-align: justify;\">En caso de incumplimiento total o parcial por el Usuario de las presentes condiciones Generales de Uso, HHSS OBLATAS DEL SANT\u00cdSIMO REDENTOR se reserva el derecho de denegar el acceso a sin necesidad de previo aviso al Usuario.<\/p>\n<p style=\"text-align: justify;\"><span style=\"color: #800080;\"><strong>3.- Obligaciones Generales del Usuario.<\/strong><\/span><\/p>\n<p style=\"text-align: justify;\">El Usuario, al aceptar las presentes condiciones Generales de Uso, se obliga expresamente a:<\/p>\n<ul>\n<li style=\"text-align: justify;\">No realizar ninguna acci\u00f3n destinada perjudicar, bloquear, da\u00f1ar, inutilizar, sobrecargar, de forma temporal o definitiva, las funcionalidades, herramientas, contenidos y\/o la infraestructura de la p\u00e1gina web, de manera que impida su normal utilizaci\u00f3n.<\/li>\n<li style=\"text-align: justify;\">Custodiar y mantener la confidencialidad de las claves de acceso asociadas a su nombre de Usuario, siendo responsable de la utilizaci\u00f3n de dichas claves de acceso personales e intransferibles por parte de terceros.<\/li>\n<li style=\"text-align: justify;\">No introducir ni realizar contenidos injuriosos o calumniosos, tanto de otros Usuarios como de terceras empresas ajenas a HHSS OBLATAS DEL SANT\u00cdSIMO REDENTOR.<\/li>\n<li style=\"text-align: justify;\">No utilizar cualquiera de los materiales e informaciones contenidos en este Sitio Web con fines il\u00edcitos y expresamente prohibidos en las presentes Condiciones Generales de Uso, as\u00ed como a las condiciones particulares que, en su caso, se establezcan para determinadas aplicaciones y\/o utilidades y que resulten contrarios a los derechos e intereses de HHSS OBLATAS DEL SANT\u00cdSIMO REDENTOR, sus usuarios y\/o terceros.<\/li>\n<li style=\"text-align: justify;\">No ofertar ni distribuir productos y servicios, ni realizar publicidad o comunicaciones comerciales no solicitadas a otros Usuarios y visitantes de HHSS OBLATAS DEL SANT\u00cdSIMO REDENTOR.<\/li>\n<\/ul>\n<p style=\"text-align: justify;\">El Usuario responder\u00e1 de los todos los da\u00f1os y perjuicios de toda naturaleza que HHSS OBLATAS DEL SANT\u00cdSIMO REDENTOR o cualquier tercero pueda sufrir como consecuencia del incumplimiento de cualesquiera de las obligaciones a las que queda sometido por virtud de estas \u201cCondiciones Generales de Uso\u201d o de la ley en relaci\u00f3n con el acceso y\/o utilizaci\u00f3n de la p\u00e1gina.<\/p>\n<p><span style=\"color: #800080;\"><strong>4.- Propiedad Intelectual e Industrial.<\/strong><\/span><\/p>\n<p style=\"text-align: justify;\">El sitio web, las p\u00e1ginas que comprende y la informaci\u00f3n o elementos contenidos en las mismas (incluyendo textos, documentos, fotograf\u00edas, dibujos, representaciones gr\u00e1ficas, entre otros), as\u00ed como logotipos, marcas, nombres comerciales u otros signos distintivos, se encuentran protegidos por derechos de propiedad intelectual o industrial, de los que HHSS OBLATAS DEL SANT\u00cdSIMO REDENTOR es titular o ostenta autorizaci\u00f3n para su utilizaci\u00f3n y comunicaci\u00f3n p\u00fablica de los leg\u00edtimos titulares de las mismas.<\/p>\n<p style=\"text-align: justify;\">El Usuario se obliga a usar los contenidos de forma diligente y correcta, de acuerdo a la ley, la moral y el orden p\u00fablico. HHSS OBLATAS DEL SANT\u00cdSIMO REDENTOR autoriza al Usuario para visualizar la informaci\u00f3n que se contiene en este sitio web, as\u00ed como para efectuar reproducciones privadas (simple actividad de descarga y almacenamiento en sus sistemas inform\u00e1ticos), siempre y cuando los elementos sean destinados \u00fanicamente al uso personal. En ning\u00fan caso, ello significar\u00e1 una autorizaci\u00f3n o licencia sobre los derechos de propiedad de HHSS OBLATAS DEL SANT\u00cdSIMO REDENTOR o de los leg\u00edtimos titulares de las mismas.<\/p>\n<p style=\"text-align: justify;\">El Usuario no est\u00e1 autorizado para proceder a la distribuci\u00f3n, modificaci\u00f3n, cesi\u00f3n o comunicaci\u00f3n p\u00fablica de la informaci\u00f3n contenida en esta Web en cualquier forma y cualquiera que sea su finalidad.<\/p>\n<p><span style=\"color: #800080;\"><strong>5.- Enlaces.<\/strong><\/span><\/p>\n<p style=\"text-align: justify;\">Las conexiones y enlaces a sitios o p\u00e1ginas Web de terceros se han establecido \u00fanicamente como una utilidad para el Usuario. HHSS OBLATAS DEL SANT\u00cdSIMO REDENTOR no es, en ning\u00fan caso, responsable de las mismas o de su contenido.<\/p>\n<p style=\"text-align: justify;\">HHSS OBLATAS DEL SANT\u00cdSIMO REDENTOR no asume ninguna responsabilidad derivada de la existencia de enlaces entre los contenidos de este sitio y contenidos situados fuera del mismo o de cualquier otra menci\u00f3n de contenidos externos a este sitio. Tales enlaces o menciones tienen una finalidad exclusivamente informativa y, en ning\u00fan caso, implican el apoyo, aprobaci\u00f3n, comercializaci\u00f3n o relaci\u00f3n alguna entre HHSS OBLATAS DEL SANT\u00cdSIMO REDENTOR y las personas o entidades autoras y\/o gestoras de tales contenidos o titulares de los sitios donde se encuentren.<\/p>\n<p style=\"text-align: justify;\">Para realizar enlaces con la p\u00e1gina Web ser\u00e1 necesaria la autorizaci\u00f3n expresa y por escrito de los titulares del portal.<\/p>\n<p><span style=\"color: #800080;\"><strong>6.- Responsabilidad.<\/strong><\/span><\/p>\n<p style=\"text-align: justify;\">HHSS OBLATAS DEL SANT\u00cdSIMO REDENTOR no garantiza el acceso continuado, ni la correcta visualizaci\u00f3n, descarga o utilidad de los elementos e informaci\u00f3n contenidos en las p\u00e1ginas del portal que pueden verse impedidos, dificultados o interrumpidos por factores o circunstancias fuera de su control o ajenas a su voluntad, ni de aquellos que sean producidos por la existencia de virus inform\u00e1ticos en Internet.<\/p>\n<p style=\"text-align: justify;\">HHSS OBLATAS DEL SANT\u00cdSIMO REDENTOR no asume responsabilidad alguna por da\u00f1os, perjuicios, p\u00e9rdidas, reclamaciones o gastos, producidos por:<\/p>\n<ol>\n<li style=\"text-align: justify;\">Interferencias, interrupciones, fallos, omisiones, retrasos, bloqueos o desconexiones, motivadas por errores en las l\u00edneas y redes de telecomunicaciones o por cualquier otra causa ajena al control de HHSS OBLATAS DEL SANT\u00cdSIMO REDENTOR.<\/li>\n<li style=\"text-align: justify;\">Intromisiones ileg\u00edtimas mediante el uso de programas malignos de cualquier tipo y a trav\u00e9s de cualquier medio de comunicaci\u00f3n, tales como virus inform\u00e1ticos o cualesquiera otros;<\/li>\n<li style=\"text-align: justify;\">Uso indebido o inadecuado de la p\u00e1gina web de HHSS OBLATAS DEL SANT\u00cdSIMO REDENTOR.<\/li>\n<li style=\"text-align: justify;\">Errores de seguridad o navegaci\u00f3n producidos por un mal funcionamiento del navegador o por el uso de versiones no actualizadas.<\/li>\n<\/ol>\n<p style=\"text-align: justify;\">HHSS OBLATAS DEL SANT\u00cdSIMO REDENTOR no es responsable ni en ning\u00fan caso responder\u00e1 frente a los usuarios y a terceros sobre actos de cualquier tercero ajeno a HHSS OBLATAS DEL SANT\u00cdSIMO REDENTOR que conlleve o pueda suponer la realizaci\u00f3n de actos de competencia desleal y publicidad il\u00edcita o la infracci\u00f3n de los derechos de propiedad intelectual e industrial, de los secretos empresariales, de compromisos contractuales de cualquier clase, de los derechos al honor, a la intimidad personal y familiar y a la imagen, de los derechos de propiedad y de toda otra naturaleza pertenecientes a un tercero por raz\u00f3n de la transmisi\u00f3n, difusi\u00f3n, almacenamiento, puesta a disposici\u00f3n, recepci\u00f3n, obtenci\u00f3n o acceso a los contenidos.<\/p>\n<p style=\"text-align: justify;\"><span style=\"color: #800080;\"><strong>7.- Protecci\u00f3n de Datos de Car\u00e1cter Personal.<\/strong><\/span><\/p>\n<p style=\"text-align: justify;\">Toda la pol\u00edtica de tratamiento de datos personales la encontrar\u00e1s en la Pol\u00edtica de Privacidad, que forma parte integrante de estas Condiciones Generales pero que, por simplicidad, hemos puesto en un documento aparte:\u00a0<a href=\"https:\/\/hermanasoblatas.org\/politica-de-privacidad\"><u>Pol\u00edtica de Privacidad<\/u><\/a>.<\/p>\n<p style=\"text-align: justify;\"><span style=\"color: #800080;\"><strong>8.- Legislaci\u00f3n.<\/strong><\/span><\/p>\n<p style=\"text-align: justify;\">El presente Aviso Legal y sus t\u00e9rminos y condiciones se regir\u00e1n e interpretar\u00e1n de acuerdo con la Legislaci\u00f3n Espa\u00f1ola. El usuario, por el solo hecho de acceder a la p\u00e1gina web u obtener la condici\u00f3n de usuario registrado otorga, de forma irrevocable, su consentimiento a que los Tribunales competentes por defecto puedan conocer de cualquier acci\u00f3n judicial derivada de o relacionada con las presentes condiciones, o con su uso de este Sitio o la navegaci\u00f3n realizada por el mismo.<\/p>\n<p class=\"Textbody\" style=\"margin: 0cm 0cm 0.0001pt; text-align: justify;\">Si alguna cl\u00e1usula o apartado de las presentes Condiciones Generales, que no sea de naturaleza esencial para la existencia del mismo, es declarada nula o inaplicable, la validez de las restantes cl\u00e1usulas no se ver\u00e1 afectada.<\/p>\n","protected":false},"excerpt":{"rendered":"<p>Te agradecemos que hayas decidido visitarnos. Queremos que tu experiencia en el sitio sea lo mejor posible. Para acceder nuestros servicios, declaras que\u00a0eres mayor de edad\u00a0y que tienes capacidad legal de obrar de acuerdo a tu ley nacional. El acceso y la navegaci\u00f3n en el sitio web, o el uso de los servicios del mismo, &hellip; <a href=\"https:\/\/hermanasoblatas.org\/it\/aviso-legal\" class=\"more-link\">Leggi tutto<span class=\"screen-reader-text\"> &#8220;Avviso Legale&#8221;<\/span><\/a><\/p>\n","protected":false},"author":3,"featured_media":0,"parent":0,"menu_order":0,"comment_status":"closed","ping_status":"closed","template":"page-texto.php","meta":{"_acf_changed":false,"om_disable_all_campaigns":false,"_monsterinsights_skip_tracking":false,"_monsterinsights_sitenote_active":false,"_monsterinsights_sitenote_note":"","_monsterinsights_sitenote_category":0,"footnotes":""},"class_list":["post-3495","page","type-page","status-publish","hentry"],"acf":[],"yoast_head":"<!-- This site is optimized with the Yoast SEO plugin v26.8 - https:\/\/yoast.com\/product\/yoast-seo-wordpress\/ -->\n<title>Avviso Legale - Hermanas Oblatas<\/title>\n<meta name=\"robots\" content=\"index, follow, max-snippet:-1, max-image-preview:large, max-video-preview:-1\" \/>\n<link rel=\"canonical\" href=\"https:\/\/hermanasoblatas.org\/it\/aviso-legal\" \/>\n<meta property=\"og:locale\" content=\"it_IT\" \/>\n<meta property=\"og:type\" content=\"article\" \/>\n<meta property=\"og:title\" content=\"Avviso Legale - Hermanas Oblatas\" \/>\n<meta property=\"og:description\" content=\"Te agradecemos que hayas decidido visitarnos. Queremos que tu experiencia en el sitio sea lo mejor posible. Para acceder nuestros servicios, declaras que\u00a0eres mayor de edad\u00a0y que tienes capacidad legal de obrar de acuerdo a tu ley nacional. El acceso y la navegaci\u00f3n en el sitio web, o el uso de los servicios del mismo, &hellip; Leggi tutto &quot;Avviso Legale&quot;\" \/>\n<meta property=\"og:url\" content=\"https:\/\/hermanasoblatas.org\/it\/aviso-legal\" \/>\n<meta property=\"og:site_name\" content=\"Hermanas Oblatas\" \/>\n<meta property=\"article:modified_time\" content=\"2018-06-04T09:18:33+00:00\" \/>\n<meta name=\"twitter:card\" content=\"summary_large_image\" \/>\n<meta name=\"twitter:label1\" content=\"Tempo di lettura stimato\" \/>\n\t<meta name=\"twitter:data1\" content=\"8 minuti\" \/>\n<script type=\"application\/ld+json\" class=\"yoast-schema-graph\">{\"@context\":\"https:\/\/schema.org\",\"@graph\":[{\"@type\":\"WebPage\",\"@id\":\"https:\/\/hermanasoblatas.org\/it\/aviso-legal\",\"url\":\"https:\/\/hermanasoblatas.org\/it\/aviso-legal\",\"name\":\"Avviso Legale - Hermanas Oblatas\",\"isPartOf\":{\"@id\":\"https:\/\/hermanasoblatas.org\/#website\"},\"datePublished\":\"2016-11-25T12:54:53+00:00\",\"dateModified\":\"2018-06-04T09:18:33+00:00\",\"breadcrumb\":{\"@id\":\"https:\/\/hermanasoblatas.org\/it\/aviso-legal#breadcrumb\"},\"inLanguage\":\"it-IT\",\"potentialAction\":[{\"@type\":\"ReadAction\",\"target\":[\"https:\/\/hermanasoblatas.org\/it\/aviso-legal\"]}]},{\"@type\":\"BreadcrumbList\",\"@id\":\"https:\/\/hermanasoblatas.org\/it\/aviso-legal#breadcrumb\",\"itemListElement\":[{\"@type\":\"ListItem\",\"position\":1,\"name\":\"Home\",\"item\":\"https:\/\/hermanasoblatas.org\/it\"},{\"@type\":\"ListItem\",\"position\":2,\"name\":\"Avviso Legale\"}]},{\"@type\":\"WebSite\",\"@id\":\"https:\/\/hermanasoblatas.org\/#website\",\"url\":\"https:\/\/hermanasoblatas.org\/\",\"name\":\"Hermanas Oblatas\",\"description\":\"Hermanas Oblatas del Sant\u00edsimo Redentor\",\"potentialAction\":[{\"@type\":\"SearchAction\",\"target\":{\"@type\":\"EntryPoint\",\"urlTemplate\":\"https:\/\/hermanasoblatas.org\/?s={search_term_string}\"},\"query-input\":{\"@type\":\"PropertyValueSpecification\",\"valueRequired\":true,\"valueName\":\"search_term_string\"}}],\"inLanguage\":\"it-IT\"}]}<\/script>\n<!-- \/ Yoast SEO plugin. -->","yoast_head_json":{"title":"Avviso Legale - Hermanas Oblatas","robots":{"index":"index","follow":"follow","max-snippet":"max-snippet:-1","max-image-preview":"max-image-preview:large","max-video-preview":"max-video-preview:-1"},"canonical":"https:\/\/hermanasoblatas.org\/it\/aviso-legal","og_locale":"it_IT","og_type":"article","og_title":"Avviso Legale - Hermanas Oblatas","og_description":"Te agradecemos que hayas decidido visitarnos. Queremos que tu experiencia en el sitio sea lo mejor posible. Para acceder nuestros servicios, declaras que\u00a0eres mayor de edad\u00a0y que tienes capacidad legal de obrar de acuerdo a tu ley nacional. El acceso y la navegaci\u00f3n en el sitio web, o el uso de los servicios del mismo, &hellip; Leggi tutto \"Avviso Legale\"","og_url":"https:\/\/hermanasoblatas.org\/it\/aviso-legal","og_site_name":"Hermanas Oblatas","article_modified_time":"2018-06-04T09:18:33+00:00","twitter_card":"summary_large_image","twitter_misc":{"Tempo di lettura stimato":"8 minuti"},"schema":{"@context":"https:\/\/schema.org","@graph":[{"@type":"WebPage","@id":"https:\/\/hermanasoblatas.org\/it\/aviso-legal","url":"https:\/\/hermanasoblatas.org\/it\/aviso-legal","name":"Avviso Legale - Hermanas Oblatas","isPartOf":{"@id":"https:\/\/hermanasoblatas.org\/#website"},"datePublished":"2016-11-25T12:54:53+00:00","dateModified":"2018-06-04T09:18:33+00:00","breadcrumb":{"@id":"https:\/\/hermanasoblatas.org\/it\/aviso-legal#breadcrumb"},"inLanguage":"it-IT","potentialAction":[{"@type":"ReadAction","target":["https:\/\/hermanasoblatas.org\/it\/aviso-legal"]}]},{"@type":"BreadcrumbList","@id":"https:\/\/hermanasoblatas.org\/it\/aviso-legal#breadcrumb","itemListElement":[{"@type":"ListItem","position":1,"name":"Home","item":"https:\/\/hermanasoblatas.org\/it"},{"@type":"ListItem","position":2,"name":"Avviso Legale"}]},{"@type":"WebSite","@id":"https:\/\/hermanasoblatas.org\/#website","url":"https:\/\/hermanasoblatas.org\/","name":"Hermanas Oblatas","description":"Hermanas Oblatas del Sant\u00edsimo Redentor","potentialAction":[{"@type":"SearchAction","target":{"@type":"EntryPoint","urlTemplate":"https:\/\/hermanasoblatas.org\/?s={search_term_string}"},"query-input":{"@type":"PropertyValueSpecification","valueRequired":true,"valueName":"search_term_string"}}],"inLanguage":"it-IT"}]}},"_links":{"self":[{"href":"https:\/\/hermanasoblatas.org\/it\/wp-json\/wp\/v2\/pages\/3495","targetHints":{"allow":["GET"]}}],"collection":[{"href":"https:\/\/hermanasoblatas.org\/it\/wp-json\/wp\/v2\/pages"}],"about":[{"href":"https:\/\/hermanasoblatas.org\/it\/wp-json\/wp\/v2\/types\/page"}],"author":[{"embeddable":true,"href":"https:\/\/hermanasoblatas.org\/it\/wp-json\/wp\/v2\/users\/3"}],"replies":[{"embeddable":true,"href":"https:\/\/hermanasoblatas.org\/it\/wp-json\/wp\/v2\/comments?post=3495"}],"version-history":[{"count":3,"href":"https:\/\/hermanasoblatas.org\/it\/wp-json\/wp\/v2\/pages\/3495\/revisions"}],"predecessor-version":[{"id":5793,"href":"https:\/\/hermanasoblatas.org\/it\/wp-json\/wp\/v2\/pages\/3495\/revisions\/5793"}],"wp:attachment":[{"href":"https:\/\/hermanasoblatas.org\/it\/wp-json\/wp\/v2\/media?parent=3495"}],"curies":[{"name":"wp","href":"https:\/\/api.w.org\/{rel}","templated":true}]}}