{"id":12531,"date":"2021-12-20T13:53:33","date_gmt":"2021-12-20T11:53:33","guid":{"rendered":"https:\/\/hermanasoblatas.org\/pt-pt\/fundacao\/pelicula-cruce-de-caminos"},"modified":"2025-10-16T13:46:09","modified_gmt":"2025-10-16T11:46:09","slug":"pelicula-si-todas-las-puertas-se-cierran","status":"publish","type":"page","link":"https:\/\/hermanasoblatas.org\/pt-pt\/fundacao\/pelicula-si-todas-las-puertas-se-cierran","title":{"rendered":"Pel\u00edcula &#8220;Si todas las puertas se cierran&#8221;"},"content":{"rendered":"<p><img loading=\"lazy\" decoding=\"async\" class=\"aligncenter wp-image-15705 size-large\" src=\"https:\/\/hermanasoblatas.org\/wp-content\/uploads\/2023\/01\/FOTO-REPORTE-OBLATAS-23_06-scaled-e1673349086327-1024x516.jpg\" alt=\"Fotograma de &quot;Si todas las puertas se cierran&quot;\" width=\"840\" height=\"423\" srcset=\"https:\/\/hermanasoblatas.org\/wp-content\/uploads\/2023\/01\/FOTO-REPORTE-OBLATAS-23_06-scaled-e1673349086327-1024x516.jpg 1024w, https:\/\/hermanasoblatas.org\/wp-content\/uploads\/2023\/01\/FOTO-REPORTE-OBLATAS-23_06-scaled-e1673349086327-300x151.jpg 300w, https:\/\/hermanasoblatas.org\/wp-content\/uploads\/2023\/01\/FOTO-REPORTE-OBLATAS-23_06-scaled-e1673349086327-768x387.jpg 768w, https:\/\/hermanasoblatas.org\/wp-content\/uploads\/2023\/01\/FOTO-REPORTE-OBLATAS-23_06-scaled-e1673349086327-1536x775.jpg 1536w, https:\/\/hermanasoblatas.org\/wp-content\/uploads\/2023\/01\/FOTO-REPORTE-OBLATAS-23_06-scaled-e1673349086327-2048x1033.jpg 2048w, https:\/\/hermanasoblatas.org\/wp-content\/uploads\/2023\/01\/FOTO-REPORTE-OBLATAS-23_06-scaled-e1673349086327-1200x605.jpg 1200w\" sizes=\"auto, (max-width: 709px) 85vw, (max-width: 909px) 67vw, (max-width: 1362px) 62vw, 840px\" \/><\/p>\n<p>Come\u00e7a a contagem regressiva para a <strong><span style=\"color: #800080;\">estreia do filme <\/span><\/strong>Se todas as portas se fecham, promovido pelas Irm\u00e3s Oblatas do Sant\u00edssimo Redentor!<\/p>\n<p>J\u00e1 est\u00e1 dispon\u00edvel o <span style=\"color: #800080;\"><strong><a style=\"color: #800080;\" href=\"https:\/\/www.youtube.com\/watch?v=bgQVAICcv0s\">trailer<\/a><\/strong><\/span> do longa-metragem dirigido por <span style=\"color: #800080;\"><strong>Antonio Cuadri<\/strong><\/span> (<em>Operaci\u00f3n Concha<\/em>, <em>Coraz\u00f3n Ardiente<\/em>) e produzido por Tono Escudero (<em>Abuelos<\/em>, <em>El vuelo del tren<\/em>). Estamos na reta final para a chegada do longa \u00e0 grande tela e damos os \u00faltimos passos para cobrir os custos destinados \u00e0 promo\u00e7\u00e3o e divulga\u00e7\u00e3o do filme.<\/p>\n<p>Na pr\u00f3xima sexta-feira, <span style=\"color: #800080;\"><strong>27 de janeiro<\/strong><\/span>, lan\u00e7aremos a<strong><span style=\"color: #800080;\"> <a style=\"color: #800080;\" href=\"https:\/\/vkm.is\/sitodaslaspuertas\">campanha de crowdfunding<\/a><\/span><\/strong>, realizada pela produtora do filme, Ulises Producciones, na plataforma <a href=\"https:\/\/vkm.is\/sitodaslaspuertas\">Verkami<\/a>, com o objetivo de alcan\u00e7ar 9.000 euros em 40 dias para financiar o filme.<\/p>\n<p>Com esta campanha, apresentaremos o videoclipe oficial, o projeto completo, os personagens, frames e outros conte\u00fados, e o mais divertido: ser\u00e3o apresentados os artigos do filme criados para a ocasi\u00e3o, que poder\u00e3o ser obtidos pelas pessoas conforme sua contribui\u00e7\u00e3o econ\u00f4mica. Precisamos alcan\u00e7ar <strong><span style=\"color: #800080;\">o maior n\u00famero de pessoas poss\u00edvel<\/span><\/strong>!<\/p>\n<p><iframe loading=\"lazy\" title=\"Trailer &quot;Si todas las puertas se cierran&quot;\" width=\"840\" height=\"473\" src=\"https:\/\/www.youtube.com\/embed\/bgQVAICcv0s?feature=oembed\" frameborder=\"0\" allow=\"accelerometer; autoplay; clipboard-write; encrypted-media; gyroscope; picture-in-picture; web-share\" referrerpolicy=\"strict-origin-when-cross-origin\" allowfullscreen><\/iframe><\/p>\n","protected":false},"excerpt":{"rendered":"<p>Come\u00e7a a contagem regressiva para a estreia do filme Se todas as portas se fecham, promovido pelas Irm\u00e3s Oblatas do Sant\u00edssimo Redentor! J\u00e1 est\u00e1 dispon\u00edvel o trailer do longa-metragem dirigido por Antonio Cuadri (Operaci\u00f3n Concha, Coraz\u00f3n Ardiente) e produzido por Tono Escudero (Abuelos, El vuelo del tren). Estamos na reta final para a chegada do &hellip; <a href=\"https:\/\/hermanasoblatas.org\/pt-pt\/fundacao\/pelicula-si-todas-las-puertas-se-cierran\" class=\"more-link\">Continue lendo<span class=\"screen-reader-text\"> &#8220;Pel\u00edcula &#8220;Si todas las puertas se cierran&#8221;&#8221;<\/span><\/a><\/p>\n","protected":false},"author":3,"featured_media":0,"parent":2080,"menu_order":0,"comment_status":"closed","ping_status":"closed","template":"page-fundadores.php","meta":{"_acf_changed":false,"om_disable_all_campaigns":false,"_monsterinsights_skip_tracking":false,"_monsterinsights_sitenote_active":false,"_monsterinsights_sitenote_note":"","_monsterinsights_sitenote_category":0,"footnotes":""},"class_list":["post-12531","page","type-page","status-publish","hentry"],"acf":[],"yoast_head":"<!-- This site is optimized with the Yoast SEO plugin v27.3 - https:\/\/yoast.com\/product\/yoast-seo-wordpress\/ -->\n<title>Pel\u00edcula &quot;Si todas las puertas se cierran&quot; - Hermanas Oblatas<\/title>\n<meta name=\"robots\" content=\"index, follow, max-snippet:-1, max-image-preview:large, max-video-preview:-1\" \/>\n<link rel=\"canonical\" href=\"https:\/\/hermanasoblatas.org\/pt-pt\/fundacao\/pelicula-si-todas-las-puertas-se-cierran\" \/>\n<meta property=\"og:locale\" content=\"pt_PT\" \/>\n<meta property=\"og:type\" content=\"article\" \/>\n<meta property=\"og:title\" content=\"Pel\u00edcula &quot;Si todas las puertas se cierran&quot; - Hermanas Oblatas\" \/>\n<meta property=\"og:description\" content=\"Come\u00e7a a contagem regressiva para a estreia do filme Se todas as portas se fecham, promovido pelas Irm\u00e3s Oblatas do Sant\u00edssimo Redentor! J\u00e1 est\u00e1 dispon\u00edvel o trailer do longa-metragem dirigido por Antonio Cuadri (Operaci\u00f3n Concha, Coraz\u00f3n Ardiente) e produzido por Tono Escudero (Abuelos, El vuelo del tren). Estamos na reta final para a chegada do &hellip; Continue lendo &quot;Pel\u00edcula &#8220;Si todas las puertas se cierran&#8221;&quot;\" \/>\n<meta property=\"og:url\" content=\"https:\/\/hermanasoblatas.org\/pt-pt\/fundacao\/pelicula-si-todas-las-puertas-se-cierran\" \/>\n<meta property=\"og:site_name\" content=\"Hermanas Oblatas\" \/>\n<meta property=\"article:modified_time\" content=\"2025-10-16T11:46:09+00:00\" \/>\n<meta property=\"og:image\" content=\"https:\/\/hermanasoblatas.org\/wp-content\/uploads\/2023\/01\/FOTO-REPORTE-OBLATAS-23_06-scaled-e1673349086327.jpg\" \/>\n\t<meta property=\"og:image:width\" content=\"2560\" \/>\n\t<meta property=\"og:image:height\" content=\"1291\" \/>\n\t<meta property=\"og:image:type\" content=\"image\/jpeg\" \/>\n<meta name=\"twitter:card\" content=\"summary_large_image\" \/>\n<meta name=\"twitter:label1\" content=\"Tempo estimado de leitura\" \/>\n\t<meta name=\"twitter:data1\" content=\"1 minuto\" \/>\n<script type=\"application\/ld+json\" class=\"yoast-schema-graph\">{\"@context\":\"https:\\\/\\\/schema.org\",\"@graph\":[{\"@type\":\"WebPage\",\"@id\":\"https:\\\/\\\/hermanasoblatas.org\\\/pt-pt\\\/fundacao\\\/pelicula-si-todas-las-puertas-se-cierran\",\"url\":\"https:\\\/\\\/hermanasoblatas.org\\\/pt-pt\\\/fundacao\\\/pelicula-si-todas-las-puertas-se-cierran\",\"name\":\"Pel\u00edcula \\\"Si todas las puertas se cierran\\\" - Hermanas Oblatas\",\"isPartOf\":{\"@id\":\"https:\\\/\\\/hermanasoblatas.org\\\/#website\"},\"primaryImageOfPage\":{\"@id\":\"https:\\\/\\\/hermanasoblatas.org\\\/pt-pt\\\/fundacao\\\/pelicula-si-todas-las-puertas-se-cierran#primaryimage\"},\"image\":{\"@id\":\"https:\\\/\\\/hermanasoblatas.org\\\/pt-pt\\\/fundacao\\\/pelicula-si-todas-las-puertas-se-cierran#primaryimage\"},\"thumbnailUrl\":\"https:\\\/\\\/hermanasoblatas.org\\\/wp-content\\\/uploads\\\/2023\\\/01\\\/FOTO-REPORTE-OBLATAS-23_06-scaled-e1673349086327-1024x516.jpg\",\"datePublished\":\"2021-12-20T11:53:33+00:00\",\"dateModified\":\"2025-10-16T11:46:09+00:00\",\"breadcrumb\":{\"@id\":\"https:\\\/\\\/hermanasoblatas.org\\\/pt-pt\\\/fundacao\\\/pelicula-si-todas-las-puertas-se-cierran#breadcrumb\"},\"inLanguage\":\"pt-PT\",\"potentialAction\":[{\"@type\":\"ReadAction\",\"target\":[\"https:\\\/\\\/hermanasoblatas.org\\\/pt-pt\\\/fundacao\\\/pelicula-si-todas-las-puertas-se-cierran\"]}]},{\"@type\":\"ImageObject\",\"inLanguage\":\"pt-PT\",\"@id\":\"https:\\\/\\\/hermanasoblatas.org\\\/pt-pt\\\/fundacao\\\/pelicula-si-todas-las-puertas-se-cierran#primaryimage\",\"url\":\"https:\\\/\\\/hermanasoblatas.org\\\/wp-content\\\/uploads\\\/2023\\\/01\\\/FOTO-REPORTE-OBLATAS-23_06-scaled-e1673349086327-1024x516.jpg\",\"contentUrl\":\"https:\\\/\\\/hermanasoblatas.org\\\/wp-content\\\/uploads\\\/2023\\\/01\\\/FOTO-REPORTE-OBLATAS-23_06-scaled-e1673349086327-1024x516.jpg\"},{\"@type\":\"BreadcrumbList\",\"@id\":\"https:\\\/\\\/hermanasoblatas.org\\\/pt-pt\\\/fundacao\\\/pelicula-si-todas-las-puertas-se-cierran#breadcrumb\",\"itemListElement\":[{\"@type\":\"ListItem\",\"position\":1,\"name\":\"Home\",\"item\":\"https:\\\/\\\/hermanasoblatas.org\\\/pt-pt\"},{\"@type\":\"ListItem\",\"position\":2,\"name\":\"Funda\u00e7\u00e3o\",\"item\":\"https:\\\/\\\/hermanasoblatas.org\\\/pt-pt\\\/fundacao\"},{\"@type\":\"ListItem\",\"position\":3,\"name\":\"Pel\u00edcula \u00abSi todas las puertas se cierran\u00bb\"}]},{\"@type\":\"WebSite\",\"@id\":\"https:\\\/\\\/hermanasoblatas.org\\\/#website\",\"url\":\"https:\\\/\\\/hermanasoblatas.org\\\/\",\"name\":\"Hermanas Oblatas\",\"description\":\"Hermanas Oblatas del Sant\u00edsimo Redentor\",\"potentialAction\":[{\"@type\":\"SearchAction\",\"target\":{\"@type\":\"EntryPoint\",\"urlTemplate\":\"https:\\\/\\\/hermanasoblatas.org\\\/?s={search_term_string}\"},\"query-input\":{\"@type\":\"PropertyValueSpecification\",\"valueRequired\":true,\"valueName\":\"search_term_string\"}}],\"inLanguage\":\"pt-PT\"}]}<\/script>\n<!-- \/ Yoast SEO plugin. -->","yoast_head_json":{"title":"Pel\u00edcula \"Si todas las puertas se cierran\" - Hermanas Oblatas","robots":{"index":"index","follow":"follow","max-snippet":"max-snippet:-1","max-image-preview":"max-image-preview:large","max-video-preview":"max-video-preview:-1"},"canonical":"https:\/\/hermanasoblatas.org\/pt-pt\/fundacao\/pelicula-si-todas-las-puertas-se-cierran","og_locale":"pt_PT","og_type":"article","og_title":"Pel\u00edcula \"Si todas las puertas se cierran\" - Hermanas Oblatas","og_description":"Come\u00e7a a contagem regressiva para a estreia do filme Se todas as portas se fecham, promovido pelas Irm\u00e3s Oblatas do Sant\u00edssimo Redentor! J\u00e1 est\u00e1 dispon\u00edvel o trailer do longa-metragem dirigido por Antonio Cuadri (Operaci\u00f3n Concha, Coraz\u00f3n Ardiente) e produzido por Tono Escudero (Abuelos, El vuelo del tren). Estamos na reta final para a chegada do &hellip; Continue lendo \"Pel\u00edcula &#8220;Si todas las puertas se cierran&#8221;\"","og_url":"https:\/\/hermanasoblatas.org\/pt-pt\/fundacao\/pelicula-si-todas-las-puertas-se-cierran","og_site_name":"Hermanas Oblatas","article_modified_time":"2025-10-16T11:46:09+00:00","og_image":[{"width":2560,"height":1291,"url":"https:\/\/hermanasoblatas.org\/wp-content\/uploads\/2023\/01\/FOTO-REPORTE-OBLATAS-23_06-scaled-e1673349086327.jpg","type":"image\/jpeg"}],"twitter_card":"summary_large_image","twitter_misc":{"Tempo estimado de leitura":"1 minuto"},"schema":{"@context":"https:\/\/schema.org","@graph":[{"@type":"WebPage","@id":"https:\/\/hermanasoblatas.org\/pt-pt\/fundacao\/pelicula-si-todas-las-puertas-se-cierran","url":"https:\/\/hermanasoblatas.org\/pt-pt\/fundacao\/pelicula-si-todas-las-puertas-se-cierran","name":"Pel\u00edcula \"Si todas las puertas se cierran\" - Hermanas Oblatas","isPartOf":{"@id":"https:\/\/hermanasoblatas.org\/#website"},"primaryImageOfPage":{"@id":"https:\/\/hermanasoblatas.org\/pt-pt\/fundacao\/pelicula-si-todas-las-puertas-se-cierran#primaryimage"},"image":{"@id":"https:\/\/hermanasoblatas.org\/pt-pt\/fundacao\/pelicula-si-todas-las-puertas-se-cierran#primaryimage"},"thumbnailUrl":"https:\/\/hermanasoblatas.org\/wp-content\/uploads\/2023\/01\/FOTO-REPORTE-OBLATAS-23_06-scaled-e1673349086327-1024x516.jpg","datePublished":"2021-12-20T11:53:33+00:00","dateModified":"2025-10-16T11:46:09+00:00","breadcrumb":{"@id":"https:\/\/hermanasoblatas.org\/pt-pt\/fundacao\/pelicula-si-todas-las-puertas-se-cierran#breadcrumb"},"inLanguage":"pt-PT","potentialAction":[{"@type":"ReadAction","target":["https:\/\/hermanasoblatas.org\/pt-pt\/fundacao\/pelicula-si-todas-las-puertas-se-cierran"]}]},{"@type":"ImageObject","inLanguage":"pt-PT","@id":"https:\/\/hermanasoblatas.org\/pt-pt\/fundacao\/pelicula-si-todas-las-puertas-se-cierran#primaryimage","url":"https:\/\/hermanasoblatas.org\/wp-content\/uploads\/2023\/01\/FOTO-REPORTE-OBLATAS-23_06-scaled-e1673349086327-1024x516.jpg","contentUrl":"https:\/\/hermanasoblatas.org\/wp-content\/uploads\/2023\/01\/FOTO-REPORTE-OBLATAS-23_06-scaled-e1673349086327-1024x516.jpg"},{"@type":"BreadcrumbList","@id":"https:\/\/hermanasoblatas.org\/pt-pt\/fundacao\/pelicula-si-todas-las-puertas-se-cierran#breadcrumb","itemListElement":[{"@type":"ListItem","position":1,"name":"Home","item":"https:\/\/hermanasoblatas.org\/pt-pt"},{"@type":"ListItem","position":2,"name":"Funda\u00e7\u00e3o","item":"https:\/\/hermanasoblatas.org\/pt-pt\/fundacao"},{"@type":"ListItem","position":3,"name":"Pel\u00edcula \u00abSi todas las puertas se cierran\u00bb"}]},{"@type":"WebSite","@id":"https:\/\/hermanasoblatas.org\/#website","url":"https:\/\/hermanasoblatas.org\/","name":"Hermanas Oblatas","description":"Hermanas Oblatas del Sant\u00edsimo Redentor","potentialAction":[{"@type":"SearchAction","target":{"@type":"EntryPoint","urlTemplate":"https:\/\/hermanasoblatas.org\/?s={search_term_string}"},"query-input":{"@type":"PropertyValueSpecification","valueRequired":true,"valueName":"search_term_string"}}],"inLanguage":"pt-PT"}]}},"_links":{"self":[{"href":"https:\/\/hermanasoblatas.org\/pt-pt\/wp-json\/wp\/v2\/pages\/12531","targetHints":{"allow":["GET"]}}],"collection":[{"href":"https:\/\/hermanasoblatas.org\/pt-pt\/wp-json\/wp\/v2\/pages"}],"about":[{"href":"https:\/\/hermanasoblatas.org\/pt-pt\/wp-json\/wp\/v2\/types\/page"}],"author":[{"embeddable":true,"href":"https:\/\/hermanasoblatas.org\/pt-pt\/wp-json\/wp\/v2\/users\/3"}],"replies":[{"embeddable":true,"href":"https:\/\/hermanasoblatas.org\/pt-pt\/wp-json\/wp\/v2\/comments?post=12531"}],"version-history":[{"count":25,"href":"https:\/\/hermanasoblatas.org\/pt-pt\/wp-json\/wp\/v2\/pages\/12531\/revisions"}],"predecessor-version":[{"id":21448,"href":"https:\/\/hermanasoblatas.org\/pt-pt\/wp-json\/wp\/v2\/pages\/12531\/revisions\/21448"}],"up":[{"embeddable":true,"href":"https:\/\/hermanasoblatas.org\/pt-pt\/wp-json\/wp\/v2\/pages\/2080"}],"wp:attachment":[{"href":"https:\/\/hermanasoblatas.org\/pt-pt\/wp-json\/wp\/v2\/media?parent=12531"}],"curies":[{"name":"wp","href":"https:\/\/api.w.org\/{rel}","templated":true}]}}