{"id":2072,"date":"2016-08-05T10:32:51","date_gmt":"2016-08-05T10:32:51","guid":{"rendered":"http:\/\/hermanasoblatas.org\/quienes-somos"},"modified":"2025-03-25T12:37:51","modified_gmt":"2025-03-25T10:37:51","slug":"quienes-somos","status":"publish","type":"page","link":"https:\/\/hermanasoblatas.org\/pt-pt\/conheca-nos\/quienes-somos","title":{"rendered":"Quem Somos?"},"content":{"rendered":"<p>As Irm\u00e3s Oblatas do Sant\u00edssimo Redentor somos um grupo de mulheres chamadas, convocadas em comunidade e enviadas a viver o seguimento de Jesus, sendo <strong>Boa Not\u00edcia do Reino para as mulheres que exercem prostitui\u00e7\u00e3o e\/ou s\u00e3o v\u00edtimas do tr\u00e1fico para fins de explora\u00e7\u00e3o sexual.<\/strong><\/p>\n<p>Nosso ser de Oblatas faz com que comprometamos nossas vidas em favor da <strong>igualdade, <\/strong>da<strong> justi\u00e7a, <\/strong>da<strong> liberta\u00e7\u00e3o <\/strong>e da<strong> vida.<\/strong><\/p>\n<p>Este apaixonante projeto, iniciado por nossos Fundadores,<a href=\"https:\/\/hermanasoblatas.org\/pt-pt\/fundacao\/padre-serra\" target=\"_blank\" rel=\"noopener\"> Jos\u00e9 Maria Benito Serra<\/a> e <a href=\"https:\/\/hermanasoblatas.org\/pt-pt\/fundacao\/antonia-ma-oviedo-schonthal\" target=\"_blank\" rel=\"noopener\">Antonia Maria da Miseric\u00f3rdia<\/a>, desenvolve-se em <strong>Miss\u00e3o compartilhada <\/strong>com toda a \u201cFam\u00edlia Oblata\u201d dando lugar, desde as diferentes formas de colabora\u00e7\u00e3o, olhares, experi\u00eancias vitais e perfis profissionais, a<strong> respostas criativas e audazes.<\/strong><\/p>\n<p>Atualmente estamos presentes em <a href=\"https:\/\/hermanasoblatas.org\/pt-pt\/conheca-nos\/en-el-mundo\" target=\"_blank\" rel=\"noopener\"><strong>16 pa\u00edses.<\/strong><\/a><\/p>\n<p>Conhe\u00e7a nossa hist\u00f3ria <strong>neste <a href=\"https:\/\/www.youtube.com\/watch?v=lJiWBCOXHNQ\" target=\"_blank\" rel=\"noopener\">v\u00eddeo<\/a><\/strong><\/p>\n","protected":false},"excerpt":{"rendered":"<p>As Irm\u00e3s Oblatas do Sant\u00edssimo Redentor somos um grupo de mulheres chamadas, convocadas em comunidade e enviadas a viver o seguimento de Jesus, sendo Boa Not\u00edcia do Reino para as mulheres que exercem prostitui\u00e7\u00e3o e\/ou s\u00e3o v\u00edtimas do tr\u00e1fico para fins de explora\u00e7\u00e3o sexual. Nosso ser de Oblatas faz com que comprometamos nossas vidas em &hellip; <a href=\"https:\/\/hermanasoblatas.org\/pt-pt\/conheca-nos\/quienes-somos\" class=\"more-link\">Continue lendo<span class=\"screen-reader-text\"> &#8220;Quem Somos?&#8221;<\/span><\/a><\/p>\n","protected":false},"author":3,"featured_media":0,"parent":2107,"menu_order":0,"comment_status":"closed","ping_status":"closed","template":"page-quienes.php","meta":{"_acf_changed":false,"om_disable_all_campaigns":false,"_monsterinsights_skip_tracking":false,"_monsterinsights_sitenote_active":false,"_monsterinsights_sitenote_note":"","_monsterinsights_sitenote_category":0,"footnotes":""},"class_list":["post-2072","page","type-page","status-publish","hentry"],"acf":[],"yoast_head":"<!-- This site is optimized with the Yoast SEO plugin v27.3 - https:\/\/yoast.com\/product\/yoast-seo-wordpress\/ -->\n<title>Quem Somos? - Hermanas Oblatas<\/title>\n<meta name=\"robots\" content=\"index, follow, max-snippet:-1, max-image-preview:large, max-video-preview:-1\" \/>\n<link rel=\"canonical\" href=\"https:\/\/hermanasoblatas.org\/pt-pt\/conheca-nos\/quienes-somos\" \/>\n<meta property=\"og:locale\" content=\"pt_PT\" \/>\n<meta property=\"og:type\" content=\"article\" \/>\n<meta property=\"og:title\" content=\"Quem Somos? - Hermanas Oblatas\" \/>\n<meta property=\"og:description\" content=\"As Irm\u00e3s Oblatas do Sant\u00edssimo Redentor somos um grupo de mulheres chamadas, convocadas em comunidade e enviadas a viver o seguimento de Jesus, sendo Boa Not\u00edcia do Reino para as mulheres que exercem prostitui\u00e7\u00e3o e\/ou s\u00e3o v\u00edtimas do tr\u00e1fico para fins de explora\u00e7\u00e3o sexual. Nosso ser de Oblatas faz com que comprometamos nossas vidas em &hellip; Continue lendo &quot;Quem Somos?&quot;\" \/>\n<meta property=\"og:url\" content=\"https:\/\/hermanasoblatas.org\/pt-pt\/conheca-nos\/quienes-somos\" \/>\n<meta property=\"og:site_name\" content=\"Hermanas Oblatas\" \/>\n<meta property=\"article:modified_time\" content=\"2025-03-25T10:37:51+00:00\" \/>\n<meta name=\"twitter:card\" content=\"summary_large_image\" \/>\n<meta name=\"twitter:label1\" content=\"Tempo estimado de leitura\" \/>\n\t<meta name=\"twitter:data1\" content=\"1 minuto\" \/>\n<script type=\"application\/ld+json\" class=\"yoast-schema-graph\">{\"@context\":\"https:\\\/\\\/schema.org\",\"@graph\":[{\"@type\":\"WebPage\",\"@id\":\"https:\\\/\\\/hermanasoblatas.org\\\/pt-pt\\\/conheca-nos\\\/quienes-somos\",\"url\":\"https:\\\/\\\/hermanasoblatas.org\\\/pt-pt\\\/conheca-nos\\\/quienes-somos\",\"name\":\"Quem Somos? - Hermanas Oblatas\",\"isPartOf\":{\"@id\":\"https:\\\/\\\/hermanasoblatas.org\\\/#website\"},\"datePublished\":\"2016-08-05T10:32:51+00:00\",\"dateModified\":\"2025-03-25T10:37:51+00:00\",\"breadcrumb\":{\"@id\":\"https:\\\/\\\/hermanasoblatas.org\\\/pt-pt\\\/conheca-nos\\\/quienes-somos#breadcrumb\"},\"inLanguage\":\"pt-PT\",\"potentialAction\":[{\"@type\":\"ReadAction\",\"target\":[\"https:\\\/\\\/hermanasoblatas.org\\\/pt-pt\\\/conheca-nos\\\/quienes-somos\"]}]},{\"@type\":\"BreadcrumbList\",\"@id\":\"https:\\\/\\\/hermanasoblatas.org\\\/pt-pt\\\/conheca-nos\\\/quienes-somos#breadcrumb\",\"itemListElement\":[{\"@type\":\"ListItem\",\"position\":1,\"name\":\"Home\",\"item\":\"https:\\\/\\\/hermanasoblatas.org\\\/pt-pt\"},{\"@type\":\"ListItem\",\"position\":2,\"name\":\"Conhe\u00e7a-nos\",\"item\":\"https:\\\/\\\/hermanasoblatas.org\\\/pt-pt\\\/conheca-nos\"},{\"@type\":\"ListItem\",\"position\":3,\"name\":\"Quem Somos?\"}]},{\"@type\":\"WebSite\",\"@id\":\"https:\\\/\\\/hermanasoblatas.org\\\/#website\",\"url\":\"https:\\\/\\\/hermanasoblatas.org\\\/\",\"name\":\"Hermanas Oblatas\",\"description\":\"Hermanas Oblatas del Sant\u00edsimo Redentor\",\"potentialAction\":[{\"@type\":\"SearchAction\",\"target\":{\"@type\":\"EntryPoint\",\"urlTemplate\":\"https:\\\/\\\/hermanasoblatas.org\\\/?s={search_term_string}\"},\"query-input\":{\"@type\":\"PropertyValueSpecification\",\"valueRequired\":true,\"valueName\":\"search_term_string\"}}],\"inLanguage\":\"pt-PT\"}]}<\/script>\n<!-- \/ Yoast SEO plugin. -->","yoast_head_json":{"title":"Quem Somos? - Hermanas Oblatas","robots":{"index":"index","follow":"follow","max-snippet":"max-snippet:-1","max-image-preview":"max-image-preview:large","max-video-preview":"max-video-preview:-1"},"canonical":"https:\/\/hermanasoblatas.org\/pt-pt\/conheca-nos\/quienes-somos","og_locale":"pt_PT","og_type":"article","og_title":"Quem Somos? - Hermanas Oblatas","og_description":"As Irm\u00e3s Oblatas do Sant\u00edssimo Redentor somos um grupo de mulheres chamadas, convocadas em comunidade e enviadas a viver o seguimento de Jesus, sendo Boa Not\u00edcia do Reino para as mulheres que exercem prostitui\u00e7\u00e3o e\/ou s\u00e3o v\u00edtimas do tr\u00e1fico para fins de explora\u00e7\u00e3o sexual. Nosso ser de Oblatas faz com que comprometamos nossas vidas em &hellip; Continue lendo \"Quem Somos?\"","og_url":"https:\/\/hermanasoblatas.org\/pt-pt\/conheca-nos\/quienes-somos","og_site_name":"Hermanas Oblatas","article_modified_time":"2025-03-25T10:37:51+00:00","twitter_card":"summary_large_image","twitter_misc":{"Tempo estimado de leitura":"1 minuto"},"schema":{"@context":"https:\/\/schema.org","@graph":[{"@type":"WebPage","@id":"https:\/\/hermanasoblatas.org\/pt-pt\/conheca-nos\/quienes-somos","url":"https:\/\/hermanasoblatas.org\/pt-pt\/conheca-nos\/quienes-somos","name":"Quem Somos? - Hermanas Oblatas","isPartOf":{"@id":"https:\/\/hermanasoblatas.org\/#website"},"datePublished":"2016-08-05T10:32:51+00:00","dateModified":"2025-03-25T10:37:51+00:00","breadcrumb":{"@id":"https:\/\/hermanasoblatas.org\/pt-pt\/conheca-nos\/quienes-somos#breadcrumb"},"inLanguage":"pt-PT","potentialAction":[{"@type":"ReadAction","target":["https:\/\/hermanasoblatas.org\/pt-pt\/conheca-nos\/quienes-somos"]}]},{"@type":"BreadcrumbList","@id":"https:\/\/hermanasoblatas.org\/pt-pt\/conheca-nos\/quienes-somos#breadcrumb","itemListElement":[{"@type":"ListItem","position":1,"name":"Home","item":"https:\/\/hermanasoblatas.org\/pt-pt"},{"@type":"ListItem","position":2,"name":"Conhe\u00e7a-nos","item":"https:\/\/hermanasoblatas.org\/pt-pt\/conheca-nos"},{"@type":"ListItem","position":3,"name":"Quem Somos?"}]},{"@type":"WebSite","@id":"https:\/\/hermanasoblatas.org\/#website","url":"https:\/\/hermanasoblatas.org\/","name":"Hermanas Oblatas","description":"Hermanas Oblatas del Sant\u00edsimo Redentor","potentialAction":[{"@type":"SearchAction","target":{"@type":"EntryPoint","urlTemplate":"https:\/\/hermanasoblatas.org\/?s={search_term_string}"},"query-input":{"@type":"PropertyValueSpecification","valueRequired":true,"valueName":"search_term_string"}}],"inLanguage":"pt-PT"}]}},"_links":{"self":[{"href":"https:\/\/hermanasoblatas.org\/pt-pt\/wp-json\/wp\/v2\/pages\/2072","targetHints":{"allow":["GET"]}}],"collection":[{"href":"https:\/\/hermanasoblatas.org\/pt-pt\/wp-json\/wp\/v2\/pages"}],"about":[{"href":"https:\/\/hermanasoblatas.org\/pt-pt\/wp-json\/wp\/v2\/types\/page"}],"author":[{"embeddable":true,"href":"https:\/\/hermanasoblatas.org\/pt-pt\/wp-json\/wp\/v2\/users\/3"}],"replies":[{"embeddable":true,"href":"https:\/\/hermanasoblatas.org\/pt-pt\/wp-json\/wp\/v2\/comments?post=2072"}],"version-history":[{"count":5,"href":"https:\/\/hermanasoblatas.org\/pt-pt\/wp-json\/wp\/v2\/pages\/2072\/revisions"}],"predecessor-version":[{"id":20487,"href":"https:\/\/hermanasoblatas.org\/pt-pt\/wp-json\/wp\/v2\/pages\/2072\/revisions\/20487"}],"up":[{"embeddable":true,"href":"https:\/\/hermanasoblatas.org\/pt-pt\/wp-json\/wp\/v2\/pages\/2107"}],"wp:attachment":[{"href":"https:\/\/hermanasoblatas.org\/pt-pt\/wp-json\/wp\/v2\/media?parent=2072"}],"curies":[{"name":"wp","href":"https:\/\/api.w.org\/{rel}","templated":true}]}}