{"id":2135,"date":"2016-11-24T08:15:55","date_gmt":"2016-11-24T08:15:55","guid":{"rendered":"http:\/\/hermanasoblatas.org\/nuestra-mision\/mision-y-valores"},"modified":"2017-10-13T09:51:40","modified_gmt":"2017-10-13T07:51:40","slug":"mision-y-valores","status":"publish","type":"page","link":"https:\/\/hermanasoblatas.org\/pt-pt\/nuestra-mision\/mision-y-valores","title":{"rendered":"Misi\u00f3n y Objetivos"},"content":{"rendered":"<p>A miss\u00e3o evangelizadora de Jesus \u00e9 realizada pelas oblatas no compromisso solid\u00e1rio e caminho compartilhado com as meninas, jovens e mulheres que se encontram em contextos de prostitui\u00e7\u00e3o ou s\u00e3o v\u00edtimas de tr\u00e1fico com fins de explora\u00e7\u00e3o sexual. Uma miss\u00e3o que nos compromete na defesa de seus direitos, na busca de oportunidades de promo\u00e7\u00e3o e inclus\u00e3o e leva-nos a estabelecer estreitas rela\u00e7\u00f5es de cumplicidade, desde o reconhecimento e a igualdade.<\/p>\n<p>As crises socioecon\u00f4micas e humanit\u00e1rias, juntamente com as profundas transforma\u00e7\u00f5es sociais, pol\u00edticas e culturais, demonstram como a pobreza, a exclus\u00e3o estrutural e a desigualdade, tem particular impacto nas mulheres. Isto nos desafia a:<\/p>\n<ul>\n<li>Manter-nos em din\u00e2mica de discernimento, com uma perspectiva global, para atualizar a compreens\u00e3o da miss\u00e3o \u00e0 luz dos novos desafios gerados pela din\u00e2mica social e cultural.<\/li>\n<li>Permanecer no imperativo evang\u00e9lico para entrarmos em contextos de exclus\u00e3o e prostitui\u00e7\u00e3o, com implica\u00e7\u00e3o prof\u00e9tica, solidariedade real e afirma\u00e7\u00e3o do Deus da Vida.<\/li>\n<li>Empenhar-nos na defesa dos direitos humanos civis, culturais e sociais das mulheres em contextos de prostitui\u00e7\u00e3o ou v\u00edtimas de tr\u00e1fico com fins se explora\u00e7\u00e3o sexual, libertando-nos de uma sociedade onde prevalece o preconceito e a rejei\u00e7\u00e3o deste grupo de mulheres.<\/li>\n<\/ul>\n<p>Voc\u00ea pode ver dois de nossos projetos na Brasil:<strong><a href=\"https:\/\/www.youtube.com\/watch?v=dTm7tIZ9KaE\" target=\"_blank\"> Miss\u00e3o Oblata<\/a>; <a href=\"https:\/\/www.youtube.com\/watch?v=tVoOmriS0Vw\" target=\"_blank\">Rede Oblata<\/a>; e\u00a0<a href=\"https:\/\/www.youtube.com\/watch?v=ECaA528cWN0\" target=\"_blank\">Miss\u00e3o OblataComo podemos fazer a diferen\u00e7a?<\/a><\/strong><\/p>\n<p><img loading=\"lazy\" decoding=\"async\" class=\"aligncenter wp-image-1537 size-large\" src=\"https:\/\/hermanasoblatas.org\/wp-content\/uploads\/2016\/11\/misionyobjetivos_lineabaja-1024x199.jpg\" alt=\"misionyobjetivos_lineabaja\" width=\"840\" height=\"163\" srcset=\"https:\/\/hermanasoblatas.org\/wp-content\/uploads\/2016\/11\/misionyobjetivos_lineabaja-1024x199.jpg 1024w, https:\/\/hermanasoblatas.org\/wp-content\/uploads\/2016\/11\/misionyobjetivos_lineabaja-300x58.jpg 300w, https:\/\/hermanasoblatas.org\/wp-content\/uploads\/2016\/11\/misionyobjetivos_lineabaja-768x149.jpg 768w, https:\/\/hermanasoblatas.org\/wp-content\/uploads\/2016\/11\/misionyobjetivos_lineabaja-1200x233.jpg 1200w, https:\/\/hermanasoblatas.org\/wp-content\/uploads\/2016\/11\/misionyobjetivos_lineabaja.jpg 1241w\" sizes=\"auto, (max-width: 709px) 85vw, (max-width: 909px) 67vw, (max-width: 1362px) 62vw, 840px\" \/><\/p>\n","protected":false},"excerpt":{"rendered":"<p>A miss\u00e3o evangelizadora de Jesus \u00e9 realizada pelas oblatas no compromisso solid\u00e1rio e caminho compartilhado com as meninas, jovens e mulheres que se encontram em contextos de prostitui\u00e7\u00e3o ou s\u00e3o v\u00edtimas de tr\u00e1fico com fins de explora\u00e7\u00e3o sexual. Uma miss\u00e3o que nos compromete na defesa de seus direitos, na busca de oportunidades de promo\u00e7\u00e3o e &hellip; <a href=\"https:\/\/hermanasoblatas.org\/pt-pt\/nuestra-mision\/mision-y-valores\" class=\"more-link\">Continue lendo<span class=\"screen-reader-text\"> &#8220;Misi\u00f3n y Objetivos&#8221;<\/span><\/a><\/p>\n","protected":false},"author":3,"featured_media":0,"parent":2128,"menu_order":0,"comment_status":"closed","ping_status":"closed","template":"page-mision.php","meta":{"_acf_changed":false,"om_disable_all_campaigns":false,"_monsterinsights_skip_tracking":false,"_monsterinsights_sitenote_active":false,"_monsterinsights_sitenote_note":"","_monsterinsights_sitenote_category":0,"footnotes":""},"class_list":["post-2135","page","type-page","status-publish","hentry"],"acf":[],"yoast_head":"<!-- This site is optimized with the Yoast SEO plugin v26.8 - https:\/\/yoast.com\/product\/yoast-seo-wordpress\/ -->\n<title>Misi\u00f3n y Objetivos - Hermanas Oblatas<\/title>\n<meta name=\"robots\" content=\"index, follow, max-snippet:-1, max-image-preview:large, max-video-preview:-1\" \/>\n<link rel=\"canonical\" href=\"https:\/\/hermanasoblatas.org\/pt-pt\/nuestra-mision\/mision-y-valores\" \/>\n<meta property=\"og:locale\" content=\"pt_PT\" \/>\n<meta property=\"og:type\" content=\"article\" \/>\n<meta property=\"og:title\" content=\"Misi\u00f3n y Objetivos - Hermanas Oblatas\" \/>\n<meta property=\"og:description\" content=\"A miss\u00e3o evangelizadora de Jesus \u00e9 realizada pelas oblatas no compromisso solid\u00e1rio e caminho compartilhado com as meninas, jovens e mulheres que se encontram em contextos de prostitui\u00e7\u00e3o ou s\u00e3o v\u00edtimas de tr\u00e1fico com fins de explora\u00e7\u00e3o sexual. Uma miss\u00e3o que nos compromete na defesa de seus direitos, na busca de oportunidades de promo\u00e7\u00e3o e &hellip; Continue lendo &quot;Misi\u00f3n y Objetivos&quot;\" \/>\n<meta property=\"og:url\" content=\"https:\/\/hermanasoblatas.org\/pt-pt\/nuestra-mision\/mision-y-valores\" \/>\n<meta property=\"og:site_name\" content=\"Hermanas Oblatas\" \/>\n<meta property=\"article:modified_time\" content=\"2017-10-13T07:51:40+00:00\" \/>\n<meta property=\"og:image\" content=\"https:\/\/hermanasoblatas.org\/wp-content\/uploads\/2016\/11\/misionyobjetivos_lineabaja-1024x199.jpg\" \/>\n<meta name=\"twitter:card\" content=\"summary_large_image\" \/>\n<meta name=\"twitter:label1\" content=\"Tempo estimado de leitura\" \/>\n\t<meta name=\"twitter:data1\" content=\"1 minuto\" \/>\n<script type=\"application\/ld+json\" class=\"yoast-schema-graph\">{\"@context\":\"https:\/\/schema.org\",\"@graph\":[{\"@type\":\"WebPage\",\"@id\":\"https:\/\/hermanasoblatas.org\/pt-pt\/nuestra-mision\/mision-y-valores\",\"url\":\"https:\/\/hermanasoblatas.org\/pt-pt\/nuestra-mision\/mision-y-valores\",\"name\":\"Misi\u00f3n y Objetivos - Hermanas Oblatas\",\"isPartOf\":{\"@id\":\"https:\/\/hermanasoblatas.org\/#website\"},\"primaryImageOfPage\":{\"@id\":\"https:\/\/hermanasoblatas.org\/pt-pt\/nuestra-mision\/mision-y-valores#primaryimage\"},\"image\":{\"@id\":\"https:\/\/hermanasoblatas.org\/pt-pt\/nuestra-mision\/mision-y-valores#primaryimage\"},\"thumbnailUrl\":\"https:\/\/hermanasoblatas.org\/wp-content\/uploads\/2016\/11\/misionyobjetivos_lineabaja-1024x199.jpg\",\"datePublished\":\"2016-11-24T08:15:55+00:00\",\"dateModified\":\"2017-10-13T07:51:40+00:00\",\"breadcrumb\":{\"@id\":\"https:\/\/hermanasoblatas.org\/pt-pt\/nuestra-mision\/mision-y-valores#breadcrumb\"},\"inLanguage\":\"pt-PT\",\"potentialAction\":[{\"@type\":\"ReadAction\",\"target\":[\"https:\/\/hermanasoblatas.org\/pt-pt\/nuestra-mision\/mision-y-valores\"]}]},{\"@type\":\"ImageObject\",\"inLanguage\":\"pt-PT\",\"@id\":\"https:\/\/hermanasoblatas.org\/pt-pt\/nuestra-mision\/mision-y-valores#primaryimage\",\"url\":\"https:\/\/hermanasoblatas.org\/wp-content\/uploads\/2016\/11\/misionyobjetivos_lineabaja-1024x199.jpg\",\"contentUrl\":\"https:\/\/hermanasoblatas.org\/wp-content\/uploads\/2016\/11\/misionyobjetivos_lineabaja-1024x199.jpg\"},{\"@type\":\"BreadcrumbList\",\"@id\":\"https:\/\/hermanasoblatas.org\/pt-pt\/nuestra-mision\/mision-y-valores#breadcrumb\",\"itemListElement\":[{\"@type\":\"ListItem\",\"position\":1,\"name\":\"Home\",\"item\":\"https:\/\/hermanasoblatas.org\/pt-pt\"},{\"@type\":\"ListItem\",\"position\":2,\"name\":\"Nossa Miss\u00e3o\",\"item\":\"https:\/\/hermanasoblatas.org\/pt-pt\/nuestra-mision\"},{\"@type\":\"ListItem\",\"position\":3,\"name\":\"Misi\u00f3n y Objetivos\"}]},{\"@type\":\"WebSite\",\"@id\":\"https:\/\/hermanasoblatas.org\/#website\",\"url\":\"https:\/\/hermanasoblatas.org\/\",\"name\":\"Hermanas Oblatas\",\"description\":\"Hermanas Oblatas del Sant\u00edsimo Redentor\",\"potentialAction\":[{\"@type\":\"SearchAction\",\"target\":{\"@type\":\"EntryPoint\",\"urlTemplate\":\"https:\/\/hermanasoblatas.org\/?s={search_term_string}\"},\"query-input\":{\"@type\":\"PropertyValueSpecification\",\"valueRequired\":true,\"valueName\":\"search_term_string\"}}],\"inLanguage\":\"pt-PT\"}]}<\/script>\n<!-- \/ Yoast SEO plugin. -->","yoast_head_json":{"title":"Misi\u00f3n y Objetivos - Hermanas Oblatas","robots":{"index":"index","follow":"follow","max-snippet":"max-snippet:-1","max-image-preview":"max-image-preview:large","max-video-preview":"max-video-preview:-1"},"canonical":"https:\/\/hermanasoblatas.org\/pt-pt\/nuestra-mision\/mision-y-valores","og_locale":"pt_PT","og_type":"article","og_title":"Misi\u00f3n y Objetivos - Hermanas Oblatas","og_description":"A miss\u00e3o evangelizadora de Jesus \u00e9 realizada pelas oblatas no compromisso solid\u00e1rio e caminho compartilhado com as meninas, jovens e mulheres que se encontram em contextos de prostitui\u00e7\u00e3o ou s\u00e3o v\u00edtimas de tr\u00e1fico com fins de explora\u00e7\u00e3o sexual. Uma miss\u00e3o que nos compromete na defesa de seus direitos, na busca de oportunidades de promo\u00e7\u00e3o e &hellip; Continue lendo \"Misi\u00f3n y Objetivos\"","og_url":"https:\/\/hermanasoblatas.org\/pt-pt\/nuestra-mision\/mision-y-valores","og_site_name":"Hermanas Oblatas","article_modified_time":"2017-10-13T07:51:40+00:00","og_image":[{"url":"https:\/\/hermanasoblatas.org\/wp-content\/uploads\/2016\/11\/misionyobjetivos_lineabaja-1024x199.jpg","type":"","width":"","height":""}],"twitter_card":"summary_large_image","twitter_misc":{"Tempo estimado de leitura":"1 minuto"},"schema":{"@context":"https:\/\/schema.org","@graph":[{"@type":"WebPage","@id":"https:\/\/hermanasoblatas.org\/pt-pt\/nuestra-mision\/mision-y-valores","url":"https:\/\/hermanasoblatas.org\/pt-pt\/nuestra-mision\/mision-y-valores","name":"Misi\u00f3n y Objetivos - Hermanas Oblatas","isPartOf":{"@id":"https:\/\/hermanasoblatas.org\/#website"},"primaryImageOfPage":{"@id":"https:\/\/hermanasoblatas.org\/pt-pt\/nuestra-mision\/mision-y-valores#primaryimage"},"image":{"@id":"https:\/\/hermanasoblatas.org\/pt-pt\/nuestra-mision\/mision-y-valores#primaryimage"},"thumbnailUrl":"https:\/\/hermanasoblatas.org\/wp-content\/uploads\/2016\/11\/misionyobjetivos_lineabaja-1024x199.jpg","datePublished":"2016-11-24T08:15:55+00:00","dateModified":"2017-10-13T07:51:40+00:00","breadcrumb":{"@id":"https:\/\/hermanasoblatas.org\/pt-pt\/nuestra-mision\/mision-y-valores#breadcrumb"},"inLanguage":"pt-PT","potentialAction":[{"@type":"ReadAction","target":["https:\/\/hermanasoblatas.org\/pt-pt\/nuestra-mision\/mision-y-valores"]}]},{"@type":"ImageObject","inLanguage":"pt-PT","@id":"https:\/\/hermanasoblatas.org\/pt-pt\/nuestra-mision\/mision-y-valores#primaryimage","url":"https:\/\/hermanasoblatas.org\/wp-content\/uploads\/2016\/11\/misionyobjetivos_lineabaja-1024x199.jpg","contentUrl":"https:\/\/hermanasoblatas.org\/wp-content\/uploads\/2016\/11\/misionyobjetivos_lineabaja-1024x199.jpg"},{"@type":"BreadcrumbList","@id":"https:\/\/hermanasoblatas.org\/pt-pt\/nuestra-mision\/mision-y-valores#breadcrumb","itemListElement":[{"@type":"ListItem","position":1,"name":"Home","item":"https:\/\/hermanasoblatas.org\/pt-pt"},{"@type":"ListItem","position":2,"name":"Nossa Miss\u00e3o","item":"https:\/\/hermanasoblatas.org\/pt-pt\/nuestra-mision"},{"@type":"ListItem","position":3,"name":"Misi\u00f3n y Objetivos"}]},{"@type":"WebSite","@id":"https:\/\/hermanasoblatas.org\/#website","url":"https:\/\/hermanasoblatas.org\/","name":"Hermanas Oblatas","description":"Hermanas Oblatas del Sant\u00edsimo Redentor","potentialAction":[{"@type":"SearchAction","target":{"@type":"EntryPoint","urlTemplate":"https:\/\/hermanasoblatas.org\/?s={search_term_string}"},"query-input":{"@type":"PropertyValueSpecification","valueRequired":true,"valueName":"search_term_string"}}],"inLanguage":"pt-PT"}]}},"_links":{"self":[{"href":"https:\/\/hermanasoblatas.org\/pt-pt\/wp-json\/wp\/v2\/pages\/2135","targetHints":{"allow":["GET"]}}],"collection":[{"href":"https:\/\/hermanasoblatas.org\/pt-pt\/wp-json\/wp\/v2\/pages"}],"about":[{"href":"https:\/\/hermanasoblatas.org\/pt-pt\/wp-json\/wp\/v2\/types\/page"}],"author":[{"embeddable":true,"href":"https:\/\/hermanasoblatas.org\/pt-pt\/wp-json\/wp\/v2\/users\/3"}],"replies":[{"embeddable":true,"href":"https:\/\/hermanasoblatas.org\/pt-pt\/wp-json\/wp\/v2\/comments?post=2135"}],"version-history":[{"count":5,"href":"https:\/\/hermanasoblatas.org\/pt-pt\/wp-json\/wp\/v2\/pages\/2135\/revisions"}],"predecessor-version":[{"id":3225,"href":"https:\/\/hermanasoblatas.org\/pt-pt\/wp-json\/wp\/v2\/pages\/2135\/revisions\/3225"}],"up":[{"embeddable":true,"href":"https:\/\/hermanasoblatas.org\/pt-pt\/wp-json\/wp\/v2\/pages\/2128"}],"wp:attachment":[{"href":"https:\/\/hermanasoblatas.org\/pt-pt\/wp-json\/wp\/v2\/media?parent=2135"}],"curies":[{"name":"wp","href":"https:\/\/api.w.org\/{rel}","templated":true}]}}