{"id":2145,"date":"2016-11-16T10:28:16","date_gmt":"2016-11-16T10:28:16","guid":{"rendered":"http:\/\/hermanasoblatas.org\/nuestra-mision\/proyectos"},"modified":"2025-03-25T14:27:27","modified_gmt":"2025-03-25T12:27:27","slug":"proyectos","status":"publish","type":"page","link":"https:\/\/hermanasoblatas.org\/pt-pt\/nuestra-mision\/proyectos","title":{"rendered":"Projetos"},"content":{"rendered":"<p><strong>Projetos<\/strong><\/p>\n<p>Os projetos e centros sociais das Oblatas, \u00e0 luz dos <a href=\"https:\/\/hermanasoblatas.org\/pt-pt\/nuestra-mision\/mision-y-valores?preview_id=2135&amp;preview_nonce=7758a49726&amp;_thumbnail_id=-1&amp;preview=true\" target=\"_blank\" rel=\"noopener\">objetivos de nossa miss\u00e3o<\/a>, convertem-se em espa\u00e7os de acolhida, apoio e busca de oportunidades para as mulheres. Muitas anseiam e conseguem desvincular-se da complexa realidade da prostitui\u00e7\u00e3o, outras n\u00e3o, mas todas entram em processos de melhoria de sua qualidade de vida pessoal e familiar.<\/p>\n<p>O acompanhamento individualizado, baseado na pedagogia do amor, propicia a passagem das urg\u00eancias aos processos de autonomia e integra\u00e7\u00e3o, que podem desenvolver-se desde a aten\u00e7\u00e3o psicossocial, atendimento residencial, programas de capacita\u00e7\u00e3o, empreendorismos, inser\u00e7\u00e3o laboral e a cria\u00e7\u00e3o de outras a\u00e7\u00f5es individuais ou grupais de acordo com cada realidade.<\/p>\n<p>Conhe\u00e7a nossos projetos em todo o mundo e visite seus sites para obter mais informa\u00e7\u00f5es.<\/p>\n","protected":false},"excerpt":{"rendered":"<p>Projetos Os projetos e centros sociais das Oblatas, \u00e0 luz dos objetivos de nossa miss\u00e3o, convertem-se em espa\u00e7os de acolhida, apoio e busca de oportunidades para as mulheres. Muitas anseiam e conseguem desvincular-se da complexa realidade da prostitui\u00e7\u00e3o, outras n\u00e3o, mas todas entram em processos de melhoria de sua qualidade de vida pessoal e familiar. &hellip; <a href=\"https:\/\/hermanasoblatas.org\/pt-pt\/nuestra-mision\/proyectos\" class=\"more-link\">Continue lendo<span class=\"screen-reader-text\"> &#8220;Projetos&#8221;<\/span><\/a><\/p>\n","protected":false},"author":3,"featured_media":0,"parent":2128,"menu_order":0,"comment_status":"closed","ping_status":"closed","template":"page-proyectos.php","meta":{"_acf_changed":false,"om_disable_all_campaigns":false,"_monsterinsights_skip_tracking":false,"_monsterinsights_sitenote_active":false,"_monsterinsights_sitenote_note":"","_monsterinsights_sitenote_category":0,"footnotes":""},"class_list":["post-2145","page","type-page","status-publish","hentry"],"acf":[],"yoast_head":"<!-- This site is optimized with the Yoast SEO plugin v27.3 - https:\/\/yoast.com\/product\/yoast-seo-wordpress\/ -->\n<title>Projetos - Hermanas Oblatas<\/title>\n<meta name=\"robots\" content=\"index, follow, max-snippet:-1, max-image-preview:large, max-video-preview:-1\" \/>\n<link rel=\"canonical\" href=\"https:\/\/hermanasoblatas.org\/pt-pt\/nuestra-mision\/proyectos\" \/>\n<meta property=\"og:locale\" content=\"pt_PT\" \/>\n<meta property=\"og:type\" content=\"article\" \/>\n<meta property=\"og:title\" content=\"Projetos - Hermanas Oblatas\" \/>\n<meta property=\"og:description\" content=\"Projetos Os projetos e centros sociais das Oblatas, \u00e0 luz dos objetivos de nossa miss\u00e3o, convertem-se em espa\u00e7os de acolhida, apoio e busca de oportunidades para as mulheres. Muitas anseiam e conseguem desvincular-se da complexa realidade da prostitui\u00e7\u00e3o, outras n\u00e3o, mas todas entram em processos de melhoria de sua qualidade de vida pessoal e familiar. &hellip; Continue lendo &quot;Projetos&quot;\" \/>\n<meta property=\"og:url\" content=\"https:\/\/hermanasoblatas.org\/pt-pt\/nuestra-mision\/proyectos\" \/>\n<meta property=\"og:site_name\" content=\"Hermanas Oblatas\" \/>\n<meta property=\"article:modified_time\" content=\"2025-03-25T12:27:27+00:00\" \/>\n<meta name=\"twitter:card\" content=\"summary_large_image\" \/>\n<meta name=\"twitter:label1\" content=\"Tempo estimado de leitura\" \/>\n\t<meta name=\"twitter:data1\" content=\"1 minuto\" \/>\n<script type=\"application\/ld+json\" class=\"yoast-schema-graph\">{\"@context\":\"https:\\\/\\\/schema.org\",\"@graph\":[{\"@type\":\"WebPage\",\"@id\":\"https:\\\/\\\/hermanasoblatas.org\\\/pt-pt\\\/nuestra-mision\\\/proyectos\",\"url\":\"https:\\\/\\\/hermanasoblatas.org\\\/pt-pt\\\/nuestra-mision\\\/proyectos\",\"name\":\"Projetos - Hermanas Oblatas\",\"isPartOf\":{\"@id\":\"https:\\\/\\\/hermanasoblatas.org\\\/#website\"},\"datePublished\":\"2016-11-16T10:28:16+00:00\",\"dateModified\":\"2025-03-25T12:27:27+00:00\",\"breadcrumb\":{\"@id\":\"https:\\\/\\\/hermanasoblatas.org\\\/pt-pt\\\/nuestra-mision\\\/proyectos#breadcrumb\"},\"inLanguage\":\"pt-PT\",\"potentialAction\":[{\"@type\":\"ReadAction\",\"target\":[\"https:\\\/\\\/hermanasoblatas.org\\\/pt-pt\\\/nuestra-mision\\\/proyectos\"]}]},{\"@type\":\"BreadcrumbList\",\"@id\":\"https:\\\/\\\/hermanasoblatas.org\\\/pt-pt\\\/nuestra-mision\\\/proyectos#breadcrumb\",\"itemListElement\":[{\"@type\":\"ListItem\",\"position\":1,\"name\":\"Home\",\"item\":\"https:\\\/\\\/hermanasoblatas.org\\\/pt-pt\"},{\"@type\":\"ListItem\",\"position\":2,\"name\":\"Nossa Miss\u00e3o\",\"item\":\"https:\\\/\\\/hermanasoblatas.org\\\/pt-pt\\\/nuestra-mision\"},{\"@type\":\"ListItem\",\"position\":3,\"name\":\"Projetos\"}]},{\"@type\":\"WebSite\",\"@id\":\"https:\\\/\\\/hermanasoblatas.org\\\/#website\",\"url\":\"https:\\\/\\\/hermanasoblatas.org\\\/\",\"name\":\"Hermanas Oblatas\",\"description\":\"Hermanas Oblatas del Sant\u00edsimo Redentor\",\"potentialAction\":[{\"@type\":\"SearchAction\",\"target\":{\"@type\":\"EntryPoint\",\"urlTemplate\":\"https:\\\/\\\/hermanasoblatas.org\\\/?s={search_term_string}\"},\"query-input\":{\"@type\":\"PropertyValueSpecification\",\"valueRequired\":true,\"valueName\":\"search_term_string\"}}],\"inLanguage\":\"pt-PT\"}]}<\/script>\n<!-- \/ Yoast SEO plugin. -->","yoast_head_json":{"title":"Projetos - Hermanas Oblatas","robots":{"index":"index","follow":"follow","max-snippet":"max-snippet:-1","max-image-preview":"max-image-preview:large","max-video-preview":"max-video-preview:-1"},"canonical":"https:\/\/hermanasoblatas.org\/pt-pt\/nuestra-mision\/proyectos","og_locale":"pt_PT","og_type":"article","og_title":"Projetos - Hermanas Oblatas","og_description":"Projetos Os projetos e centros sociais das Oblatas, \u00e0 luz dos objetivos de nossa miss\u00e3o, convertem-se em espa\u00e7os de acolhida, apoio e busca de oportunidades para as mulheres. Muitas anseiam e conseguem desvincular-se da complexa realidade da prostitui\u00e7\u00e3o, outras n\u00e3o, mas todas entram em processos de melhoria de sua qualidade de vida pessoal e familiar. &hellip; Continue lendo \"Projetos\"","og_url":"https:\/\/hermanasoblatas.org\/pt-pt\/nuestra-mision\/proyectos","og_site_name":"Hermanas Oblatas","article_modified_time":"2025-03-25T12:27:27+00:00","twitter_card":"summary_large_image","twitter_misc":{"Tempo estimado de leitura":"1 minuto"},"schema":{"@context":"https:\/\/schema.org","@graph":[{"@type":"WebPage","@id":"https:\/\/hermanasoblatas.org\/pt-pt\/nuestra-mision\/proyectos","url":"https:\/\/hermanasoblatas.org\/pt-pt\/nuestra-mision\/proyectos","name":"Projetos - Hermanas Oblatas","isPartOf":{"@id":"https:\/\/hermanasoblatas.org\/#website"},"datePublished":"2016-11-16T10:28:16+00:00","dateModified":"2025-03-25T12:27:27+00:00","breadcrumb":{"@id":"https:\/\/hermanasoblatas.org\/pt-pt\/nuestra-mision\/proyectos#breadcrumb"},"inLanguage":"pt-PT","potentialAction":[{"@type":"ReadAction","target":["https:\/\/hermanasoblatas.org\/pt-pt\/nuestra-mision\/proyectos"]}]},{"@type":"BreadcrumbList","@id":"https:\/\/hermanasoblatas.org\/pt-pt\/nuestra-mision\/proyectos#breadcrumb","itemListElement":[{"@type":"ListItem","position":1,"name":"Home","item":"https:\/\/hermanasoblatas.org\/pt-pt"},{"@type":"ListItem","position":2,"name":"Nossa Miss\u00e3o","item":"https:\/\/hermanasoblatas.org\/pt-pt\/nuestra-mision"},{"@type":"ListItem","position":3,"name":"Projetos"}]},{"@type":"WebSite","@id":"https:\/\/hermanasoblatas.org\/#website","url":"https:\/\/hermanasoblatas.org\/","name":"Hermanas Oblatas","description":"Hermanas Oblatas del Sant\u00edsimo Redentor","potentialAction":[{"@type":"SearchAction","target":{"@type":"EntryPoint","urlTemplate":"https:\/\/hermanasoblatas.org\/?s={search_term_string}"},"query-input":{"@type":"PropertyValueSpecification","valueRequired":true,"valueName":"search_term_string"}}],"inLanguage":"pt-PT"}]}},"_links":{"self":[{"href":"https:\/\/hermanasoblatas.org\/pt-pt\/wp-json\/wp\/v2\/pages\/2145","targetHints":{"allow":["GET"]}}],"collection":[{"href":"https:\/\/hermanasoblatas.org\/pt-pt\/wp-json\/wp\/v2\/pages"}],"about":[{"href":"https:\/\/hermanasoblatas.org\/pt-pt\/wp-json\/wp\/v2\/types\/page"}],"author":[{"embeddable":true,"href":"https:\/\/hermanasoblatas.org\/pt-pt\/wp-json\/wp\/v2\/users\/3"}],"replies":[{"embeddable":true,"href":"https:\/\/hermanasoblatas.org\/pt-pt\/wp-json\/wp\/v2\/comments?post=2145"}],"version-history":[{"count":3,"href":"https:\/\/hermanasoblatas.org\/pt-pt\/wp-json\/wp\/v2\/pages\/2145\/revisions"}],"predecessor-version":[{"id":20507,"href":"https:\/\/hermanasoblatas.org\/pt-pt\/wp-json\/wp\/v2\/pages\/2145\/revisions\/20507"}],"up":[{"embeddable":true,"href":"https:\/\/hermanasoblatas.org\/pt-pt\/wp-json\/wp\/v2\/pages\/2128"}],"wp:attachment":[{"href":"https:\/\/hermanasoblatas.org\/pt-pt\/wp-json\/wp\/v2\/media?parent=2145"}],"curies":[{"name":"wp","href":"https:\/\/api.w.org\/{rel}","templated":true}]}}