{"id":2152,"date":"2016-11-25T11:54:01","date_gmt":"2016-11-25T11:54:01","guid":{"rendered":"http:\/\/hermanasoblatas.org\/nuestra-mision\/fundacion"},"modified":"2017-10-13T09:51:40","modified_gmt":"2017-10-13T07:51:40","slug":"fundacion","status":"publish","type":"page","link":"https:\/\/hermanasoblatas.org\/pt-pt\/nuestra-mision\/fundacion","title":{"rendered":"Funda\u00e7\u00e3o"},"content":{"rendered":"<p>A Congrega\u00e7\u00e3o criou a Funda\u00e7\u00e3o Serra-Sch\u00f6nthal em meados do ano 2013, como um instrumento aberto, plural e com grande perspectiva de futuro a servi\u00e7o das mulheres.<\/p>\n<p>Sua Miss\u00e3o \u00e9 o compromisso solid\u00e1rio com as mulheres que exercem prostitui\u00e7\u00e3o e\/ou s\u00e3o v\u00edtimas do tr\u00e1fico com fins de explora\u00e7\u00e3o sexual, como tamb\u00e9m com a den\u00fancia de estruturas que n\u00e3o respeitam os Direitos Humanos proclamados pelas Na\u00e7\u00f5es Unidas, principalmente em situa\u00e7\u00f5es de injusti\u00e7a e viola\u00e7\u00e3o dos direitos das mulheres. (Estatutos Art. 5).<\/p>\n<p>Seus<strong> \u00e2mbitos de atua\u00e7\u00e3o <\/strong>s\u00e3o: estimular, promover e apoiar projetos para:<\/p>\n<ul>\n<li>Proporcionar aten\u00e7\u00e3o integral a meninas, adolescentes e mulheres, em contexto de prostitui\u00e7\u00e3o.<\/li>\n<li>Promover um trabalho comunit\u00e1rio orientado \u00e0 inser\u00e7\u00e3o laboral e social dessas mulheres.<\/li>\n<li>Favorecer seu empoderamento e a capacidade de defender seus direitos pessoais e sociais.<\/li>\n<li>Sensibilizar, formar e incidir sobre o fen\u00f4meno da prostitui\u00e7\u00e3o e o tr\u00e1fico com fins de explora\u00e7\u00e3o sexual.<\/li>\n<li>Captar financiamentos para atender as necessidades de tais projetos.<\/li>\n<\/ul>\n<p><strong><em>\u00a0<\/em><\/strong><strong>Objetivos:<\/strong><\/p>\n<ul>\n<li>Sensibilizar, formar e incidir sobre o fen\u00f4meno da prostitui\u00e7\u00e3o com fins de explora\u00e7\u00e3o sexual.<\/li>\n<li>Apoiar projetos para atender de forma integral a meninas, adolescentes e mulheres em contextos de prostitui\u00e7\u00e3o.<\/li>\n<li>Denunciar situa\u00e7\u00f5es de injusti\u00e7a e viola\u00e7\u00e3o dos direitos das mulheres.<\/li>\n<\/ul>\n<p>Voc\u00ea pode colaborar, contribuindo com uma doa\u00e7\u00e3o para a seguinte conta:<\/p>\n<p><strong>ES50- 0049- 5124- 6221- 1641- 6040 (Bancos Santander de Espanha, SWIFT: BSCHESMMXXX).<\/strong><\/p>\n<p>Entre em contato conosco atrav\u00e9s deste <a class=\"fancybox\" href=\"#formulario\">link\u00a0<\/a>ou em \u00a0<a href=\"mailto:INFO@FUNDACIONSERRASCHONTHAL.ORG\">info@fundacionserraschonthal.org<\/a><\/p>\n","protected":false},"excerpt":{"rendered":"<p>A Congrega\u00e7\u00e3o criou a Funda\u00e7\u00e3o Serra-Sch\u00f6nthal em meados do ano 2013, como um instrumento aberto, plural e com grande perspectiva de futuro a servi\u00e7o das mulheres. Sua Miss\u00e3o \u00e9 o compromisso solid\u00e1rio com as mulheres que exercem prostitui\u00e7\u00e3o e\/ou s\u00e3o v\u00edtimas do tr\u00e1fico com fins de explora\u00e7\u00e3o sexual, como tamb\u00e9m com a den\u00fancia de estruturas &hellip; <a href=\"https:\/\/hermanasoblatas.org\/pt-pt\/nuestra-mision\/fundacion\" class=\"more-link\">Continue lendo<span class=\"screen-reader-text\"> &#8220;Funda\u00e7\u00e3o&#8221;<\/span><\/a><\/p>\n","protected":false},"author":3,"featured_media":0,"parent":2128,"menu_order":0,"comment_status":"closed","ping_status":"closed","template":"page-quienes.php","meta":{"_acf_changed":false,"om_disable_all_campaigns":false,"_monsterinsights_skip_tracking":false,"_monsterinsights_sitenote_active":false,"_monsterinsights_sitenote_note":"","_monsterinsights_sitenote_category":0,"footnotes":""},"class_list":["post-2152","page","type-page","status-publish","hentry"],"acf":[],"yoast_head":"<!-- This site is optimized with the Yoast SEO plugin v26.8 - https:\/\/yoast.com\/product\/yoast-seo-wordpress\/ -->\n<title>Funda\u00e7\u00e3o - Hermanas Oblatas<\/title>\n<meta name=\"robots\" content=\"index, follow, max-snippet:-1, max-image-preview:large, max-video-preview:-1\" \/>\n<link rel=\"canonical\" href=\"https:\/\/hermanasoblatas.org\/pt-pt\/nuestra-mision\/fundacion\" \/>\n<meta property=\"og:locale\" content=\"pt_PT\" \/>\n<meta property=\"og:type\" content=\"article\" \/>\n<meta property=\"og:title\" content=\"Funda\u00e7\u00e3o - Hermanas Oblatas\" \/>\n<meta property=\"og:description\" content=\"A Congrega\u00e7\u00e3o criou a Funda\u00e7\u00e3o Serra-Sch\u00f6nthal em meados do ano 2013, como um instrumento aberto, plural e com grande perspectiva de futuro a servi\u00e7o das mulheres. Sua Miss\u00e3o \u00e9 o compromisso solid\u00e1rio com as mulheres que exercem prostitui\u00e7\u00e3o e\/ou s\u00e3o v\u00edtimas do tr\u00e1fico com fins de explora\u00e7\u00e3o sexual, como tamb\u00e9m com a den\u00fancia de estruturas &hellip; Continue lendo &quot;Funda\u00e7\u00e3o&quot;\" \/>\n<meta property=\"og:url\" content=\"https:\/\/hermanasoblatas.org\/pt-pt\/nuestra-mision\/fundacion\" \/>\n<meta property=\"og:site_name\" content=\"Hermanas Oblatas\" \/>\n<meta property=\"article:modified_time\" content=\"2017-10-13T07:51:40+00:00\" \/>\n<meta name=\"twitter:card\" content=\"summary_large_image\" \/>\n<meta name=\"twitter:label1\" content=\"Tempo estimado de leitura\" \/>\n\t<meta name=\"twitter:data1\" content=\"1 minuto\" \/>\n<script type=\"application\/ld+json\" class=\"yoast-schema-graph\">{\"@context\":\"https:\/\/schema.org\",\"@graph\":[{\"@type\":\"WebPage\",\"@id\":\"https:\/\/hermanasoblatas.org\/pt-pt\/nuestra-mision\/fundacion\",\"url\":\"https:\/\/hermanasoblatas.org\/pt-pt\/nuestra-mision\/fundacion\",\"name\":\"Funda\u00e7\u00e3o - Hermanas Oblatas\",\"isPartOf\":{\"@id\":\"https:\/\/hermanasoblatas.org\/#website\"},\"datePublished\":\"2016-11-25T11:54:01+00:00\",\"dateModified\":\"2017-10-13T07:51:40+00:00\",\"breadcrumb\":{\"@id\":\"https:\/\/hermanasoblatas.org\/pt-pt\/nuestra-mision\/fundacion#breadcrumb\"},\"inLanguage\":\"pt-PT\",\"potentialAction\":[{\"@type\":\"ReadAction\",\"target\":[\"https:\/\/hermanasoblatas.org\/pt-pt\/nuestra-mision\/fundacion\"]}]},{\"@type\":\"BreadcrumbList\",\"@id\":\"https:\/\/hermanasoblatas.org\/pt-pt\/nuestra-mision\/fundacion#breadcrumb\",\"itemListElement\":[{\"@type\":\"ListItem\",\"position\":1,\"name\":\"Home\",\"item\":\"https:\/\/hermanasoblatas.org\/pt-pt\"},{\"@type\":\"ListItem\",\"position\":2,\"name\":\"Nossa Miss\u00e3o\",\"item\":\"https:\/\/hermanasoblatas.org\/pt-pt\/nuestra-mision\"},{\"@type\":\"ListItem\",\"position\":3,\"name\":\"Funda\u00e7\u00e3o\"}]},{\"@type\":\"WebSite\",\"@id\":\"https:\/\/hermanasoblatas.org\/#website\",\"url\":\"https:\/\/hermanasoblatas.org\/\",\"name\":\"Hermanas Oblatas\",\"description\":\"Hermanas Oblatas del Sant\u00edsimo Redentor\",\"potentialAction\":[{\"@type\":\"SearchAction\",\"target\":{\"@type\":\"EntryPoint\",\"urlTemplate\":\"https:\/\/hermanasoblatas.org\/?s={search_term_string}\"},\"query-input\":{\"@type\":\"PropertyValueSpecification\",\"valueRequired\":true,\"valueName\":\"search_term_string\"}}],\"inLanguage\":\"pt-PT\"}]}<\/script>\n<!-- \/ Yoast SEO plugin. -->","yoast_head_json":{"title":"Funda\u00e7\u00e3o - Hermanas Oblatas","robots":{"index":"index","follow":"follow","max-snippet":"max-snippet:-1","max-image-preview":"max-image-preview:large","max-video-preview":"max-video-preview:-1"},"canonical":"https:\/\/hermanasoblatas.org\/pt-pt\/nuestra-mision\/fundacion","og_locale":"pt_PT","og_type":"article","og_title":"Funda\u00e7\u00e3o - Hermanas Oblatas","og_description":"A Congrega\u00e7\u00e3o criou a Funda\u00e7\u00e3o Serra-Sch\u00f6nthal em meados do ano 2013, como um instrumento aberto, plural e com grande perspectiva de futuro a servi\u00e7o das mulheres. Sua Miss\u00e3o \u00e9 o compromisso solid\u00e1rio com as mulheres que exercem prostitui\u00e7\u00e3o e\/ou s\u00e3o v\u00edtimas do tr\u00e1fico com fins de explora\u00e7\u00e3o sexual, como tamb\u00e9m com a den\u00fancia de estruturas &hellip; Continue lendo \"Funda\u00e7\u00e3o\"","og_url":"https:\/\/hermanasoblatas.org\/pt-pt\/nuestra-mision\/fundacion","og_site_name":"Hermanas Oblatas","article_modified_time":"2017-10-13T07:51:40+00:00","twitter_card":"summary_large_image","twitter_misc":{"Tempo estimado de leitura":"1 minuto"},"schema":{"@context":"https:\/\/schema.org","@graph":[{"@type":"WebPage","@id":"https:\/\/hermanasoblatas.org\/pt-pt\/nuestra-mision\/fundacion","url":"https:\/\/hermanasoblatas.org\/pt-pt\/nuestra-mision\/fundacion","name":"Funda\u00e7\u00e3o - Hermanas Oblatas","isPartOf":{"@id":"https:\/\/hermanasoblatas.org\/#website"},"datePublished":"2016-11-25T11:54:01+00:00","dateModified":"2017-10-13T07:51:40+00:00","breadcrumb":{"@id":"https:\/\/hermanasoblatas.org\/pt-pt\/nuestra-mision\/fundacion#breadcrumb"},"inLanguage":"pt-PT","potentialAction":[{"@type":"ReadAction","target":["https:\/\/hermanasoblatas.org\/pt-pt\/nuestra-mision\/fundacion"]}]},{"@type":"BreadcrumbList","@id":"https:\/\/hermanasoblatas.org\/pt-pt\/nuestra-mision\/fundacion#breadcrumb","itemListElement":[{"@type":"ListItem","position":1,"name":"Home","item":"https:\/\/hermanasoblatas.org\/pt-pt"},{"@type":"ListItem","position":2,"name":"Nossa Miss\u00e3o","item":"https:\/\/hermanasoblatas.org\/pt-pt\/nuestra-mision"},{"@type":"ListItem","position":3,"name":"Funda\u00e7\u00e3o"}]},{"@type":"WebSite","@id":"https:\/\/hermanasoblatas.org\/#website","url":"https:\/\/hermanasoblatas.org\/","name":"Hermanas Oblatas","description":"Hermanas Oblatas del Sant\u00edsimo Redentor","potentialAction":[{"@type":"SearchAction","target":{"@type":"EntryPoint","urlTemplate":"https:\/\/hermanasoblatas.org\/?s={search_term_string}"},"query-input":{"@type":"PropertyValueSpecification","valueRequired":true,"valueName":"search_term_string"}}],"inLanguage":"pt-PT"}]}},"_links":{"self":[{"href":"https:\/\/hermanasoblatas.org\/pt-pt\/wp-json\/wp\/v2\/pages\/2152","targetHints":{"allow":["GET"]}}],"collection":[{"href":"https:\/\/hermanasoblatas.org\/pt-pt\/wp-json\/wp\/v2\/pages"}],"about":[{"href":"https:\/\/hermanasoblatas.org\/pt-pt\/wp-json\/wp\/v2\/types\/page"}],"author":[{"embeddable":true,"href":"https:\/\/hermanasoblatas.org\/pt-pt\/wp-json\/wp\/v2\/users\/3"}],"replies":[{"embeddable":true,"href":"https:\/\/hermanasoblatas.org\/pt-pt\/wp-json\/wp\/v2\/comments?post=2152"}],"version-history":[{"count":3,"href":"https:\/\/hermanasoblatas.org\/pt-pt\/wp-json\/wp\/v2\/pages\/2152\/revisions"}],"predecessor-version":[{"id":2649,"href":"https:\/\/hermanasoblatas.org\/pt-pt\/wp-json\/wp\/v2\/pages\/2152\/revisions\/2649"}],"up":[{"embeddable":true,"href":"https:\/\/hermanasoblatas.org\/pt-pt\/wp-json\/wp\/v2\/pages\/2128"}],"wp:attachment":[{"href":"https:\/\/hermanasoblatas.org\/pt-pt\/wp-json\/wp\/v2\/media?parent=2152"}],"curies":[{"name":"wp","href":"https:\/\/api.w.org\/{rel}","templated":true}]}}