{"id":2168,"date":"2017-03-02T14:55:40","date_gmt":"2017-03-02T14:55:40","guid":{"rendered":"http:\/\/hermanasoblatas.org\/vocacion-oblata\/que-es-vocacion"},"modified":"2017-10-16T15:54:03","modified_gmt":"2017-10-16T13:54:03","slug":"que-es-vocacion","status":"publish","type":"page","link":"https:\/\/hermanasoblatas.org\/pt-pt\/vocacion-oblata\/que-es-vocacion","title":{"rendered":"Que \u00e9 voca\u00e7\u00e3o"},"content":{"rendered":"<p>Convidamo-lo a ler este artigo onde tr\u00eas jovens (dois Redentoristas e uma irm\u00e3 oblata) falam de sua voca\u00e7\u00e3o religiosa (em espanhol):<\/p>\n<p><a href=\"https:\/\/hermanasoblatas.org\/wp-content\/uploads\/2017\/03\/ICONO_MARZO-17-3_-11-12.pdf\" target=\"_blank\">La vocaci\u00f3n religiosa hoy<\/a><\/p>\n<p>Voc\u00ea pode assistir a dois v\u00eddeos que ajudar\u00e3o a entender melhor o que \u00e9 a voca\u00e7\u00e3o:<\/p>\n<p><a href=\"https:\/\/www.youtube.com\/watch?v=Y3HkRVXqaG4&amp;feature=youtu.be\" target=\"_blank\">O que \u00e9 a voca\u00e7\u00e3o?<\/a>\u00a0(em portugu\u00eas)<\/p>\n<p><a href=\"https:\/\/www.youtube.com\/watch?v=bkZuKV2GmvA\" target=\"_blank\">O que \u00e9 a voca\u00e7\u00e3o?<\/a>\u00a0(em espanhol)<\/p>\n<p><a href=\"https:\/\/www.youtube.com\/watch?v=-z-rZjwUyf4\" target=\"_blank\">O chamado do Amor<\/a>\u00a0(em espanhol)<\/p>\n<p>&nbsp;<\/p>\n","protected":false},"excerpt":{"rendered":"<p>Convidamo-lo a ler este artigo onde tr\u00eas jovens (dois Redentoristas e uma irm\u00e3 oblata) falam de sua voca\u00e7\u00e3o religiosa (em espanhol): La vocaci\u00f3n religiosa hoy Voc\u00ea pode assistir a dois v\u00eddeos que ajudar\u00e3o a entender melhor o que \u00e9 a voca\u00e7\u00e3o: O que \u00e9 a voca\u00e7\u00e3o?\u00a0(em portugu\u00eas) O que \u00e9 a voca\u00e7\u00e3o?\u00a0(em espanhol) O chamado &hellip; <a href=\"https:\/\/hermanasoblatas.org\/pt-pt\/vocacion-oblata\/que-es-vocacion\" class=\"more-link\">Continue lendo<span class=\"screen-reader-text\"> &#8220;Que \u00e9 voca\u00e7\u00e3o&#8221;<\/span><\/a><\/p>\n","protected":false},"author":3,"featured_media":0,"parent":2160,"menu_order":0,"comment_status":"closed","ping_status":"closed","template":"page-vocacion.php","meta":{"_acf_changed":false,"om_disable_all_campaigns":false,"_monsterinsights_skip_tracking":false,"_monsterinsights_sitenote_active":false,"_monsterinsights_sitenote_note":"","_monsterinsights_sitenote_category":0,"footnotes":""},"class_list":["post-2168","page","type-page","status-publish","hentry"],"acf":[],"yoast_head":"<!-- This site is optimized with the Yoast SEO plugin v26.8 - https:\/\/yoast.com\/product\/yoast-seo-wordpress\/ -->\n<title>Que \u00e9 voca\u00e7\u00e3o - Hermanas Oblatas<\/title>\n<meta name=\"robots\" content=\"index, follow, max-snippet:-1, max-image-preview:large, max-video-preview:-1\" \/>\n<link rel=\"canonical\" href=\"https:\/\/hermanasoblatas.org\/pt-pt\/vocacion-oblata\/que-es-vocacion\" \/>\n<meta property=\"og:locale\" content=\"pt_PT\" \/>\n<meta property=\"og:type\" content=\"article\" \/>\n<meta property=\"og:title\" content=\"Que \u00e9 voca\u00e7\u00e3o - Hermanas Oblatas\" \/>\n<meta property=\"og:description\" content=\"Convidamo-lo a ler este artigo onde tr\u00eas jovens (dois Redentoristas e uma irm\u00e3 oblata) falam de sua voca\u00e7\u00e3o religiosa (em espanhol): La vocaci\u00f3n religiosa hoy Voc\u00ea pode assistir a dois v\u00eddeos que ajudar\u00e3o a entender melhor o que \u00e9 a voca\u00e7\u00e3o: O que \u00e9 a voca\u00e7\u00e3o?\u00a0(em portugu\u00eas) O que \u00e9 a voca\u00e7\u00e3o?\u00a0(em espanhol) O chamado &hellip; Continue lendo &quot;Que \u00e9 voca\u00e7\u00e3o&quot;\" \/>\n<meta property=\"og:url\" content=\"https:\/\/hermanasoblatas.org\/pt-pt\/vocacion-oblata\/que-es-vocacion\" \/>\n<meta property=\"og:site_name\" content=\"Hermanas Oblatas\" \/>\n<meta property=\"article:modified_time\" content=\"2017-10-16T13:54:03+00:00\" \/>\n<meta name=\"twitter:card\" content=\"summary_large_image\" \/>\n<script type=\"application\/ld+json\" class=\"yoast-schema-graph\">{\"@context\":\"https:\/\/schema.org\",\"@graph\":[{\"@type\":\"WebPage\",\"@id\":\"https:\/\/hermanasoblatas.org\/pt-pt\/vocacion-oblata\/que-es-vocacion\",\"url\":\"https:\/\/hermanasoblatas.org\/pt-pt\/vocacion-oblata\/que-es-vocacion\",\"name\":\"Que \u00e9 voca\u00e7\u00e3o - Hermanas Oblatas\",\"isPartOf\":{\"@id\":\"https:\/\/hermanasoblatas.org\/#website\"},\"datePublished\":\"2017-03-02T14:55:40+00:00\",\"dateModified\":\"2017-10-16T13:54:03+00:00\",\"breadcrumb\":{\"@id\":\"https:\/\/hermanasoblatas.org\/pt-pt\/vocacion-oblata\/que-es-vocacion#breadcrumb\"},\"inLanguage\":\"pt-PT\",\"potentialAction\":[{\"@type\":\"ReadAction\",\"target\":[\"https:\/\/hermanasoblatas.org\/pt-pt\/vocacion-oblata\/que-es-vocacion\"]}]},{\"@type\":\"BreadcrumbList\",\"@id\":\"https:\/\/hermanasoblatas.org\/pt-pt\/vocacion-oblata\/que-es-vocacion#breadcrumb\",\"itemListElement\":[{\"@type\":\"ListItem\",\"position\":1,\"name\":\"Home\",\"item\":\"https:\/\/hermanasoblatas.org\/pt-pt\"},{\"@type\":\"ListItem\",\"position\":2,\"name\":\"Voca\u00e7\u00e3o Oblata\",\"item\":\"https:\/\/hermanasoblatas.org\/pt-pt\/vocacion-oblata\"},{\"@type\":\"ListItem\",\"position\":3,\"name\":\"Que \u00e9 voca\u00e7\u00e3o\"}]},{\"@type\":\"WebSite\",\"@id\":\"https:\/\/hermanasoblatas.org\/#website\",\"url\":\"https:\/\/hermanasoblatas.org\/\",\"name\":\"Hermanas Oblatas\",\"description\":\"Hermanas Oblatas del Sant\u00edsimo Redentor\",\"potentialAction\":[{\"@type\":\"SearchAction\",\"target\":{\"@type\":\"EntryPoint\",\"urlTemplate\":\"https:\/\/hermanasoblatas.org\/?s={search_term_string}\"},\"query-input\":{\"@type\":\"PropertyValueSpecification\",\"valueRequired\":true,\"valueName\":\"search_term_string\"}}],\"inLanguage\":\"pt-PT\"}]}<\/script>\n<!-- \/ Yoast SEO plugin. -->","yoast_head_json":{"title":"Que \u00e9 voca\u00e7\u00e3o - Hermanas Oblatas","robots":{"index":"index","follow":"follow","max-snippet":"max-snippet:-1","max-image-preview":"max-image-preview:large","max-video-preview":"max-video-preview:-1"},"canonical":"https:\/\/hermanasoblatas.org\/pt-pt\/vocacion-oblata\/que-es-vocacion","og_locale":"pt_PT","og_type":"article","og_title":"Que \u00e9 voca\u00e7\u00e3o - Hermanas Oblatas","og_description":"Convidamo-lo a ler este artigo onde tr\u00eas jovens (dois Redentoristas e uma irm\u00e3 oblata) falam de sua voca\u00e7\u00e3o religiosa (em espanhol): La vocaci\u00f3n religiosa hoy Voc\u00ea pode assistir a dois v\u00eddeos que ajudar\u00e3o a entender melhor o que \u00e9 a voca\u00e7\u00e3o: O que \u00e9 a voca\u00e7\u00e3o?\u00a0(em portugu\u00eas) O que \u00e9 a voca\u00e7\u00e3o?\u00a0(em espanhol) O chamado &hellip; Continue lendo \"Que \u00e9 voca\u00e7\u00e3o\"","og_url":"https:\/\/hermanasoblatas.org\/pt-pt\/vocacion-oblata\/que-es-vocacion","og_site_name":"Hermanas Oblatas","article_modified_time":"2017-10-16T13:54:03+00:00","twitter_card":"summary_large_image","schema":{"@context":"https:\/\/schema.org","@graph":[{"@type":"WebPage","@id":"https:\/\/hermanasoblatas.org\/pt-pt\/vocacion-oblata\/que-es-vocacion","url":"https:\/\/hermanasoblatas.org\/pt-pt\/vocacion-oblata\/que-es-vocacion","name":"Que \u00e9 voca\u00e7\u00e3o - Hermanas Oblatas","isPartOf":{"@id":"https:\/\/hermanasoblatas.org\/#website"},"datePublished":"2017-03-02T14:55:40+00:00","dateModified":"2017-10-16T13:54:03+00:00","breadcrumb":{"@id":"https:\/\/hermanasoblatas.org\/pt-pt\/vocacion-oblata\/que-es-vocacion#breadcrumb"},"inLanguage":"pt-PT","potentialAction":[{"@type":"ReadAction","target":["https:\/\/hermanasoblatas.org\/pt-pt\/vocacion-oblata\/que-es-vocacion"]}]},{"@type":"BreadcrumbList","@id":"https:\/\/hermanasoblatas.org\/pt-pt\/vocacion-oblata\/que-es-vocacion#breadcrumb","itemListElement":[{"@type":"ListItem","position":1,"name":"Home","item":"https:\/\/hermanasoblatas.org\/pt-pt"},{"@type":"ListItem","position":2,"name":"Voca\u00e7\u00e3o Oblata","item":"https:\/\/hermanasoblatas.org\/pt-pt\/vocacion-oblata"},{"@type":"ListItem","position":3,"name":"Que \u00e9 voca\u00e7\u00e3o"}]},{"@type":"WebSite","@id":"https:\/\/hermanasoblatas.org\/#website","url":"https:\/\/hermanasoblatas.org\/","name":"Hermanas Oblatas","description":"Hermanas Oblatas del Sant\u00edsimo Redentor","potentialAction":[{"@type":"SearchAction","target":{"@type":"EntryPoint","urlTemplate":"https:\/\/hermanasoblatas.org\/?s={search_term_string}"},"query-input":{"@type":"PropertyValueSpecification","valueRequired":true,"valueName":"search_term_string"}}],"inLanguage":"pt-PT"}]}},"_links":{"self":[{"href":"https:\/\/hermanasoblatas.org\/pt-pt\/wp-json\/wp\/v2\/pages\/2168","targetHints":{"allow":["GET"]}}],"collection":[{"href":"https:\/\/hermanasoblatas.org\/pt-pt\/wp-json\/wp\/v2\/pages"}],"about":[{"href":"https:\/\/hermanasoblatas.org\/pt-pt\/wp-json\/wp\/v2\/types\/page"}],"author":[{"embeddable":true,"href":"https:\/\/hermanasoblatas.org\/pt-pt\/wp-json\/wp\/v2\/users\/3"}],"replies":[{"embeddable":true,"href":"https:\/\/hermanasoblatas.org\/pt-pt\/wp-json\/wp\/v2\/comments?post=2168"}],"version-history":[{"count":8,"href":"https:\/\/hermanasoblatas.org\/pt-pt\/wp-json\/wp\/v2\/pages\/2168\/revisions"}],"predecessor-version":[{"id":3547,"href":"https:\/\/hermanasoblatas.org\/pt-pt\/wp-json\/wp\/v2\/pages\/2168\/revisions\/3547"}],"up":[{"embeddable":true,"href":"https:\/\/hermanasoblatas.org\/pt-pt\/wp-json\/wp\/v2\/pages\/2160"}],"wp:attachment":[{"href":"https:\/\/hermanasoblatas.org\/pt-pt\/wp-json\/wp\/v2\/media?parent=2168"}],"curies":[{"name":"wp","href":"https:\/\/api.w.org\/{rel}","templated":true}]}}