{"id":2181,"date":"2017-03-02T15:48:36","date_gmt":"2017-03-02T15:48:36","guid":{"rendered":"http:\/\/hermanasoblatas.org\/vocacion-oblata\/descubre-tu-vocacion"},"modified":"2017-10-13T09:51:42","modified_gmt":"2017-10-13T07:51:42","slug":"descubre-tu-vocacion","status":"publish","type":"page","link":"https:\/\/hermanasoblatas.org\/pt-pt\/vocacion-oblata\/descubre-tu-vocacion","title":{"rendered":"Descubra sua voca\u00e7\u00e3o"},"content":{"rendered":"<p style=\"text-align: center;\"><strong>Contamos com voc\u00ea para seguir tecendo espa\u00e7os e redes de inclus\u00e3o no mundo!<\/strong><\/p>\n","protected":false},"excerpt":{"rendered":"<p>Contamos com voc\u00ea para seguir tecendo espa\u00e7os e redes de inclus\u00e3o no mundo!<\/p>\n","protected":false},"author":3,"featured_media":0,"parent":2160,"menu_order":0,"comment_status":"closed","ping_status":"closed","template":"page-carisma-y-espiritualidad.php","meta":{"_acf_changed":false,"om_disable_all_campaigns":false,"_monsterinsights_skip_tracking":false,"_monsterinsights_sitenote_active":false,"_monsterinsights_sitenote_note":"","_monsterinsights_sitenote_category":0,"footnotes":""},"class_list":["post-2181","page","type-page","status-publish","hentry"],"acf":[],"yoast_head":"<!-- This site is optimized with the Yoast SEO plugin v27.3 - https:\/\/yoast.com\/product\/yoast-seo-wordpress\/ -->\n<title>Descubra sua voca\u00e7\u00e3o - Hermanas Oblatas<\/title>\n<meta name=\"robots\" content=\"index, follow, max-snippet:-1, max-image-preview:large, max-video-preview:-1\" \/>\n<link rel=\"canonical\" href=\"https:\/\/hermanasoblatas.org\/pt-pt\/vocacion-oblata\/descubre-tu-vocacion\" \/>\n<meta property=\"og:locale\" content=\"pt_PT\" \/>\n<meta property=\"og:type\" content=\"article\" \/>\n<meta property=\"og:title\" content=\"Descubra sua voca\u00e7\u00e3o - Hermanas Oblatas\" \/>\n<meta property=\"og:description\" content=\"Contamos com voc\u00ea para seguir tecendo espa\u00e7os e redes de inclus\u00e3o no mundo!\" \/>\n<meta property=\"og:url\" content=\"https:\/\/hermanasoblatas.org\/pt-pt\/vocacion-oblata\/descubre-tu-vocacion\" \/>\n<meta property=\"og:site_name\" content=\"Hermanas Oblatas\" \/>\n<meta property=\"article:modified_time\" content=\"2017-10-13T07:51:42+00:00\" \/>\n<meta name=\"twitter:card\" content=\"summary_large_image\" \/>\n<script type=\"application\/ld+json\" class=\"yoast-schema-graph\">{\"@context\":\"https:\\\/\\\/schema.org\",\"@graph\":[{\"@type\":\"WebPage\",\"@id\":\"https:\\\/\\\/hermanasoblatas.org\\\/pt-pt\\\/vocacion-oblata\\\/descubre-tu-vocacion\",\"url\":\"https:\\\/\\\/hermanasoblatas.org\\\/pt-pt\\\/vocacion-oblata\\\/descubre-tu-vocacion\",\"name\":\"Descubra sua voca\u00e7\u00e3o - Hermanas Oblatas\",\"isPartOf\":{\"@id\":\"https:\\\/\\\/hermanasoblatas.org\\\/#website\"},\"datePublished\":\"2017-03-02T15:48:36+00:00\",\"dateModified\":\"2017-10-13T07:51:42+00:00\",\"breadcrumb\":{\"@id\":\"https:\\\/\\\/hermanasoblatas.org\\\/pt-pt\\\/vocacion-oblata\\\/descubre-tu-vocacion#breadcrumb\"},\"inLanguage\":\"pt-PT\",\"potentialAction\":[{\"@type\":\"ReadAction\",\"target\":[\"https:\\\/\\\/hermanasoblatas.org\\\/pt-pt\\\/vocacion-oblata\\\/descubre-tu-vocacion\"]}]},{\"@type\":\"BreadcrumbList\",\"@id\":\"https:\\\/\\\/hermanasoblatas.org\\\/pt-pt\\\/vocacion-oblata\\\/descubre-tu-vocacion#breadcrumb\",\"itemListElement\":[{\"@type\":\"ListItem\",\"position\":1,\"name\":\"Home\",\"item\":\"https:\\\/\\\/hermanasoblatas.org\\\/pt-pt\"},{\"@type\":\"ListItem\",\"position\":2,\"name\":\"Voca\u00e7\u00e3o Oblata\",\"item\":\"https:\\\/\\\/hermanasoblatas.org\\\/pt-pt\\\/vocacion-oblata\"},{\"@type\":\"ListItem\",\"position\":3,\"name\":\"Descubra sua voca\u00e7\u00e3o\"}]},{\"@type\":\"WebSite\",\"@id\":\"https:\\\/\\\/hermanasoblatas.org\\\/#website\",\"url\":\"https:\\\/\\\/hermanasoblatas.org\\\/\",\"name\":\"Hermanas Oblatas\",\"description\":\"Hermanas Oblatas del Sant\u00edsimo Redentor\",\"potentialAction\":[{\"@type\":\"SearchAction\",\"target\":{\"@type\":\"EntryPoint\",\"urlTemplate\":\"https:\\\/\\\/hermanasoblatas.org\\\/?s={search_term_string}\"},\"query-input\":{\"@type\":\"PropertyValueSpecification\",\"valueRequired\":true,\"valueName\":\"search_term_string\"}}],\"inLanguage\":\"pt-PT\"}]}<\/script>\n<!-- \/ Yoast SEO plugin. -->","yoast_head_json":{"title":"Descubra sua voca\u00e7\u00e3o - Hermanas Oblatas","robots":{"index":"index","follow":"follow","max-snippet":"max-snippet:-1","max-image-preview":"max-image-preview:large","max-video-preview":"max-video-preview:-1"},"canonical":"https:\/\/hermanasoblatas.org\/pt-pt\/vocacion-oblata\/descubre-tu-vocacion","og_locale":"pt_PT","og_type":"article","og_title":"Descubra sua voca\u00e7\u00e3o - Hermanas Oblatas","og_description":"Contamos com voc\u00ea para seguir tecendo espa\u00e7os e redes de inclus\u00e3o no mundo!","og_url":"https:\/\/hermanasoblatas.org\/pt-pt\/vocacion-oblata\/descubre-tu-vocacion","og_site_name":"Hermanas Oblatas","article_modified_time":"2017-10-13T07:51:42+00:00","twitter_card":"summary_large_image","schema":{"@context":"https:\/\/schema.org","@graph":[{"@type":"WebPage","@id":"https:\/\/hermanasoblatas.org\/pt-pt\/vocacion-oblata\/descubre-tu-vocacion","url":"https:\/\/hermanasoblatas.org\/pt-pt\/vocacion-oblata\/descubre-tu-vocacion","name":"Descubra sua voca\u00e7\u00e3o - Hermanas Oblatas","isPartOf":{"@id":"https:\/\/hermanasoblatas.org\/#website"},"datePublished":"2017-03-02T15:48:36+00:00","dateModified":"2017-10-13T07:51:42+00:00","breadcrumb":{"@id":"https:\/\/hermanasoblatas.org\/pt-pt\/vocacion-oblata\/descubre-tu-vocacion#breadcrumb"},"inLanguage":"pt-PT","potentialAction":[{"@type":"ReadAction","target":["https:\/\/hermanasoblatas.org\/pt-pt\/vocacion-oblata\/descubre-tu-vocacion"]}]},{"@type":"BreadcrumbList","@id":"https:\/\/hermanasoblatas.org\/pt-pt\/vocacion-oblata\/descubre-tu-vocacion#breadcrumb","itemListElement":[{"@type":"ListItem","position":1,"name":"Home","item":"https:\/\/hermanasoblatas.org\/pt-pt"},{"@type":"ListItem","position":2,"name":"Voca\u00e7\u00e3o Oblata","item":"https:\/\/hermanasoblatas.org\/pt-pt\/vocacion-oblata"},{"@type":"ListItem","position":3,"name":"Descubra sua voca\u00e7\u00e3o"}]},{"@type":"WebSite","@id":"https:\/\/hermanasoblatas.org\/#website","url":"https:\/\/hermanasoblatas.org\/","name":"Hermanas Oblatas","description":"Hermanas Oblatas del Sant\u00edsimo Redentor","potentialAction":[{"@type":"SearchAction","target":{"@type":"EntryPoint","urlTemplate":"https:\/\/hermanasoblatas.org\/?s={search_term_string}"},"query-input":{"@type":"PropertyValueSpecification","valueRequired":true,"valueName":"search_term_string"}}],"inLanguage":"pt-PT"}]}},"_links":{"self":[{"href":"https:\/\/hermanasoblatas.org\/pt-pt\/wp-json\/wp\/v2\/pages\/2181","targetHints":{"allow":["GET"]}}],"collection":[{"href":"https:\/\/hermanasoblatas.org\/pt-pt\/wp-json\/wp\/v2\/pages"}],"about":[{"href":"https:\/\/hermanasoblatas.org\/pt-pt\/wp-json\/wp\/v2\/types\/page"}],"author":[{"embeddable":true,"href":"https:\/\/hermanasoblatas.org\/pt-pt\/wp-json\/wp\/v2\/users\/3"}],"replies":[{"embeddable":true,"href":"https:\/\/hermanasoblatas.org\/pt-pt\/wp-json\/wp\/v2\/comments?post=2181"}],"version-history":[{"count":3,"href":"https:\/\/hermanasoblatas.org\/pt-pt\/wp-json\/wp\/v2\/pages\/2181\/revisions"}],"predecessor-version":[{"id":3303,"href":"https:\/\/hermanasoblatas.org\/pt-pt\/wp-json\/wp\/v2\/pages\/2181\/revisions\/3303"}],"up":[{"embeddable":true,"href":"https:\/\/hermanasoblatas.org\/pt-pt\/wp-json\/wp\/v2\/pages\/2160"}],"wp:attachment":[{"href":"https:\/\/hermanasoblatas.org\/pt-pt\/wp-json\/wp\/v2\/media?parent=2181"}],"curies":[{"name":"wp","href":"https:\/\/api.w.org\/{rel}","templated":true}]}}