{"id":2190,"date":"2017-01-23T14:17:01","date_gmt":"2017-01-23T14:17:01","guid":{"rendered":"http:\/\/hermanasoblatas.org\/vocacion-oblata\/busqueda-acompanada"},"modified":"2017-10-13T09:51:42","modified_gmt":"2017-10-13T07:51:42","slug":"busqueda-acompanada","status":"publish","type":"page","link":"https:\/\/hermanasoblatas.org\/pt-pt\/vocacion-oblata\/busqueda-acompanada","title":{"rendered":"Busca Acompanhada"},"content":{"rendered":"<p><strong>A finalidade<\/strong> da busca acompanhada \u00e9 facilitar \u00e0\/ao jovem conhecer-se, aceitar-se, crescer, discernir a pr\u00f3pria voca\u00e7\u00e3o e responder pessoalmente ao chamado de Deus, de acordo com o que Ele lhe pede, dando uma resposta livre e consciente no seguimento de Jesus, em uma das op\u00e7\u00f5es de vida.<\/p>\n<p><strong>Implica <\/strong>uma rela\u00e7\u00e3o interpessoal entre acompanhante e acompanhada\/o numa caminhada para reconhecer a Deus em sua vida, acolher o chamado e responder de acordo com o projeto especifico de vida crist\u00e3.<\/p>\n<p><strong>Possibilita <\/strong>detectar e acompanhar, com profundidade, as inquieta\u00e7\u00f5es e os sinais vocacionais. Proporciona crescimento na f\u00e9, maturidade humana e consci\u00eancia da import\u00e2ncia de ter um projeto de vida baseado nos valores do Evangelho e no Reino de Deus.<\/p>\n<p style=\"text-align: justify;\">Se voc\u00ea quiser fazer esta experi\u00eancia, <a class=\"fancybox\" href=\"#formulario\">clice aqu<\/a>i<a class=\"fancybox\" href=\"#formulario\"><br \/>\n<\/a><\/p>\n","protected":false},"excerpt":{"rendered":"<p>A finalidade da busca acompanhada \u00e9 facilitar \u00e0\/ao jovem conhecer-se, aceitar-se, crescer, discernir a pr\u00f3pria voca\u00e7\u00e3o e responder pessoalmente ao chamado de Deus, de acordo com o que Ele lhe pede, dando uma resposta livre e consciente no seguimento de Jesus, em uma das op\u00e7\u00f5es de vida. Implica uma rela\u00e7\u00e3o interpessoal entre acompanhante e acompanhada\/o &hellip; <a href=\"https:\/\/hermanasoblatas.org\/pt-pt\/vocacion-oblata\/busqueda-acompanada\" class=\"more-link\">Continue lendo<span class=\"screen-reader-text\"> &#8220;Busca Acompanhada&#8221;<\/span><\/a><\/p>\n","protected":false},"author":3,"featured_media":0,"parent":2160,"menu_order":0,"comment_status":"closed","ping_status":"closed","template":"page-busqueda-acompanada.php","meta":{"_acf_changed":false,"om_disable_all_campaigns":false,"_monsterinsights_skip_tracking":false,"_monsterinsights_sitenote_active":false,"_monsterinsights_sitenote_note":"","_monsterinsights_sitenote_category":0,"footnotes":""},"class_list":["post-2190","page","type-page","status-publish","hentry"],"acf":[],"yoast_head":"<!-- This site is optimized with the Yoast SEO plugin v27.3 - https:\/\/yoast.com\/product\/yoast-seo-wordpress\/ -->\n<title>Busca Acompanhada - Hermanas Oblatas<\/title>\n<meta name=\"robots\" content=\"index, follow, max-snippet:-1, max-image-preview:large, max-video-preview:-1\" \/>\n<link rel=\"canonical\" href=\"https:\/\/hermanasoblatas.org\/pt-pt\/vocacion-oblata\/busqueda-acompanada\" \/>\n<meta property=\"og:locale\" content=\"pt_PT\" \/>\n<meta property=\"og:type\" content=\"article\" \/>\n<meta property=\"og:title\" content=\"Busca Acompanhada - Hermanas Oblatas\" \/>\n<meta property=\"og:description\" content=\"A finalidade da busca acompanhada \u00e9 facilitar \u00e0\/ao jovem conhecer-se, aceitar-se, crescer, discernir a pr\u00f3pria voca\u00e7\u00e3o e responder pessoalmente ao chamado de Deus, de acordo com o que Ele lhe pede, dando uma resposta livre e consciente no seguimento de Jesus, em uma das op\u00e7\u00f5es de vida. Implica uma rela\u00e7\u00e3o interpessoal entre acompanhante e acompanhada\/o &hellip; Continue lendo &quot;Busca Acompanhada&quot;\" \/>\n<meta property=\"og:url\" content=\"https:\/\/hermanasoblatas.org\/pt-pt\/vocacion-oblata\/busqueda-acompanada\" \/>\n<meta property=\"og:site_name\" content=\"Hermanas Oblatas\" \/>\n<meta property=\"article:modified_time\" content=\"2017-10-13T07:51:42+00:00\" \/>\n<meta name=\"twitter:card\" content=\"summary_large_image\" \/>\n<meta name=\"twitter:label1\" content=\"Tempo estimado de leitura\" \/>\n\t<meta name=\"twitter:data1\" content=\"1 minuto\" \/>\n<script type=\"application\/ld+json\" class=\"yoast-schema-graph\">{\"@context\":\"https:\\\/\\\/schema.org\",\"@graph\":[{\"@type\":\"WebPage\",\"@id\":\"https:\\\/\\\/hermanasoblatas.org\\\/pt-pt\\\/vocacion-oblata\\\/busqueda-acompanada\",\"url\":\"https:\\\/\\\/hermanasoblatas.org\\\/pt-pt\\\/vocacion-oblata\\\/busqueda-acompanada\",\"name\":\"Busca Acompanhada - Hermanas Oblatas\",\"isPartOf\":{\"@id\":\"https:\\\/\\\/hermanasoblatas.org\\\/#website\"},\"datePublished\":\"2017-01-23T14:17:01+00:00\",\"dateModified\":\"2017-10-13T07:51:42+00:00\",\"breadcrumb\":{\"@id\":\"https:\\\/\\\/hermanasoblatas.org\\\/pt-pt\\\/vocacion-oblata\\\/busqueda-acompanada#breadcrumb\"},\"inLanguage\":\"pt-PT\",\"potentialAction\":[{\"@type\":\"ReadAction\",\"target\":[\"https:\\\/\\\/hermanasoblatas.org\\\/pt-pt\\\/vocacion-oblata\\\/busqueda-acompanada\"]}]},{\"@type\":\"BreadcrumbList\",\"@id\":\"https:\\\/\\\/hermanasoblatas.org\\\/pt-pt\\\/vocacion-oblata\\\/busqueda-acompanada#breadcrumb\",\"itemListElement\":[{\"@type\":\"ListItem\",\"position\":1,\"name\":\"Home\",\"item\":\"https:\\\/\\\/hermanasoblatas.org\\\/pt-pt\"},{\"@type\":\"ListItem\",\"position\":2,\"name\":\"Voca\u00e7\u00e3o Oblata\",\"item\":\"https:\\\/\\\/hermanasoblatas.org\\\/pt-pt\\\/vocacion-oblata\"},{\"@type\":\"ListItem\",\"position\":3,\"name\":\"Busca Acompanhada\"}]},{\"@type\":\"WebSite\",\"@id\":\"https:\\\/\\\/hermanasoblatas.org\\\/#website\",\"url\":\"https:\\\/\\\/hermanasoblatas.org\\\/\",\"name\":\"Hermanas Oblatas\",\"description\":\"Hermanas Oblatas del Sant\u00edsimo Redentor\",\"potentialAction\":[{\"@type\":\"SearchAction\",\"target\":{\"@type\":\"EntryPoint\",\"urlTemplate\":\"https:\\\/\\\/hermanasoblatas.org\\\/?s={search_term_string}\"},\"query-input\":{\"@type\":\"PropertyValueSpecification\",\"valueRequired\":true,\"valueName\":\"search_term_string\"}}],\"inLanguage\":\"pt-PT\"}]}<\/script>\n<!-- \/ Yoast SEO plugin. -->","yoast_head_json":{"title":"Busca Acompanhada - Hermanas Oblatas","robots":{"index":"index","follow":"follow","max-snippet":"max-snippet:-1","max-image-preview":"max-image-preview:large","max-video-preview":"max-video-preview:-1"},"canonical":"https:\/\/hermanasoblatas.org\/pt-pt\/vocacion-oblata\/busqueda-acompanada","og_locale":"pt_PT","og_type":"article","og_title":"Busca Acompanhada - Hermanas Oblatas","og_description":"A finalidade da busca acompanhada \u00e9 facilitar \u00e0\/ao jovem conhecer-se, aceitar-se, crescer, discernir a pr\u00f3pria voca\u00e7\u00e3o e responder pessoalmente ao chamado de Deus, de acordo com o que Ele lhe pede, dando uma resposta livre e consciente no seguimento de Jesus, em uma das op\u00e7\u00f5es de vida. Implica uma rela\u00e7\u00e3o interpessoal entre acompanhante e acompanhada\/o &hellip; Continue lendo \"Busca Acompanhada\"","og_url":"https:\/\/hermanasoblatas.org\/pt-pt\/vocacion-oblata\/busqueda-acompanada","og_site_name":"Hermanas Oblatas","article_modified_time":"2017-10-13T07:51:42+00:00","twitter_card":"summary_large_image","twitter_misc":{"Tempo estimado de leitura":"1 minuto"},"schema":{"@context":"https:\/\/schema.org","@graph":[{"@type":"WebPage","@id":"https:\/\/hermanasoblatas.org\/pt-pt\/vocacion-oblata\/busqueda-acompanada","url":"https:\/\/hermanasoblatas.org\/pt-pt\/vocacion-oblata\/busqueda-acompanada","name":"Busca Acompanhada - Hermanas Oblatas","isPartOf":{"@id":"https:\/\/hermanasoblatas.org\/#website"},"datePublished":"2017-01-23T14:17:01+00:00","dateModified":"2017-10-13T07:51:42+00:00","breadcrumb":{"@id":"https:\/\/hermanasoblatas.org\/pt-pt\/vocacion-oblata\/busqueda-acompanada#breadcrumb"},"inLanguage":"pt-PT","potentialAction":[{"@type":"ReadAction","target":["https:\/\/hermanasoblatas.org\/pt-pt\/vocacion-oblata\/busqueda-acompanada"]}]},{"@type":"BreadcrumbList","@id":"https:\/\/hermanasoblatas.org\/pt-pt\/vocacion-oblata\/busqueda-acompanada#breadcrumb","itemListElement":[{"@type":"ListItem","position":1,"name":"Home","item":"https:\/\/hermanasoblatas.org\/pt-pt"},{"@type":"ListItem","position":2,"name":"Voca\u00e7\u00e3o Oblata","item":"https:\/\/hermanasoblatas.org\/pt-pt\/vocacion-oblata"},{"@type":"ListItem","position":3,"name":"Busca Acompanhada"}]},{"@type":"WebSite","@id":"https:\/\/hermanasoblatas.org\/#website","url":"https:\/\/hermanasoblatas.org\/","name":"Hermanas Oblatas","description":"Hermanas Oblatas del Sant\u00edsimo Redentor","potentialAction":[{"@type":"SearchAction","target":{"@type":"EntryPoint","urlTemplate":"https:\/\/hermanasoblatas.org\/?s={search_term_string}"},"query-input":{"@type":"PropertyValueSpecification","valueRequired":true,"valueName":"search_term_string"}}],"inLanguage":"pt-PT"}]}},"_links":{"self":[{"href":"https:\/\/hermanasoblatas.org\/pt-pt\/wp-json\/wp\/v2\/pages\/2190","targetHints":{"allow":["GET"]}}],"collection":[{"href":"https:\/\/hermanasoblatas.org\/pt-pt\/wp-json\/wp\/v2\/pages"}],"about":[{"href":"https:\/\/hermanasoblatas.org\/pt-pt\/wp-json\/wp\/v2\/types\/page"}],"author":[{"embeddable":true,"href":"https:\/\/hermanasoblatas.org\/pt-pt\/wp-json\/wp\/v2\/users\/3"}],"replies":[{"embeddable":true,"href":"https:\/\/hermanasoblatas.org\/pt-pt\/wp-json\/wp\/v2\/comments?post=2190"}],"version-history":[{"count":2,"href":"https:\/\/hermanasoblatas.org\/pt-pt\/wp-json\/wp\/v2\/pages\/2190\/revisions"}],"predecessor-version":[{"id":2657,"href":"https:\/\/hermanasoblatas.org\/pt-pt\/wp-json\/wp\/v2\/pages\/2190\/revisions\/2657"}],"up":[{"embeddable":true,"href":"https:\/\/hermanasoblatas.org\/pt-pt\/wp-json\/wp\/v2\/pages\/2160"}],"wp:attachment":[{"href":"https:\/\/hermanasoblatas.org\/pt-pt\/wp-json\/wp\/v2\/media?parent=2190"}],"curies":[{"name":"wp","href":"https:\/\/api.w.org\/{rel}","templated":true}]}}