{"id":2197,"date":"2017-01-23T15:01:57","date_gmt":"2017-01-23T15:01:57","guid":{"rendered":"http:\/\/hermanasoblatas.org\/vocacion-oblata\/ser-oblata"},"modified":"2017-10-16T16:40:40","modified_gmt":"2017-10-16T14:40:40","slug":"ser-oblata","status":"publish","type":"page","link":"https:\/\/hermanasoblatas.org\/pt-pt\/vocacion-oblata\/ser-oblata","title":{"rendered":"Ser Oblata"},"content":{"rendered":"<p>As oblatas s\u00e3o mulheres livres, acolhedoras, felizes, seguidoras de Jesus, que vivem sua voca\u00e7\u00e3o na Igreja e no mundo como um dom de Deus.<\/p>\n<p>Normalmente elas ser\u00e3o encontradas em bairros onde, tradicionalmente, foi exercida ou se exerce a prostitui\u00e7\u00e3o. Vivem em pequenas comunidades onde rezam, celebram e compartilham a vida com meninas, jovens ou mulheres que exercem prostitui\u00e7\u00e3o ou s\u00e3o v\u00edtimas de tr\u00e1fico para fins de explora\u00e7\u00e3o sexual.<\/p>\n<p><strong>E voc\u00ea, <\/strong>alguma vez j\u00e1 se perguntou qual \u00e9 sua voca\u00e7\u00e3o particular para a qual Jesus lhe chama?<\/p>\n<p style=\"text-align: justify;\">Se voc\u00ea quiser responder a esta pergunta, <strong><a class=\"fancybox\" href=\"#formulario\">clice aqui<\/a><\/strong><\/p>\n<p style=\"text-align: justify;\"><strong>Quer saber sobre a voca\u00e7\u00e3o de v\u00e1rias de nossas Irm\u00e3s em primeira m\u00e3o? Veja\u00a0este <a href=\"https:\/\/www.youtube.com\/watch?v=8srYCK8TIuY&amp;feature=youtu.be\" target=\"_blank\">v\u00eddeo em espanhol e portugu\u00eas<\/a><\/strong><\/p>\n","protected":false},"excerpt":{"rendered":"<p>As oblatas s\u00e3o mulheres livres, acolhedoras, felizes, seguidoras de Jesus, que vivem sua voca\u00e7\u00e3o na Igreja e no mundo como um dom de Deus. Normalmente elas ser\u00e3o encontradas em bairros onde, tradicionalmente, foi exercida ou se exerce a prostitui\u00e7\u00e3o. Vivem em pequenas comunidades onde rezam, celebram e compartilham a vida com meninas, jovens ou mulheres &hellip; <a href=\"https:\/\/hermanasoblatas.org\/pt-pt\/vocacion-oblata\/ser-oblata\" class=\"more-link\">Continue lendo<span class=\"screen-reader-text\"> &#8220;Ser Oblata&#8221;<\/span><\/a><\/p>\n","protected":false},"author":3,"featured_media":0,"parent":2160,"menu_order":0,"comment_status":"closed","ping_status":"closed","template":"page-ser-oblata.php","meta":{"_acf_changed":false,"om_disable_all_campaigns":false,"_monsterinsights_skip_tracking":false,"_monsterinsights_sitenote_active":false,"_monsterinsights_sitenote_note":"","_monsterinsights_sitenote_category":0,"footnotes":""},"class_list":["post-2197","page","type-page","status-publish","hentry"],"acf":[],"yoast_head":"<!-- This site is optimized with the Yoast SEO plugin v27.3 - https:\/\/yoast.com\/product\/yoast-seo-wordpress\/ -->\n<title>Ser Oblata - Hermanas Oblatas<\/title>\n<meta name=\"robots\" content=\"index, follow, max-snippet:-1, max-image-preview:large, max-video-preview:-1\" \/>\n<link rel=\"canonical\" href=\"https:\/\/hermanasoblatas.org\/pt-pt\/vocacion-oblata\/ser-oblata\" \/>\n<meta property=\"og:locale\" content=\"pt_PT\" \/>\n<meta property=\"og:type\" content=\"article\" \/>\n<meta property=\"og:title\" content=\"Ser Oblata - Hermanas Oblatas\" \/>\n<meta property=\"og:description\" content=\"As oblatas s\u00e3o mulheres livres, acolhedoras, felizes, seguidoras de Jesus, que vivem sua voca\u00e7\u00e3o na Igreja e no mundo como um dom de Deus. Normalmente elas ser\u00e3o encontradas em bairros onde, tradicionalmente, foi exercida ou se exerce a prostitui\u00e7\u00e3o. Vivem em pequenas comunidades onde rezam, celebram e compartilham a vida com meninas, jovens ou mulheres &hellip; Continue lendo &quot;Ser Oblata&quot;\" \/>\n<meta property=\"og:url\" content=\"https:\/\/hermanasoblatas.org\/pt-pt\/vocacion-oblata\/ser-oblata\" \/>\n<meta property=\"og:site_name\" content=\"Hermanas Oblatas\" \/>\n<meta property=\"article:modified_time\" content=\"2017-10-16T14:40:40+00:00\" \/>\n<meta name=\"twitter:card\" content=\"summary_large_image\" \/>\n<meta name=\"twitter:label1\" content=\"Tempo estimado de leitura\" \/>\n\t<meta name=\"twitter:data1\" content=\"1 minuto\" \/>\n<script type=\"application\/ld+json\" class=\"yoast-schema-graph\">{\"@context\":\"https:\\\/\\\/schema.org\",\"@graph\":[{\"@type\":\"WebPage\",\"@id\":\"https:\\\/\\\/hermanasoblatas.org\\\/pt-pt\\\/vocacion-oblata\\\/ser-oblata\",\"url\":\"https:\\\/\\\/hermanasoblatas.org\\\/pt-pt\\\/vocacion-oblata\\\/ser-oblata\",\"name\":\"Ser Oblata - Hermanas Oblatas\",\"isPartOf\":{\"@id\":\"https:\\\/\\\/hermanasoblatas.org\\\/#website\"},\"datePublished\":\"2017-01-23T15:01:57+00:00\",\"dateModified\":\"2017-10-16T14:40:40+00:00\",\"breadcrumb\":{\"@id\":\"https:\\\/\\\/hermanasoblatas.org\\\/pt-pt\\\/vocacion-oblata\\\/ser-oblata#breadcrumb\"},\"inLanguage\":\"pt-PT\",\"potentialAction\":[{\"@type\":\"ReadAction\",\"target\":[\"https:\\\/\\\/hermanasoblatas.org\\\/pt-pt\\\/vocacion-oblata\\\/ser-oblata\"]}]},{\"@type\":\"BreadcrumbList\",\"@id\":\"https:\\\/\\\/hermanasoblatas.org\\\/pt-pt\\\/vocacion-oblata\\\/ser-oblata#breadcrumb\",\"itemListElement\":[{\"@type\":\"ListItem\",\"position\":1,\"name\":\"Home\",\"item\":\"https:\\\/\\\/hermanasoblatas.org\\\/pt-pt\"},{\"@type\":\"ListItem\",\"position\":2,\"name\":\"Voca\u00e7\u00e3o Oblata\",\"item\":\"https:\\\/\\\/hermanasoblatas.org\\\/pt-pt\\\/vocacion-oblata\"},{\"@type\":\"ListItem\",\"position\":3,\"name\":\"Ser Oblata\"}]},{\"@type\":\"WebSite\",\"@id\":\"https:\\\/\\\/hermanasoblatas.org\\\/#website\",\"url\":\"https:\\\/\\\/hermanasoblatas.org\\\/\",\"name\":\"Hermanas Oblatas\",\"description\":\"Hermanas Oblatas del Sant\u00edsimo Redentor\",\"potentialAction\":[{\"@type\":\"SearchAction\",\"target\":{\"@type\":\"EntryPoint\",\"urlTemplate\":\"https:\\\/\\\/hermanasoblatas.org\\\/?s={search_term_string}\"},\"query-input\":{\"@type\":\"PropertyValueSpecification\",\"valueRequired\":true,\"valueName\":\"search_term_string\"}}],\"inLanguage\":\"pt-PT\"}]}<\/script>\n<!-- \/ Yoast SEO plugin. -->","yoast_head_json":{"title":"Ser Oblata - Hermanas Oblatas","robots":{"index":"index","follow":"follow","max-snippet":"max-snippet:-1","max-image-preview":"max-image-preview:large","max-video-preview":"max-video-preview:-1"},"canonical":"https:\/\/hermanasoblatas.org\/pt-pt\/vocacion-oblata\/ser-oblata","og_locale":"pt_PT","og_type":"article","og_title":"Ser Oblata - Hermanas Oblatas","og_description":"As oblatas s\u00e3o mulheres livres, acolhedoras, felizes, seguidoras de Jesus, que vivem sua voca\u00e7\u00e3o na Igreja e no mundo como um dom de Deus. Normalmente elas ser\u00e3o encontradas em bairros onde, tradicionalmente, foi exercida ou se exerce a prostitui\u00e7\u00e3o. Vivem em pequenas comunidades onde rezam, celebram e compartilham a vida com meninas, jovens ou mulheres &hellip; Continue lendo \"Ser Oblata\"","og_url":"https:\/\/hermanasoblatas.org\/pt-pt\/vocacion-oblata\/ser-oblata","og_site_name":"Hermanas Oblatas","article_modified_time":"2017-10-16T14:40:40+00:00","twitter_card":"summary_large_image","twitter_misc":{"Tempo estimado de leitura":"1 minuto"},"schema":{"@context":"https:\/\/schema.org","@graph":[{"@type":"WebPage","@id":"https:\/\/hermanasoblatas.org\/pt-pt\/vocacion-oblata\/ser-oblata","url":"https:\/\/hermanasoblatas.org\/pt-pt\/vocacion-oblata\/ser-oblata","name":"Ser Oblata - Hermanas Oblatas","isPartOf":{"@id":"https:\/\/hermanasoblatas.org\/#website"},"datePublished":"2017-01-23T15:01:57+00:00","dateModified":"2017-10-16T14:40:40+00:00","breadcrumb":{"@id":"https:\/\/hermanasoblatas.org\/pt-pt\/vocacion-oblata\/ser-oblata#breadcrumb"},"inLanguage":"pt-PT","potentialAction":[{"@type":"ReadAction","target":["https:\/\/hermanasoblatas.org\/pt-pt\/vocacion-oblata\/ser-oblata"]}]},{"@type":"BreadcrumbList","@id":"https:\/\/hermanasoblatas.org\/pt-pt\/vocacion-oblata\/ser-oblata#breadcrumb","itemListElement":[{"@type":"ListItem","position":1,"name":"Home","item":"https:\/\/hermanasoblatas.org\/pt-pt"},{"@type":"ListItem","position":2,"name":"Voca\u00e7\u00e3o Oblata","item":"https:\/\/hermanasoblatas.org\/pt-pt\/vocacion-oblata"},{"@type":"ListItem","position":3,"name":"Ser Oblata"}]},{"@type":"WebSite","@id":"https:\/\/hermanasoblatas.org\/#website","url":"https:\/\/hermanasoblatas.org\/","name":"Hermanas Oblatas","description":"Hermanas Oblatas del Sant\u00edsimo Redentor","potentialAction":[{"@type":"SearchAction","target":{"@type":"EntryPoint","urlTemplate":"https:\/\/hermanasoblatas.org\/?s={search_term_string}"},"query-input":{"@type":"PropertyValueSpecification","valueRequired":true,"valueName":"search_term_string"}}],"inLanguage":"pt-PT"}]}},"_links":{"self":[{"href":"https:\/\/hermanasoblatas.org\/pt-pt\/wp-json\/wp\/v2\/pages\/2197","targetHints":{"allow":["GET"]}}],"collection":[{"href":"https:\/\/hermanasoblatas.org\/pt-pt\/wp-json\/wp\/v2\/pages"}],"about":[{"href":"https:\/\/hermanasoblatas.org\/pt-pt\/wp-json\/wp\/v2\/types\/page"}],"author":[{"embeddable":true,"href":"https:\/\/hermanasoblatas.org\/pt-pt\/wp-json\/wp\/v2\/users\/3"}],"replies":[{"embeddable":true,"href":"https:\/\/hermanasoblatas.org\/pt-pt\/wp-json\/wp\/v2\/comments?post=2197"}],"version-history":[{"count":6,"href":"https:\/\/hermanasoblatas.org\/pt-pt\/wp-json\/wp\/v2\/pages\/2197\/revisions"}],"predecessor-version":[{"id":3551,"href":"https:\/\/hermanasoblatas.org\/pt-pt\/wp-json\/wp\/v2\/pages\/2197\/revisions\/3551"}],"up":[{"embeddable":true,"href":"https:\/\/hermanasoblatas.org\/pt-pt\/wp-json\/wp\/v2\/pages\/2160"}],"wp:attachment":[{"href":"https:\/\/hermanasoblatas.org\/pt-pt\/wp-json\/wp\/v2\/media?parent=2197"}],"curies":[{"name":"wp","href":"https:\/\/api.w.org\/{rel}","templated":true}]}}