{"id":2206,"date":"2016-11-24T09:10:24","date_gmt":"2016-11-24T09:10:24","guid":{"rendered":"http:\/\/hermanasoblatas.org\/vocacion-oblata\/laicado"},"modified":"2017-10-13T09:51:42","modified_gmt":"2017-10-13T07:51:42","slug":"laicado","status":"publish","type":"page","link":"https:\/\/hermanasoblatas.org\/pt-pt\/vocacion-oblata\/laicado","title":{"rendered":"Laicato"},"content":{"rendered":"<p>O laicato Oblata \u00e9 integrado por mulheres e homens de f\u00e9, seguidores de Jesus e de seu estilo de vida, que encontram no carisma e espiritualidade da Congrega\u00e7\u00e3o, uma maneira de viver sua voca\u00e7\u00e3o leiga.<\/p>\n<p>Pessoas tocadas pela realidade das mulheres que exercem a prostitui\u00e7\u00e3o e seus diferentes contextos, que se sentem chamadas\/os a comprometer-se e assumir como pr\u00f3pria, esta miss\u00e3o, desde os princ\u00edpios fundamentais: proximidade, gratuidade, solidariedade, miseric\u00f3rdia, acreditando sempre no potencial da mulher.<\/p>\n<p>A trajet\u00f3ria da Congrega\u00e7\u00e3o no caminho compartilhado com leigas e leigos, \u00e9 apresentado como um desafio a ser enfrentado com ousadia, sabedoria e criatividade, conscientes que somente de maneira conjunta, seremos capazes de atualizar a identidade carism\u00e1tica e as din\u00e2micas de transforma\u00e7\u00e3o social que dele emergem.<\/p>\n<p>Junte-se ao nosso grupo do <a href=\"https:\/\/www.facebook.com\/groups\/455742931113840\/\" target=\"_blank\">Facebook<\/a>, <a href=\"http:\/\/vocacionaloblatas.blogspot.com.es\/\" target=\"_blank\">nosso blog,<\/a> ou <a href=\"\/?page_id=42\" target=\"_blank\">escreva<\/a> para mais informa\u00e7\u00f5es.<\/p>\n<p>&nbsp;<\/p>\n<p><img loading=\"lazy\" decoding=\"async\" class=\"aligncenter wp-image-1806\" src=\"https:\/\/hermanasoblatas.org\/wp-content\/uploads\/2016\/11\/laicado-imagen3_fotomas-300x41.jpg\" alt=\"laicado imagen3_fotomas\" width=\"1240\" height=\"170\" srcset=\"https:\/\/hermanasoblatas.org\/wp-content\/uploads\/2016\/11\/laicado-imagen3_fotomas-300x41.jpg 300w, https:\/\/hermanasoblatas.org\/wp-content\/uploads\/2016\/11\/laicado-imagen3_fotomas-768x105.jpg 768w, https:\/\/hermanasoblatas.org\/wp-content\/uploads\/2016\/11\/laicado-imagen3_fotomas-1024x140.jpg 1024w, https:\/\/hermanasoblatas.org\/wp-content\/uploads\/2016\/11\/laicado-imagen3_fotomas-1200x164.jpg 1200w, https:\/\/hermanasoblatas.org\/wp-content\/uploads\/2016\/11\/laicado-imagen3_fotomas.jpg 1600w\" sizes=\"auto, (max-width: 709px) 85vw, (max-width: 909px) 67vw, (max-width: 1362px) 62vw, 840px\" \/><\/p>\n","protected":false},"excerpt":{"rendered":"<p>O laicato Oblata \u00e9 integrado por mulheres e homens de f\u00e9, seguidores de Jesus e de seu estilo de vida, que encontram no carisma e espiritualidade da Congrega\u00e7\u00e3o, uma maneira de viver sua voca\u00e7\u00e3o leiga. Pessoas tocadas pela realidade das mulheres que exercem a prostitui\u00e7\u00e3o e seus diferentes contextos, que se sentem chamadas\/os a comprometer-se &hellip; <a href=\"https:\/\/hermanasoblatas.org\/pt-pt\/vocacion-oblata\/laicado\" class=\"more-link\">Continue lendo<span class=\"screen-reader-text\"> &#8220;Laicato&#8221;<\/span><\/a><\/p>\n","protected":false},"author":3,"featured_media":0,"parent":2160,"menu_order":0,"comment_status":"closed","ping_status":"closed","template":"page-texto.php","meta":{"_acf_changed":false,"om_disable_all_campaigns":false,"_monsterinsights_skip_tracking":false,"_monsterinsights_sitenote_active":false,"_monsterinsights_sitenote_note":"","_monsterinsights_sitenote_category":0,"footnotes":""},"class_list":["post-2206","page","type-page","status-publish","hentry"],"acf":[],"yoast_head":"<!-- This site is optimized with the Yoast SEO plugin v27.3 - https:\/\/yoast.com\/product\/yoast-seo-wordpress\/ -->\n<title>Laicato - Hermanas Oblatas<\/title>\n<meta name=\"robots\" content=\"index, follow, max-snippet:-1, max-image-preview:large, max-video-preview:-1\" \/>\n<link rel=\"canonical\" href=\"https:\/\/hermanasoblatas.org\/pt-pt\/vocacion-oblata\/laicado\" \/>\n<meta property=\"og:locale\" content=\"pt_PT\" \/>\n<meta property=\"og:type\" content=\"article\" \/>\n<meta property=\"og:title\" content=\"Laicato - Hermanas Oblatas\" \/>\n<meta property=\"og:description\" content=\"O laicato Oblata \u00e9 integrado por mulheres e homens de f\u00e9, seguidores de Jesus e de seu estilo de vida, que encontram no carisma e espiritualidade da Congrega\u00e7\u00e3o, uma maneira de viver sua voca\u00e7\u00e3o leiga. Pessoas tocadas pela realidade das mulheres que exercem a prostitui\u00e7\u00e3o e seus diferentes contextos, que se sentem chamadas\/os a comprometer-se &hellip; Continue lendo &quot;Laicato&quot;\" \/>\n<meta property=\"og:url\" content=\"https:\/\/hermanasoblatas.org\/pt-pt\/vocacion-oblata\/laicado\" \/>\n<meta property=\"og:site_name\" content=\"Hermanas Oblatas\" \/>\n<meta property=\"article:modified_time\" content=\"2017-10-13T07:51:42+00:00\" \/>\n<meta property=\"og:image\" content=\"https:\/\/hermanasoblatas.org\/wp-content\/uploads\/2016\/11\/laicado-imagen3_fotomas-300x41.jpg\" \/>\n<meta name=\"twitter:card\" content=\"summary_large_image\" \/>\n<meta name=\"twitter:label1\" content=\"Tempo estimado de leitura\" \/>\n\t<meta name=\"twitter:data1\" content=\"1 minuto\" \/>\n<script type=\"application\/ld+json\" class=\"yoast-schema-graph\">{\"@context\":\"https:\\\/\\\/schema.org\",\"@graph\":[{\"@type\":\"WebPage\",\"@id\":\"https:\\\/\\\/hermanasoblatas.org\\\/pt-pt\\\/vocacion-oblata\\\/laicado\",\"url\":\"https:\\\/\\\/hermanasoblatas.org\\\/pt-pt\\\/vocacion-oblata\\\/laicado\",\"name\":\"Laicato - Hermanas Oblatas\",\"isPartOf\":{\"@id\":\"https:\\\/\\\/hermanasoblatas.org\\\/#website\"},\"primaryImageOfPage\":{\"@id\":\"https:\\\/\\\/hermanasoblatas.org\\\/pt-pt\\\/vocacion-oblata\\\/laicado#primaryimage\"},\"image\":{\"@id\":\"https:\\\/\\\/hermanasoblatas.org\\\/pt-pt\\\/vocacion-oblata\\\/laicado#primaryimage\"},\"thumbnailUrl\":\"https:\\\/\\\/hermanasoblatas.org\\\/wp-content\\\/uploads\\\/2016\\\/11\\\/laicado-imagen3_fotomas-300x41.jpg\",\"datePublished\":\"2016-11-24T09:10:24+00:00\",\"dateModified\":\"2017-10-13T07:51:42+00:00\",\"breadcrumb\":{\"@id\":\"https:\\\/\\\/hermanasoblatas.org\\\/pt-pt\\\/vocacion-oblata\\\/laicado#breadcrumb\"},\"inLanguage\":\"pt-PT\",\"potentialAction\":[{\"@type\":\"ReadAction\",\"target\":[\"https:\\\/\\\/hermanasoblatas.org\\\/pt-pt\\\/vocacion-oblata\\\/laicado\"]}]},{\"@type\":\"ImageObject\",\"inLanguage\":\"pt-PT\",\"@id\":\"https:\\\/\\\/hermanasoblatas.org\\\/pt-pt\\\/vocacion-oblata\\\/laicado#primaryimage\",\"url\":\"https:\\\/\\\/hermanasoblatas.org\\\/wp-content\\\/uploads\\\/2016\\\/11\\\/laicado-imagen3_fotomas-300x41.jpg\",\"contentUrl\":\"https:\\\/\\\/hermanasoblatas.org\\\/wp-content\\\/uploads\\\/2016\\\/11\\\/laicado-imagen3_fotomas-300x41.jpg\"},{\"@type\":\"BreadcrumbList\",\"@id\":\"https:\\\/\\\/hermanasoblatas.org\\\/pt-pt\\\/vocacion-oblata\\\/laicado#breadcrumb\",\"itemListElement\":[{\"@type\":\"ListItem\",\"position\":1,\"name\":\"Home\",\"item\":\"https:\\\/\\\/hermanasoblatas.org\\\/pt-pt\"},{\"@type\":\"ListItem\",\"position\":2,\"name\":\"Voca\u00e7\u00e3o Oblata\",\"item\":\"https:\\\/\\\/hermanasoblatas.org\\\/pt-pt\\\/vocacion-oblata\"},{\"@type\":\"ListItem\",\"position\":3,\"name\":\"Laicato\"}]},{\"@type\":\"WebSite\",\"@id\":\"https:\\\/\\\/hermanasoblatas.org\\\/#website\",\"url\":\"https:\\\/\\\/hermanasoblatas.org\\\/\",\"name\":\"Hermanas Oblatas\",\"description\":\"Hermanas Oblatas del Sant\u00edsimo Redentor\",\"potentialAction\":[{\"@type\":\"SearchAction\",\"target\":{\"@type\":\"EntryPoint\",\"urlTemplate\":\"https:\\\/\\\/hermanasoblatas.org\\\/?s={search_term_string}\"},\"query-input\":{\"@type\":\"PropertyValueSpecification\",\"valueRequired\":true,\"valueName\":\"search_term_string\"}}],\"inLanguage\":\"pt-PT\"}]}<\/script>\n<!-- \/ Yoast SEO plugin. -->","yoast_head_json":{"title":"Laicato - Hermanas Oblatas","robots":{"index":"index","follow":"follow","max-snippet":"max-snippet:-1","max-image-preview":"max-image-preview:large","max-video-preview":"max-video-preview:-1"},"canonical":"https:\/\/hermanasoblatas.org\/pt-pt\/vocacion-oblata\/laicado","og_locale":"pt_PT","og_type":"article","og_title":"Laicato - Hermanas Oblatas","og_description":"O laicato Oblata \u00e9 integrado por mulheres e homens de f\u00e9, seguidores de Jesus e de seu estilo de vida, que encontram no carisma e espiritualidade da Congrega\u00e7\u00e3o, uma maneira de viver sua voca\u00e7\u00e3o leiga. Pessoas tocadas pela realidade das mulheres que exercem a prostitui\u00e7\u00e3o e seus diferentes contextos, que se sentem chamadas\/os a comprometer-se &hellip; Continue lendo \"Laicato\"","og_url":"https:\/\/hermanasoblatas.org\/pt-pt\/vocacion-oblata\/laicado","og_site_name":"Hermanas Oblatas","article_modified_time":"2017-10-13T07:51:42+00:00","og_image":[{"url":"https:\/\/hermanasoblatas.org\/wp-content\/uploads\/2016\/11\/laicado-imagen3_fotomas-300x41.jpg","type":"","width":"","height":""}],"twitter_card":"summary_large_image","twitter_misc":{"Tempo estimado de leitura":"1 minuto"},"schema":{"@context":"https:\/\/schema.org","@graph":[{"@type":"WebPage","@id":"https:\/\/hermanasoblatas.org\/pt-pt\/vocacion-oblata\/laicado","url":"https:\/\/hermanasoblatas.org\/pt-pt\/vocacion-oblata\/laicado","name":"Laicato - Hermanas Oblatas","isPartOf":{"@id":"https:\/\/hermanasoblatas.org\/#website"},"primaryImageOfPage":{"@id":"https:\/\/hermanasoblatas.org\/pt-pt\/vocacion-oblata\/laicado#primaryimage"},"image":{"@id":"https:\/\/hermanasoblatas.org\/pt-pt\/vocacion-oblata\/laicado#primaryimage"},"thumbnailUrl":"https:\/\/hermanasoblatas.org\/wp-content\/uploads\/2016\/11\/laicado-imagen3_fotomas-300x41.jpg","datePublished":"2016-11-24T09:10:24+00:00","dateModified":"2017-10-13T07:51:42+00:00","breadcrumb":{"@id":"https:\/\/hermanasoblatas.org\/pt-pt\/vocacion-oblata\/laicado#breadcrumb"},"inLanguage":"pt-PT","potentialAction":[{"@type":"ReadAction","target":["https:\/\/hermanasoblatas.org\/pt-pt\/vocacion-oblata\/laicado"]}]},{"@type":"ImageObject","inLanguage":"pt-PT","@id":"https:\/\/hermanasoblatas.org\/pt-pt\/vocacion-oblata\/laicado#primaryimage","url":"https:\/\/hermanasoblatas.org\/wp-content\/uploads\/2016\/11\/laicado-imagen3_fotomas-300x41.jpg","contentUrl":"https:\/\/hermanasoblatas.org\/wp-content\/uploads\/2016\/11\/laicado-imagen3_fotomas-300x41.jpg"},{"@type":"BreadcrumbList","@id":"https:\/\/hermanasoblatas.org\/pt-pt\/vocacion-oblata\/laicado#breadcrumb","itemListElement":[{"@type":"ListItem","position":1,"name":"Home","item":"https:\/\/hermanasoblatas.org\/pt-pt"},{"@type":"ListItem","position":2,"name":"Voca\u00e7\u00e3o Oblata","item":"https:\/\/hermanasoblatas.org\/pt-pt\/vocacion-oblata"},{"@type":"ListItem","position":3,"name":"Laicato"}]},{"@type":"WebSite","@id":"https:\/\/hermanasoblatas.org\/#website","url":"https:\/\/hermanasoblatas.org\/","name":"Hermanas Oblatas","description":"Hermanas Oblatas del Sant\u00edsimo Redentor","potentialAction":[{"@type":"SearchAction","target":{"@type":"EntryPoint","urlTemplate":"https:\/\/hermanasoblatas.org\/?s={search_term_string}"},"query-input":{"@type":"PropertyValueSpecification","valueRequired":true,"valueName":"search_term_string"}}],"inLanguage":"pt-PT"}]}},"_links":{"self":[{"href":"https:\/\/hermanasoblatas.org\/pt-pt\/wp-json\/wp\/v2\/pages\/2206","targetHints":{"allow":["GET"]}}],"collection":[{"href":"https:\/\/hermanasoblatas.org\/pt-pt\/wp-json\/wp\/v2\/pages"}],"about":[{"href":"https:\/\/hermanasoblatas.org\/pt-pt\/wp-json\/wp\/v2\/types\/page"}],"author":[{"embeddable":true,"href":"https:\/\/hermanasoblatas.org\/pt-pt\/wp-json\/wp\/v2\/users\/3"}],"replies":[{"embeddable":true,"href":"https:\/\/hermanasoblatas.org\/pt-pt\/wp-json\/wp\/v2\/comments?post=2206"}],"version-history":[{"count":5,"href":"https:\/\/hermanasoblatas.org\/pt-pt\/wp-json\/wp\/v2\/pages\/2206\/revisions"}],"predecessor-version":[{"id":3307,"href":"https:\/\/hermanasoblatas.org\/pt-pt\/wp-json\/wp\/v2\/pages\/2206\/revisions\/3307"}],"up":[{"embeddable":true,"href":"https:\/\/hermanasoblatas.org\/pt-pt\/wp-json\/wp\/v2\/pages\/2160"}],"wp:attachment":[{"href":"https:\/\/hermanasoblatas.org\/pt-pt\/wp-json\/wp\/v2\/media?parent=2206"}],"curies":[{"name":"wp","href":"https:\/\/api.w.org\/{rel}","templated":true}]}}