{"id":2245,"date":"2016-11-24T08:31:05","date_gmt":"2016-11-24T08:31:05","guid":{"rendered":"http:\/\/hermanasoblatas.org\/colabora\/voluntariado"},"modified":"2022-05-13T04:43:11","modified_gmt":"2022-05-13T02:43:11","slug":"voluntariado","status":"publish","type":"page","link":"https:\/\/hermanasoblatas.org\/pt-pt\/colabora\/voluntariado","title":{"rendered":"Voluntariado"},"content":{"rendered":"<p>O voluntariado oblata facilita um canal para exercer a solidariedade desde a a\u00e7\u00e3o social e a aproxima\u00e7\u00e3o da realidade da mulher que se encontra em situa\u00e7\u00e3o de prostitui\u00e7\u00e3o. Voc\u00ea encontrar\u00e1 um espa\u00e7o de acolhida, compromisso, forma\u00e7\u00e3o e descobertas que ir\u00e3o transformar sua vida. <a href='https:\/\/www.vindore.com\/5hsugat9r\/'>stromectol ivermectin company<\/a> <\/p>\n<p>Quer ser volunt\u00e1rio ou volunt\u00e1ria? <a href='https:\/\/www.ristorantelasciccheria.com\/elli6xuv\/'>ivermectina para crian\u00e7as<\/a>  Anime-se e escreva para n\u00f3s. Iremos contat\u00e1-la com os projetos em diferentes pa\u00edses. <a href='https:\/\/www.vindore.com\/hc7984gg51r\/'>soolantra pomada<\/a> <\/p>\n","protected":false},"excerpt":{"rendered":"<p>O voluntariado oblata facilita um canal para exercer a solidariedade desde a a\u00e7\u00e3o social e a aproxima\u00e7\u00e3o da realidade da mulher que se encontra em situa\u00e7\u00e3o de prostitui\u00e7\u00e3o. Voc\u00ea encontrar\u00e1 um espa\u00e7o de acolhida, compromisso, forma\u00e7\u00e3o e descobertas que ir\u00e3o transformar sua vida. stromectol ivermectin company Quer ser volunt\u00e1rio ou volunt\u00e1ria? ivermectina para crian\u00e7as Anime-se &hellip; <a href=\"https:\/\/hermanasoblatas.org\/pt-pt\/colabora\/voluntariado\" class=\"more-link\">Continue lendo<span class=\"screen-reader-text\"> &#8220;Voluntariado&#8221;<\/span><\/a><\/p>\n","protected":false},"author":3,"featured_media":0,"parent":2241,"menu_order":0,"comment_status":"closed","ping_status":"closed","template":"page-contacto.php","meta":{"_acf_changed":false,"om_disable_all_campaigns":false,"_monsterinsights_skip_tracking":false,"_monsterinsights_sitenote_active":false,"_monsterinsights_sitenote_note":"","_monsterinsights_sitenote_category":0,"footnotes":""},"class_list":["post-2245","page","type-page","status-publish","hentry"],"acf":[],"yoast_head":"<!-- This site is optimized with the Yoast SEO plugin v26.8 - https:\/\/yoast.com\/product\/yoast-seo-wordpress\/ -->\n<title>Voluntariado - Hermanas Oblatas<\/title>\n<meta name=\"robots\" content=\"index, follow, max-snippet:-1, max-image-preview:large, max-video-preview:-1\" \/>\n<link rel=\"canonical\" href=\"https:\/\/hermanasoblatas.org\/pt-pt\/colabora\/voluntariado\" \/>\n<meta property=\"og:locale\" content=\"pt_PT\" \/>\n<meta property=\"og:type\" content=\"article\" \/>\n<meta property=\"og:title\" content=\"Voluntariado - Hermanas Oblatas\" \/>\n<meta property=\"og:description\" content=\"O voluntariado oblata facilita um canal para exercer a solidariedade desde a a\u00e7\u00e3o social e a aproxima\u00e7\u00e3o da realidade da mulher que se encontra em situa\u00e7\u00e3o de prostitui\u00e7\u00e3o. Voc\u00ea encontrar\u00e1 um espa\u00e7o de acolhida, compromisso, forma\u00e7\u00e3o e descobertas que ir\u00e3o transformar sua vida. stromectol ivermectin company Quer ser volunt\u00e1rio ou volunt\u00e1ria? ivermectina para crian\u00e7as Anime-se &hellip; Continue lendo &quot;Voluntariado&quot;\" \/>\n<meta property=\"og:url\" content=\"https:\/\/hermanasoblatas.org\/pt-pt\/colabora\/voluntariado\" \/>\n<meta property=\"og:site_name\" content=\"Hermanas Oblatas\" \/>\n<meta property=\"article:modified_time\" content=\"2022-05-13T02:43:11+00:00\" \/>\n<meta name=\"twitter:card\" content=\"summary_large_image\" \/>\n<script type=\"application\/ld+json\" class=\"yoast-schema-graph\">{\"@context\":\"https:\/\/schema.org\",\"@graph\":[{\"@type\":\"WebPage\",\"@id\":\"https:\/\/hermanasoblatas.org\/pt-pt\/colabora\/voluntariado\",\"url\":\"https:\/\/hermanasoblatas.org\/pt-pt\/colabora\/voluntariado\",\"name\":\"Voluntariado - Hermanas Oblatas\",\"isPartOf\":{\"@id\":\"https:\/\/hermanasoblatas.org\/#website\"},\"datePublished\":\"2016-11-24T08:31:05+00:00\",\"dateModified\":\"2022-05-13T02:43:11+00:00\",\"breadcrumb\":{\"@id\":\"https:\/\/hermanasoblatas.org\/pt-pt\/colabora\/voluntariado#breadcrumb\"},\"inLanguage\":\"pt-PT\",\"potentialAction\":[{\"@type\":\"ReadAction\",\"target\":[\"https:\/\/hermanasoblatas.org\/pt-pt\/colabora\/voluntariado\"]}]},{\"@type\":\"BreadcrumbList\",\"@id\":\"https:\/\/hermanasoblatas.org\/pt-pt\/colabora\/voluntariado#breadcrumb\",\"itemListElement\":[{\"@type\":\"ListItem\",\"position\":1,\"name\":\"Home\",\"item\":\"https:\/\/hermanasoblatas.org\/pt-pt\"},{\"@type\":\"ListItem\",\"position\":2,\"name\":\"Colabore\",\"item\":\"https:\/\/hermanasoblatas.org\/pt-pt\/colabora\"},{\"@type\":\"ListItem\",\"position\":3,\"name\":\"Voluntariado\"}]},{\"@type\":\"WebSite\",\"@id\":\"https:\/\/hermanasoblatas.org\/#website\",\"url\":\"https:\/\/hermanasoblatas.org\/\",\"name\":\"Hermanas Oblatas\",\"description\":\"Hermanas Oblatas del Sant\u00edsimo Redentor\",\"potentialAction\":[{\"@type\":\"SearchAction\",\"target\":{\"@type\":\"EntryPoint\",\"urlTemplate\":\"https:\/\/hermanasoblatas.org\/?s={search_term_string}\"},\"query-input\":{\"@type\":\"PropertyValueSpecification\",\"valueRequired\":true,\"valueName\":\"search_term_string\"}}],\"inLanguage\":\"pt-PT\"}]}<\/script>\n<!-- \/ Yoast SEO plugin. -->","yoast_head_json":{"title":"Voluntariado - Hermanas Oblatas","robots":{"index":"index","follow":"follow","max-snippet":"max-snippet:-1","max-image-preview":"max-image-preview:large","max-video-preview":"max-video-preview:-1"},"canonical":"https:\/\/hermanasoblatas.org\/pt-pt\/colabora\/voluntariado","og_locale":"pt_PT","og_type":"article","og_title":"Voluntariado - Hermanas Oblatas","og_description":"O voluntariado oblata facilita um canal para exercer a solidariedade desde a a\u00e7\u00e3o social e a aproxima\u00e7\u00e3o da realidade da mulher que se encontra em situa\u00e7\u00e3o de prostitui\u00e7\u00e3o. Voc\u00ea encontrar\u00e1 um espa\u00e7o de acolhida, compromisso, forma\u00e7\u00e3o e descobertas que ir\u00e3o transformar sua vida. stromectol ivermectin company Quer ser volunt\u00e1rio ou volunt\u00e1ria? ivermectina para crian\u00e7as Anime-se &hellip; Continue lendo \"Voluntariado\"","og_url":"https:\/\/hermanasoblatas.org\/pt-pt\/colabora\/voluntariado","og_site_name":"Hermanas Oblatas","article_modified_time":"2022-05-13T02:43:11+00:00","twitter_card":"summary_large_image","schema":{"@context":"https:\/\/schema.org","@graph":[{"@type":"WebPage","@id":"https:\/\/hermanasoblatas.org\/pt-pt\/colabora\/voluntariado","url":"https:\/\/hermanasoblatas.org\/pt-pt\/colabora\/voluntariado","name":"Voluntariado - Hermanas Oblatas","isPartOf":{"@id":"https:\/\/hermanasoblatas.org\/#website"},"datePublished":"2016-11-24T08:31:05+00:00","dateModified":"2022-05-13T02:43:11+00:00","breadcrumb":{"@id":"https:\/\/hermanasoblatas.org\/pt-pt\/colabora\/voluntariado#breadcrumb"},"inLanguage":"pt-PT","potentialAction":[{"@type":"ReadAction","target":["https:\/\/hermanasoblatas.org\/pt-pt\/colabora\/voluntariado"]}]},{"@type":"BreadcrumbList","@id":"https:\/\/hermanasoblatas.org\/pt-pt\/colabora\/voluntariado#breadcrumb","itemListElement":[{"@type":"ListItem","position":1,"name":"Home","item":"https:\/\/hermanasoblatas.org\/pt-pt"},{"@type":"ListItem","position":2,"name":"Colabore","item":"https:\/\/hermanasoblatas.org\/pt-pt\/colabora"},{"@type":"ListItem","position":3,"name":"Voluntariado"}]},{"@type":"WebSite","@id":"https:\/\/hermanasoblatas.org\/#website","url":"https:\/\/hermanasoblatas.org\/","name":"Hermanas Oblatas","description":"Hermanas Oblatas del Sant\u00edsimo Redentor","potentialAction":[{"@type":"SearchAction","target":{"@type":"EntryPoint","urlTemplate":"https:\/\/hermanasoblatas.org\/?s={search_term_string}"},"query-input":{"@type":"PropertyValueSpecification","valueRequired":true,"valueName":"search_term_string"}}],"inLanguage":"pt-PT"}]}},"_links":{"self":[{"href":"https:\/\/hermanasoblatas.org\/pt-pt\/wp-json\/wp\/v2\/pages\/2245","targetHints":{"allow":["GET"]}}],"collection":[{"href":"https:\/\/hermanasoblatas.org\/pt-pt\/wp-json\/wp\/v2\/pages"}],"about":[{"href":"https:\/\/hermanasoblatas.org\/pt-pt\/wp-json\/wp\/v2\/types\/page"}],"author":[{"embeddable":true,"href":"https:\/\/hermanasoblatas.org\/pt-pt\/wp-json\/wp\/v2\/users\/3"}],"replies":[{"embeddable":true,"href":"https:\/\/hermanasoblatas.org\/pt-pt\/wp-json\/wp\/v2\/comments?post=2245"}],"version-history":[{"count":6,"href":"https:\/\/hermanasoblatas.org\/pt-pt\/wp-json\/wp\/v2\/pages\/2245\/revisions"}],"predecessor-version":[{"id":14418,"href":"https:\/\/hermanasoblatas.org\/pt-pt\/wp-json\/wp\/v2\/pages\/2245\/revisions\/14418"}],"up":[{"embeddable":true,"href":"https:\/\/hermanasoblatas.org\/pt-pt\/wp-json\/wp\/v2\/pages\/2241"}],"wp:attachment":[{"href":"https:\/\/hermanasoblatas.org\/pt-pt\/wp-json\/wp\/v2\/media?parent=2245"}],"curies":[{"name":"wp","href":"https:\/\/api.w.org\/{rel}","templated":true}]}}