{"id":2252,"date":"2016-11-24T08:31:24","date_gmt":"2016-11-24T08:31:24","guid":{"rendered":"http:\/\/hermanasoblatas.org\/colabora\/donacion"},"modified":"2017-10-13T09:51:37","modified_gmt":"2017-10-13T07:51:37","slug":"donacion","status":"publish","type":"page","link":"https:\/\/hermanasoblatas.org\/pt-pt\/colabora\/donacion","title":{"rendered":"Doa\u00e7\u00f5es"},"content":{"rendered":"<p><strong>COLABORE COM ESTA CAUSA!<\/strong><\/p>\n<p>Voc\u00ea pode ajudar as mulheres em contextos de prostitui\u00e7\u00e3o ou v\u00edtimas do tr\u00e1fico para que tenham uma nova oportunidade. Sua doa\u00e7\u00e3o ser\u00e1 gerenciada por nossa Funda\u00e7\u00e3o Serra \u2013 Sch\u00f6nthal e 100% ser\u00e1 para apoiar os projetos sociais.<\/p>\n<p>Fa\u00e7a sua contribui\u00e7\u00e3o na conta:<\/p>\n<p><strong>ES50- 0049- 5124- 6221- 1641- 6040 (Banco Santander de Espanha, SWIFVT: BSCHESMMXXX).<\/strong><\/p>\n","protected":false},"excerpt":{"rendered":"<p>COLABORE COM ESTA CAUSA! Voc\u00ea pode ajudar as mulheres em contextos de prostitui\u00e7\u00e3o ou v\u00edtimas do tr\u00e1fico para que tenham uma nova oportunidade. Sua doa\u00e7\u00e3o ser\u00e1 gerenciada por nossa Funda\u00e7\u00e3o Serra \u2013 Sch\u00f6nthal e 100% ser\u00e1 para apoiar os projetos sociais. Fa\u00e7a sua contribui\u00e7\u00e3o na conta: ES50- 0049- 5124- 6221- 1641- 6040 (Banco Santander de &hellip; <a href=\"https:\/\/hermanasoblatas.org\/pt-pt\/colabora\/donacion\" class=\"more-link\">Continue lendo<span class=\"screen-reader-text\"> &#8220;Doa\u00e7\u00f5es&#8221;<\/span><\/a><\/p>\n","protected":false},"author":3,"featured_media":0,"parent":2241,"menu_order":0,"comment_status":"closed","ping_status":"closed","template":"page-contacto.php","meta":{"_acf_changed":false,"om_disable_all_campaigns":false,"_monsterinsights_skip_tracking":false,"_monsterinsights_sitenote_active":false,"_monsterinsights_sitenote_note":"","_monsterinsights_sitenote_category":0,"footnotes":""},"class_list":["post-2252","page","type-page","status-publish","hentry"],"acf":[],"yoast_head":"<!-- This site is optimized with the Yoast SEO plugin v27.3 - https:\/\/yoast.com\/product\/yoast-seo-wordpress\/ -->\n<title>Doa\u00e7\u00f5es - Hermanas Oblatas<\/title>\n<meta name=\"robots\" content=\"index, follow, max-snippet:-1, max-image-preview:large, max-video-preview:-1\" \/>\n<link rel=\"canonical\" href=\"https:\/\/hermanasoblatas.org\/pt-pt\/colabora\/donacion\" \/>\n<meta property=\"og:locale\" content=\"pt_PT\" \/>\n<meta property=\"og:type\" content=\"article\" \/>\n<meta property=\"og:title\" content=\"Doa\u00e7\u00f5es - Hermanas Oblatas\" \/>\n<meta property=\"og:description\" content=\"COLABORE COM ESTA CAUSA! Voc\u00ea pode ajudar as mulheres em contextos de prostitui\u00e7\u00e3o ou v\u00edtimas do tr\u00e1fico para que tenham uma nova oportunidade. Sua doa\u00e7\u00e3o ser\u00e1 gerenciada por nossa Funda\u00e7\u00e3o Serra \u2013 Sch\u00f6nthal e 100% ser\u00e1 para apoiar os projetos sociais. Fa\u00e7a sua contribui\u00e7\u00e3o na conta: ES50- 0049- 5124- 6221- 1641- 6040 (Banco Santander de &hellip; Continue lendo &quot;Doa\u00e7\u00f5es&quot;\" \/>\n<meta property=\"og:url\" content=\"https:\/\/hermanasoblatas.org\/pt-pt\/colabora\/donacion\" \/>\n<meta property=\"og:site_name\" content=\"Hermanas Oblatas\" \/>\n<meta property=\"article:modified_time\" content=\"2017-10-13T07:51:37+00:00\" \/>\n<meta name=\"twitter:card\" content=\"summary_large_image\" \/>\n<script type=\"application\/ld+json\" class=\"yoast-schema-graph\">{\"@context\":\"https:\\\/\\\/schema.org\",\"@graph\":[{\"@type\":\"WebPage\",\"@id\":\"https:\\\/\\\/hermanasoblatas.org\\\/pt-pt\\\/colabora\\\/donacion\",\"url\":\"https:\\\/\\\/hermanasoblatas.org\\\/pt-pt\\\/colabora\\\/donacion\",\"name\":\"Doa\u00e7\u00f5es - Hermanas Oblatas\",\"isPartOf\":{\"@id\":\"https:\\\/\\\/hermanasoblatas.org\\\/#website\"},\"datePublished\":\"2016-11-24T08:31:24+00:00\",\"dateModified\":\"2017-10-13T07:51:37+00:00\",\"breadcrumb\":{\"@id\":\"https:\\\/\\\/hermanasoblatas.org\\\/pt-pt\\\/colabora\\\/donacion#breadcrumb\"},\"inLanguage\":\"pt-PT\",\"potentialAction\":[{\"@type\":\"ReadAction\",\"target\":[\"https:\\\/\\\/hermanasoblatas.org\\\/pt-pt\\\/colabora\\\/donacion\"]}]},{\"@type\":\"BreadcrumbList\",\"@id\":\"https:\\\/\\\/hermanasoblatas.org\\\/pt-pt\\\/colabora\\\/donacion#breadcrumb\",\"itemListElement\":[{\"@type\":\"ListItem\",\"position\":1,\"name\":\"Home\",\"item\":\"https:\\\/\\\/hermanasoblatas.org\\\/pt-pt\"},{\"@type\":\"ListItem\",\"position\":2,\"name\":\"Colabore\",\"item\":\"https:\\\/\\\/hermanasoblatas.org\\\/pt-pt\\\/colabora\"},{\"@type\":\"ListItem\",\"position\":3,\"name\":\"Doa\u00e7\u00f5es\"}]},{\"@type\":\"WebSite\",\"@id\":\"https:\\\/\\\/hermanasoblatas.org\\\/#website\",\"url\":\"https:\\\/\\\/hermanasoblatas.org\\\/\",\"name\":\"Hermanas Oblatas\",\"description\":\"Hermanas Oblatas del Sant\u00edsimo Redentor\",\"potentialAction\":[{\"@type\":\"SearchAction\",\"target\":{\"@type\":\"EntryPoint\",\"urlTemplate\":\"https:\\\/\\\/hermanasoblatas.org\\\/?s={search_term_string}\"},\"query-input\":{\"@type\":\"PropertyValueSpecification\",\"valueRequired\":true,\"valueName\":\"search_term_string\"}}],\"inLanguage\":\"pt-PT\"}]}<\/script>\n<!-- \/ Yoast SEO plugin. -->","yoast_head_json":{"title":"Doa\u00e7\u00f5es - Hermanas Oblatas","robots":{"index":"index","follow":"follow","max-snippet":"max-snippet:-1","max-image-preview":"max-image-preview:large","max-video-preview":"max-video-preview:-1"},"canonical":"https:\/\/hermanasoblatas.org\/pt-pt\/colabora\/donacion","og_locale":"pt_PT","og_type":"article","og_title":"Doa\u00e7\u00f5es - Hermanas Oblatas","og_description":"COLABORE COM ESTA CAUSA! Voc\u00ea pode ajudar as mulheres em contextos de prostitui\u00e7\u00e3o ou v\u00edtimas do tr\u00e1fico para que tenham uma nova oportunidade. Sua doa\u00e7\u00e3o ser\u00e1 gerenciada por nossa Funda\u00e7\u00e3o Serra \u2013 Sch\u00f6nthal e 100% ser\u00e1 para apoiar os projetos sociais. Fa\u00e7a sua contribui\u00e7\u00e3o na conta: ES50- 0049- 5124- 6221- 1641- 6040 (Banco Santander de &hellip; Continue lendo \"Doa\u00e7\u00f5es\"","og_url":"https:\/\/hermanasoblatas.org\/pt-pt\/colabora\/donacion","og_site_name":"Hermanas Oblatas","article_modified_time":"2017-10-13T07:51:37+00:00","twitter_card":"summary_large_image","schema":{"@context":"https:\/\/schema.org","@graph":[{"@type":"WebPage","@id":"https:\/\/hermanasoblatas.org\/pt-pt\/colabora\/donacion","url":"https:\/\/hermanasoblatas.org\/pt-pt\/colabora\/donacion","name":"Doa\u00e7\u00f5es - Hermanas Oblatas","isPartOf":{"@id":"https:\/\/hermanasoblatas.org\/#website"},"datePublished":"2016-11-24T08:31:24+00:00","dateModified":"2017-10-13T07:51:37+00:00","breadcrumb":{"@id":"https:\/\/hermanasoblatas.org\/pt-pt\/colabora\/donacion#breadcrumb"},"inLanguage":"pt-PT","potentialAction":[{"@type":"ReadAction","target":["https:\/\/hermanasoblatas.org\/pt-pt\/colabora\/donacion"]}]},{"@type":"BreadcrumbList","@id":"https:\/\/hermanasoblatas.org\/pt-pt\/colabora\/donacion#breadcrumb","itemListElement":[{"@type":"ListItem","position":1,"name":"Home","item":"https:\/\/hermanasoblatas.org\/pt-pt"},{"@type":"ListItem","position":2,"name":"Colabore","item":"https:\/\/hermanasoblatas.org\/pt-pt\/colabora"},{"@type":"ListItem","position":3,"name":"Doa\u00e7\u00f5es"}]},{"@type":"WebSite","@id":"https:\/\/hermanasoblatas.org\/#website","url":"https:\/\/hermanasoblatas.org\/","name":"Hermanas Oblatas","description":"Hermanas Oblatas del Sant\u00edsimo Redentor","potentialAction":[{"@type":"SearchAction","target":{"@type":"EntryPoint","urlTemplate":"https:\/\/hermanasoblatas.org\/?s={search_term_string}"},"query-input":{"@type":"PropertyValueSpecification","valueRequired":true,"valueName":"search_term_string"}}],"inLanguage":"pt-PT"}]}},"_links":{"self":[{"href":"https:\/\/hermanasoblatas.org\/pt-pt\/wp-json\/wp\/v2\/pages\/2252","targetHints":{"allow":["GET"]}}],"collection":[{"href":"https:\/\/hermanasoblatas.org\/pt-pt\/wp-json\/wp\/v2\/pages"}],"about":[{"href":"https:\/\/hermanasoblatas.org\/pt-pt\/wp-json\/wp\/v2\/types\/page"}],"author":[{"embeddable":true,"href":"https:\/\/hermanasoblatas.org\/pt-pt\/wp-json\/wp\/v2\/users\/3"}],"replies":[{"embeddable":true,"href":"https:\/\/hermanasoblatas.org\/pt-pt\/wp-json\/wp\/v2\/comments?post=2252"}],"version-history":[{"count":3,"href":"https:\/\/hermanasoblatas.org\/pt-pt\/wp-json\/wp\/v2\/pages\/2252\/revisions"}],"predecessor-version":[{"id":3374,"href":"https:\/\/hermanasoblatas.org\/pt-pt\/wp-json\/wp\/v2\/pages\/2252\/revisions\/3374"}],"up":[{"embeddable":true,"href":"https:\/\/hermanasoblatas.org\/pt-pt\/wp-json\/wp\/v2\/pages\/2241"}],"wp:attachment":[{"href":"https:\/\/hermanasoblatas.org\/pt-pt\/wp-json\/wp\/v2\/media?parent=2252"}],"curies":[{"name":"wp","href":"https:\/\/api.w.org\/{rel}","templated":true}]}}