{"id":3438,"date":"2016-11-16T15:18:00","date_gmt":"2016-11-16T15:18:00","guid":{"rendered":"http:\/\/hermanasoblatas.org\/las-mujeres-hablan"},"modified":"2017-10-13T15:46:01","modified_gmt":"2017-10-13T13:46:01","slug":"las-mujeres-hablan","status":"publish","type":"page","link":"https:\/\/hermanasoblatas.org\/pt-pt\/las-mujeres-hablan","title":{"rendered":"As mulheres falam"},"content":{"rendered":"<h3><strong>As mulheres falam<\/strong><\/h3>\n<p>As mulheres em nossos projetos falam sobre sua fam\u00edlia, sua situa\u00e7\u00e3o, suas aspira\u00e7\u00f5es e desejos, e seu relacionamento com a congrega\u00e7\u00e3o e nosso fundador. Gritos, esperan\u00e7as, necessidades e sonhos reunidos nos pa\u00edses em que a fam\u00edlia Oblata cumpre sua miss\u00e3o. Essas frases foram extra\u00eddas do &#8220;estudo congregacional de prostitui\u00e7\u00e3o e tr\u00e1fico para fins de explora\u00e7\u00e3o sexual&#8221; realizado em 2011, no qual a voz de 725 mulheres foi escrita.<\/p>\n<p>Al\u00e9m do Studio, voc\u00ea tamb\u00e9m pode ver esses v\u00eddeos clamorosos em alguns de nossos projetos: <a href=\"https:\/\/www.youtube.com\/watch?v=mZPQUWKPC10&amp;t=17s\" target=\"_blank\">Territorios Solidarios<\/a>\u00a0o <a href=\"https:\/\/www.youtube.com\/watch?v=uvXhhDCroOY\" target=\"_blank\">O que a vida fez da gente<\/a>.<\/p>\n<p>Leia um resumo da opini\u00e3o das mulheres sobre o nosso trabalho, neste <a href=\"https:\/\/hermanasoblatas.org\/wp-content\/uploads\/2016\/11\/PARA-LAS-MUJERES-HABLAN1.pdf\">link<\/a>.<\/p>\n<p>Olhe para a m\u00fasica realizada pelas mulheres do projeto de San Benedetto del Tronto (It\u00e1lia) sobre n\u00f3s, neste <a href=\"https:\/\/www.youtube.com\/watch?v=bXEPSPDZTLQ\" target=\"_blank\">VIDEO<\/a><\/p>\n<p>Voc\u00ea tamb\u00e9m pode ler mais opini\u00f5es, ordenadas por temas, nas se\u00e7\u00f5es a seguir.<\/p>\n<p>&nbsp;<\/p>\n","protected":false},"excerpt":{"rendered":"<p>As mulheres falam As mulheres em nossos projetos falam sobre sua fam\u00edlia, sua situa\u00e7\u00e3o, suas aspira\u00e7\u00f5es e desejos, e seu relacionamento com a congrega\u00e7\u00e3o e nosso fundador. Gritos, esperan\u00e7as, necessidades e sonhos reunidos nos pa\u00edses em que a fam\u00edlia Oblata cumpre sua miss\u00e3o. Essas frases foram extra\u00eddas do &#8220;estudo congregacional de prostitui\u00e7\u00e3o e tr\u00e1fico para &hellip; <a href=\"https:\/\/hermanasoblatas.org\/pt-pt\/las-mujeres-hablan\" class=\"more-link\">Continue lendo<span class=\"screen-reader-text\"> &#8220;As mulheres falam&#8221;<\/span><\/a><\/p>\n","protected":false},"author":3,"featured_media":0,"parent":0,"menu_order":0,"comment_status":"closed","ping_status":"closed","template":"page-las-mujeres-hablan-categorias.php","meta":{"_acf_changed":false,"om_disable_all_campaigns":false,"_monsterinsights_skip_tracking":false,"_monsterinsights_sitenote_active":false,"_monsterinsights_sitenote_note":"","_monsterinsights_sitenote_category":0,"footnotes":""},"class_list":["post-3438","page","type-page","status-publish","hentry"],"acf":[],"yoast_head":"<!-- This site is optimized with the Yoast SEO plugin v26.8 - https:\/\/yoast.com\/product\/yoast-seo-wordpress\/ -->\n<title>As mulheres falam - Hermanas Oblatas<\/title>\n<meta name=\"robots\" content=\"index, follow, max-snippet:-1, max-image-preview:large, max-video-preview:-1\" \/>\n<link rel=\"canonical\" href=\"https:\/\/hermanasoblatas.org\/pt-pt\/las-mujeres-hablan\" \/>\n<meta property=\"og:locale\" content=\"pt_PT\" \/>\n<meta property=\"og:type\" content=\"article\" \/>\n<meta property=\"og:title\" content=\"As mulheres falam - Hermanas Oblatas\" \/>\n<meta property=\"og:description\" content=\"As mulheres falam As mulheres em nossos projetos falam sobre sua fam\u00edlia, sua situa\u00e7\u00e3o, suas aspira\u00e7\u00f5es e desejos, e seu relacionamento com a congrega\u00e7\u00e3o e nosso fundador. Gritos, esperan\u00e7as, necessidades e sonhos reunidos nos pa\u00edses em que a fam\u00edlia Oblata cumpre sua miss\u00e3o. Essas frases foram extra\u00eddas do &#8220;estudo congregacional de prostitui\u00e7\u00e3o e tr\u00e1fico para &hellip; Continue lendo &quot;As mulheres falam&quot;\" \/>\n<meta property=\"og:url\" content=\"https:\/\/hermanasoblatas.org\/pt-pt\/las-mujeres-hablan\" \/>\n<meta property=\"og:site_name\" content=\"Hermanas Oblatas\" \/>\n<meta property=\"article:modified_time\" content=\"2017-10-13T13:46:01+00:00\" \/>\n<meta name=\"twitter:card\" content=\"summary_large_image\" \/>\n<meta name=\"twitter:label1\" content=\"Tempo estimado de leitura\" \/>\n\t<meta name=\"twitter:data1\" content=\"1 minuto\" \/>\n<script type=\"application\/ld+json\" class=\"yoast-schema-graph\">{\"@context\":\"https:\/\/schema.org\",\"@graph\":[{\"@type\":\"WebPage\",\"@id\":\"https:\/\/hermanasoblatas.org\/pt-pt\/las-mujeres-hablan\",\"url\":\"https:\/\/hermanasoblatas.org\/pt-pt\/las-mujeres-hablan\",\"name\":\"As mulheres falam - Hermanas Oblatas\",\"isPartOf\":{\"@id\":\"https:\/\/hermanasoblatas.org\/#website\"},\"datePublished\":\"2016-11-16T15:18:00+00:00\",\"dateModified\":\"2017-10-13T13:46:01+00:00\",\"breadcrumb\":{\"@id\":\"https:\/\/hermanasoblatas.org\/pt-pt\/las-mujeres-hablan#breadcrumb\"},\"inLanguage\":\"pt-PT\",\"potentialAction\":[{\"@type\":\"ReadAction\",\"target\":[\"https:\/\/hermanasoblatas.org\/pt-pt\/las-mujeres-hablan\"]}]},{\"@type\":\"BreadcrumbList\",\"@id\":\"https:\/\/hermanasoblatas.org\/pt-pt\/las-mujeres-hablan#breadcrumb\",\"itemListElement\":[{\"@type\":\"ListItem\",\"position\":1,\"name\":\"Home\",\"item\":\"https:\/\/hermanasoblatas.org\/pt-pt\"},{\"@type\":\"ListItem\",\"position\":2,\"name\":\"As mulheres falam\"}]},{\"@type\":\"WebSite\",\"@id\":\"https:\/\/hermanasoblatas.org\/#website\",\"url\":\"https:\/\/hermanasoblatas.org\/\",\"name\":\"Hermanas Oblatas\",\"description\":\"Hermanas Oblatas del Sant\u00edsimo Redentor\",\"potentialAction\":[{\"@type\":\"SearchAction\",\"target\":{\"@type\":\"EntryPoint\",\"urlTemplate\":\"https:\/\/hermanasoblatas.org\/?s={search_term_string}\"},\"query-input\":{\"@type\":\"PropertyValueSpecification\",\"valueRequired\":true,\"valueName\":\"search_term_string\"}}],\"inLanguage\":\"pt-PT\"}]}<\/script>\n<!-- \/ Yoast SEO plugin. -->","yoast_head_json":{"title":"As mulheres falam - Hermanas Oblatas","robots":{"index":"index","follow":"follow","max-snippet":"max-snippet:-1","max-image-preview":"max-image-preview:large","max-video-preview":"max-video-preview:-1"},"canonical":"https:\/\/hermanasoblatas.org\/pt-pt\/las-mujeres-hablan","og_locale":"pt_PT","og_type":"article","og_title":"As mulheres falam - Hermanas Oblatas","og_description":"As mulheres falam As mulheres em nossos projetos falam sobre sua fam\u00edlia, sua situa\u00e7\u00e3o, suas aspira\u00e7\u00f5es e desejos, e seu relacionamento com a congrega\u00e7\u00e3o e nosso fundador. Gritos, esperan\u00e7as, necessidades e sonhos reunidos nos pa\u00edses em que a fam\u00edlia Oblata cumpre sua miss\u00e3o. Essas frases foram extra\u00eddas do &#8220;estudo congregacional de prostitui\u00e7\u00e3o e tr\u00e1fico para &hellip; Continue lendo \"As mulheres falam\"","og_url":"https:\/\/hermanasoblatas.org\/pt-pt\/las-mujeres-hablan","og_site_name":"Hermanas Oblatas","article_modified_time":"2017-10-13T13:46:01+00:00","twitter_card":"summary_large_image","twitter_misc":{"Tempo estimado de leitura":"1 minuto"},"schema":{"@context":"https:\/\/schema.org","@graph":[{"@type":"WebPage","@id":"https:\/\/hermanasoblatas.org\/pt-pt\/las-mujeres-hablan","url":"https:\/\/hermanasoblatas.org\/pt-pt\/las-mujeres-hablan","name":"As mulheres falam - Hermanas Oblatas","isPartOf":{"@id":"https:\/\/hermanasoblatas.org\/#website"},"datePublished":"2016-11-16T15:18:00+00:00","dateModified":"2017-10-13T13:46:01+00:00","breadcrumb":{"@id":"https:\/\/hermanasoblatas.org\/pt-pt\/las-mujeres-hablan#breadcrumb"},"inLanguage":"pt-PT","potentialAction":[{"@type":"ReadAction","target":["https:\/\/hermanasoblatas.org\/pt-pt\/las-mujeres-hablan"]}]},{"@type":"BreadcrumbList","@id":"https:\/\/hermanasoblatas.org\/pt-pt\/las-mujeres-hablan#breadcrumb","itemListElement":[{"@type":"ListItem","position":1,"name":"Home","item":"https:\/\/hermanasoblatas.org\/pt-pt"},{"@type":"ListItem","position":2,"name":"As mulheres falam"}]},{"@type":"WebSite","@id":"https:\/\/hermanasoblatas.org\/#website","url":"https:\/\/hermanasoblatas.org\/","name":"Hermanas Oblatas","description":"Hermanas Oblatas del Sant\u00edsimo Redentor","potentialAction":[{"@type":"SearchAction","target":{"@type":"EntryPoint","urlTemplate":"https:\/\/hermanasoblatas.org\/?s={search_term_string}"},"query-input":{"@type":"PropertyValueSpecification","valueRequired":true,"valueName":"search_term_string"}}],"inLanguage":"pt-PT"}]}},"_links":{"self":[{"href":"https:\/\/hermanasoblatas.org\/pt-pt\/wp-json\/wp\/v2\/pages\/3438","targetHints":{"allow":["GET"]}}],"collection":[{"href":"https:\/\/hermanasoblatas.org\/pt-pt\/wp-json\/wp\/v2\/pages"}],"about":[{"href":"https:\/\/hermanasoblatas.org\/pt-pt\/wp-json\/wp\/v2\/types\/page"}],"author":[{"embeddable":true,"href":"https:\/\/hermanasoblatas.org\/pt-pt\/wp-json\/wp\/v2\/users\/3"}],"replies":[{"embeddable":true,"href":"https:\/\/hermanasoblatas.org\/pt-pt\/wp-json\/wp\/v2\/comments?post=3438"}],"version-history":[{"count":5,"href":"https:\/\/hermanasoblatas.org\/pt-pt\/wp-json\/wp\/v2\/pages\/3438\/revisions"}],"predecessor-version":[{"id":3516,"href":"https:\/\/hermanasoblatas.org\/pt-pt\/wp-json\/wp\/v2\/pages\/3438\/revisions\/3516"}],"wp:attachment":[{"href":"https:\/\/hermanasoblatas.org\/pt-pt\/wp-json\/wp\/v2\/media?parent=3438"}],"curies":[{"name":"wp","href":"https:\/\/api.w.org\/{rel}","templated":true}]}}